{"id":153828,"date":"2021-01-15T12:53:03","date_gmt":"2021-01-15T12:53:03","guid":{"rendered":"https:\/\/codengine3.ch\/?product=import-placeholder-for-204692"},"modified":"2022-04-29T12:36:53","modified_gmt":"2022-04-29T10:36:53","slug":"frankreich-pyrenaeenweg-gr-10","status":"publish","type":"product","link":"https:\/\/pizbube.ch\/en\/shop\/frankreich-pyrenaeenweg-gr-10\/","title":{"rendered":"Frankreich: Pyren\u00e4enweg GR 10"},"content":{"rendered":"<p>Der GR 10 ist einer der bekanntesten Fernwanderwege Frankreichs. Von Hendaye<br \/>\nan der franz\u00f6sischen Atlantikk\u00fcste wandern Sie \u00fcber 933 km und ca. 50.000<br \/>\nH\u00f6henmeter entlang der franz\u00f6sisch-spanischen Grenze bis nach Banyuls-sur-Mer<br \/>\nam Mittelmeer. Unterwegs erleben Sie eine beeindruckende Landschaft mit<br \/>\npittoresken D\u00f6rfern, herrlichen Gebirgsseen und einigen der h\u00f6chsten Gipfel<br \/>\nder Pyren\u00e4en.<\/p>\n<p>Die oft sehr steilen An- und Abstiege erfordern dabei eine gute Kondition. Der<br \/>\nWanderf\u00fchrer liefert eine detaillierte Beschreibung des GR 10 mit hilfreichen<br \/>\nInformationen zu Unterk\u00fcnften, Verpflegungsm\u00f6glichkeiten und \u00f6ffentlichen<br \/>\nVerkehrsmitteln. Genaue Karten, H\u00f6henprofile und ein GPS-Track erleichtern<br \/>\nbeim Wandern die Orientierung.<\/p>","protected":false},"excerpt":{"rendered":"<ul>\n<li><a href=\"https:\/\/pizbube.ch\/wp-content\/uploads\/attachments\/a_015\/5CC651CAA91BB39B681BE049D57DDC56.pdf\" target=\"_blank\" rel=\"noopener\">PDF: Leseprobe_GR10.pdf<\/a><\/li>\n<\/ul>","protected":false},"featured_media":33017,"template":"","meta":[],"product_brand":[],"product_cat":[21605],"product_tag":[],"class_list":{"0":"post-153828","1":"product","2":"type-product","3":"status-publish","4":"has-post-thumbnail","6":"product_cat-wanderfuehrer-trekking","7":"pa_autor-goeren","8":"pa_erscheinungsjahr-21546","9":"pa_region-spanien","10":"pa_sprache-de","12":"first","13":"instock","14":"taxable","15":"shipping-taxable","16":"purchasable","17":"product-type-simple"},"_links":{"self":[{"href":"https:\/\/pizbube.ch\/en\/wp-json\/wp\/v2\/product\/153828","targetHints":{"allow":["GET"]}}],"collection":[{"href":"https:\/\/pizbube.ch\/en\/wp-json\/wp\/v2\/product"}],"about":[{"href":"https:\/\/pizbube.ch\/en\/wp-json\/wp\/v2\/types\/product"}],"wp:featuredmedia":[{"embeddable":true,"href":"https:\/\/pizbube.ch\/en\/wp-json\/wp\/v2\/media\/33017"}],"wp:attachment":[{"href":"https:\/\/pizbube.ch\/en\/wp-json\/wp\/v2\/media?parent=153828"}],"wp:term":[{"taxonomy":"product_brand","embeddable":true,"href":"https:\/\/pizbube.ch\/en\/wp-json\/wp\/v2\/product_brand?post=153828"},{"taxonomy":"product_cat","embeddable":true,"href":"https:\/\/pizbube.ch\/en\/wp-json\/wp\/v2\/product_cat?post=153828"},{"taxonomy":"product_tag","embeddable":true,"href":"https:\/\/pizbube.ch\/en\/wp-json\/wp\/v2\/product_tag?post=153828"}],"curies":[{"name":"wp","href":"https:\/\/api.w.org\/{rel}","templated":true}]}}