{"id":153830,"date":"2021-01-15T12:53:04","date_gmt":"2021-01-15T12:53:04","guid":{"rendered":"https:\/\/codengine3.ch\/?product=import-placeholder-for-205285"},"modified":"2021-01-15T14:40:07","modified_gmt":"2021-01-15T14:40:07","slug":"schweiz-alpenpassroute-outdoorhandbuch-band-209","status":"publish","type":"product","link":"https:\/\/pizbube.ch\/en\/shop\/schweiz-alpenpassroute-outdoorhandbuch-band-209\/","title":{"rendered":"Schweiz: Alpenpassroute (OutdoorHandbuch Band 209)"},"content":{"rendered":"<p>Die Alpenpassroute ist ein alpiner Wanderweg, der von Sargans im Nordosten der<br \/>\nSchweiz nach Montreux im S\u00fcdwesten f\u00fchrt, d.h. vom Alpenrhein zum Genfer See.<br \/>\nWie der Name vermuten l\u00e4sst, werden zahlreiche Alpenp\u00e4sse \u00fcberquert; es sind<br \/>\nderer 18 an der Zahl. Der h\u00f6chste Punkt der Route wird auf dem Hoht\u00fcrli<br \/>\nerreicht (2778 m), der tiefste Punkt liegt in Montreux (390 m). Die ca. 330 km<br \/>\nlange Gesamttour l\u00e4sst sich in 18 Etappen bew\u00e4ltigen, wobei die jeweilige<br \/>\nGehzeit zwischen 4 und 8 Stunden liegt. Der Reiz der Alpenpassroute liegt<br \/>\ndarin, dass nicht nur unterschiedliche alpine Regionen der Schweiz durchquert,<br \/>\nsondern dass auch benachbarte bekannte Alpenmassive gestreift werden. So ist<br \/>\nes sicher ein unvergessliches Erlebnis, an den an und f\u00fcr sich schwer<br \/>\nzug\u00e4nglichen Glarner und Berner Alpen vorbei gewandert zu sein und auf die<br \/>\ngletscherbedeckten Drei- und Viertausender geschaut zu haben. Aber auch die<br \/>\n\u00dcberquerung der einzelnen Alpenp\u00e4sse selbst ist eindrucksvoll, insofern jeder<br \/>\nPass\u00fcbergang seine Eigenart und seinen Reiz hat.  <\/p>\n<p>Seien es die gras\u00fcberwachsenen P\u00e4sse zu Beginn der Tour oder seien es die<br \/>\nsp\u00e4ter folgenden steilen und schroffen P\u00e4sse in der N\u00e4he eisgepanzerter<br \/>\nGipfel. Es ist schwer, einem der P\u00e4sse einen Vorzug zu geben. Und auch die<br \/>\nEigenarten der Tallandschaften machen die Alpenpassroute zu einem<br \/>\neinzigartigen Erlebnis, sei es das enge Sernftal bei Elm, der breite Talboden<br \/>\nder Reuss oder das schon s\u00fcdlich anmutende obere Tal des Hongrin. Dar\u00fcber<br \/>\nhinaus findet nicht nur ein Wechsel der durchwanderten Natur statt, sondern<br \/>\nauch eine allm\u00e4hliche Ver\u00e4nderung der kulturellen Umgebung. Von der<br \/>\ndeutschsprachigen gelangen Sie letztendlich in die franz\u00f6sischsprachige<br \/>\nSchweiz. Aber nicht nur die Sprache, sondern auch die K\u00fcche, die Hausformen<br \/>\nund die D\u00f6rfer \u00e4ndern sich. Auch das macht die Tour abwechslungsreich.<br \/>\n79 Seiten, 20 Farbkarten, 6 weitere Karten, 19 farbige Abbildungen  <\/p>","protected":false},"excerpt":{"rendered":"<p>Die Alpenpassroute ist ein alpiner Wanderweg, der von Sargans im Nordosten der Schweiz nach Montreux im S\u00fcdwesten f\u00fchrt, d.h. vom Alpenrhein zum Genfer See. Wie der Name vermuten l\u00e4sst, werden zahlreiche Alpenp\u00e4sse \u00fcberquert; es sind derer 18 an der Zahl. Der h\u00f6chste Punkt der Route wird auf dem Hoht\u00fcrli erreicht (2778 m), der tiefste Punkt [&#8230;]\n","protected":false},"featured_media":33950,"template":"","meta":[],"product_brand":[],"product_cat":[21605],"product_tag":[],"class_list":{"0":"post-153830","1":"product","2":"type-product","3":"status-publish","4":"has-post-thumbnail","6":"product_cat-wanderfuehrer-trekking","7":"pa_autor-hoenl","8":"pa_erscheinungsjahr-21591","9":"pa_region-schweiz","10":"pa_sprache-de","12":"first","13":"outofstock","14":"taxable","15":"shipping-taxable","16":"purchasable","17":"product-type-simple"},"_links":{"self":[{"href":"https:\/\/pizbube.ch\/en\/wp-json\/wp\/v2\/product\/153830","targetHints":{"allow":["GET"]}}],"collection":[{"href":"https:\/\/pizbube.ch\/en\/wp-json\/wp\/v2\/product"}],"about":[{"href":"https:\/\/pizbube.ch\/en\/wp-json\/wp\/v2\/types\/product"}],"wp:featuredmedia":[{"embeddable":true,"href":"https:\/\/pizbube.ch\/en\/wp-json\/wp\/v2\/media\/33950"}],"wp:attachment":[{"href":"https:\/\/pizbube.ch\/en\/wp-json\/wp\/v2\/media?parent=153830"}],"wp:term":[{"taxonomy":"product_brand","embeddable":true,"href":"https:\/\/pizbube.ch\/en\/wp-json\/wp\/v2\/product_brand?post=153830"},{"taxonomy":"product_cat","embeddable":true,"href":"https:\/\/pizbube.ch\/en\/wp-json\/wp\/v2\/product_cat?post=153830"},{"taxonomy":"product_tag","embeddable":true,"href":"https:\/\/pizbube.ch\/en\/wp-json\/wp\/v2\/product_tag?post=153830"}],"curies":[{"name":"wp","href":"https:\/\/api.w.org\/{rel}","templated":true}]}}