{"id":153831,"date":"2021-01-15T12:53:04","date_gmt":"2021-01-15T12:53:04","guid":{"rendered":"https:\/\/codengine3.ch\/?product=import-placeholder-for-205731"},"modified":"2021-01-15T14:43:29","modified_gmt":"2021-01-15T14:43:29","slug":"schweiz-tour-du-wildhorn","status":"publish","type":"product","link":"https:\/\/pizbube.ch\/en\/shop\/schweiz-tour-du-wildhorn\/","title":{"rendered":"Schweiz: Tour du Wildhorn"},"content":{"rendered":"<p>\nDas Wildhorn ist mit 3.248 m \u00fc.M. die h\u00f6chste Erhebung im westlichen Teil der<br \/>\nBerner Alpen. Auf dem Gipfel treffen die Kantone Bern und Wallis zusammen und<br \/>\nrund um das vergletscherte Massiv verl\u00e4uft die Tour du Wildhorn. Sie ist eine<br \/>\n5-t\u00e4gige Weitwanderung in grandioser Hochgebirgsszenerie. Eine anspruchsvolle<br \/>\nRunde, die Trittsicherheit, Kondition und Bergerfahrung erfordert.  <\/p>\n<p>Die Wanderung verl\u00e4uft in H\u00f6henlagen zwischen 1.000 und 3.000 m, da m\u00fcssen<br \/>\nauch schon mal 1.000 HM im Auf- oder Abstieg bew\u00e4ltigt werden. Man \u00fcberquert<br \/>\nP\u00e4sse wie den Col des Eaux Froides oder den Rawilpass und \u00fcbernachtet in<br \/>\nromantischen Bergh\u00fctten wie der Wildhorn- oder der Geltenh\u00fctte. Die t\u00e4glichen<br \/>\nGehzeiten variieren zwischen 4 und 6 Std. und lassen noch gen\u00fcgend Raum, um<br \/>\nvariantenreich einen Gipfel zu besteigen oder um Ruhepausen einzulegen Jede<br \/>\nEtappe hat ihren eigenen Reiz, f\u00fchrt die Route doch sowohl durch karge,<br \/>\nfelsige Landschaften als auch durch beweidete, gr\u00fcne Alpregionen.<\/p>\n<p>1. Auflage 2009, 83 Seiten, 8 Karten, 31 farbige Abbildungen, 6 farbige<br \/>\nH\u00f6henprofile  <\/p>","protected":false},"excerpt":{"rendered":"<p>Das Wildhorn ist mit 3.248 m \u00fc.M. die h\u00f6chste Erhebung im westlichen Teil der Berner Alpen. Auf dem Gipfel treffen die Kantone Bern und Wallis zusammen und rund um das vergletscherte Massiv verl\u00e4uft die Tour du Wildhorn. Sie ist eine 5-t\u00e4gige Weitwanderung in grandioser Hochgebirgsszenerie. Eine anspruchsvolle Runde, die Trittsicherheit, Kondition und Bergerfahrung erfordert. Die [&#8230;]\n","protected":false},"featured_media":34547,"template":"","meta":[],"product_brand":[],"product_cat":[21605],"product_tag":[],"class_list":{"0":"post-153831","1":"product","2":"type-product","3":"status-publish","4":"has-post-thumbnail","6":"product_cat-wanderfuehrer-trekking","7":"pa_autor-ihle","8":"pa_erscheinungsjahr-21693","9":"pa_region-schweiz","10":"pa_sprache-de","12":"first","13":"outofstock","14":"taxable","15":"shipping-taxable","16":"purchasable","17":"product-type-simple"},"_links":{"self":[{"href":"https:\/\/pizbube.ch\/en\/wp-json\/wp\/v2\/product\/153831","targetHints":{"allow":["GET"]}}],"collection":[{"href":"https:\/\/pizbube.ch\/en\/wp-json\/wp\/v2\/product"}],"about":[{"href":"https:\/\/pizbube.ch\/en\/wp-json\/wp\/v2\/types\/product"}],"wp:featuredmedia":[{"embeddable":true,"href":"https:\/\/pizbube.ch\/en\/wp-json\/wp\/v2\/media\/34547"}],"wp:attachment":[{"href":"https:\/\/pizbube.ch\/en\/wp-json\/wp\/v2\/media?parent=153831"}],"wp:term":[{"taxonomy":"product_brand","embeddable":true,"href":"https:\/\/pizbube.ch\/en\/wp-json\/wp\/v2\/product_brand?post=153831"},{"taxonomy":"product_cat","embeddable":true,"href":"https:\/\/pizbube.ch\/en\/wp-json\/wp\/v2\/product_cat?post=153831"},{"taxonomy":"product_tag","embeddable":true,"href":"https:\/\/pizbube.ch\/en\/wp-json\/wp\/v2\/product_tag?post=153831"}],"curies":[{"name":"wp","href":"https:\/\/api.w.org\/{rel}","templated":true}]}}