{"id":153832,"date":"2021-01-15T12:53:04","date_gmt":"2021-01-15T12:53:04","guid":{"rendered":"https:\/\/codengine3.ch\/?product=import-placeholder-for-208263"},"modified":"2026-01-07T10:30:21","modified_gmt":"2026-01-07T09:30:21","slug":"via-alpina-die-schweizer-alpen-in-20-etappen-ueberqueren","status":"publish","type":"product","link":"https:\/\/pizbube.ch\/en\/shop\/via-alpina-die-schweizer-alpen-in-20-etappen-ueberqueren\/","title":{"rendered":"Via Alpina &#8211; Die Schweizer Alpen in 20 Etappen \u00fcberqueren"},"content":{"rendered":"<p>Wandern Sie \u00fcber Bergwiesen, P\u00e4sse und T\u00e4ler<\/p>\n<p>Die Via Alpina verbindet Montreux mit Vaduz, und das auf den sch\u00f6nsten Wegen<br \/>\nder Schweiz. Sie k\u00f6nnen nun diese wunderbaren symboltr\u00e4chtigen Landschaften<br \/>\nwiederentdecken. Dieses Buch zeigt Ihnen verschneite Bergk\u00e4mme und Gipfel,<br \/>\nspektakul\u00e4re Gletscher und Schl\u00fcnde, Chalets und W\u00e4ldchen, Alpk\u00fche und<br \/>\nBergk\u00e4se.<\/p>\n<p>Ob Sie eine versierte Wanderin sind oder ein \u00fcberzeugter Genussmensch, hier<br \/>\ngibt es was f\u00fcr jeden Geschmack! Hier gibt es eine majest\u00e4tische Sicht auf die<br \/>\nAlpen, aufgeteilt in 20 Etappen und \u00fcber 390 Kilometer verteilt.<\/p>\n<p>Dieser Guide liefert alle f\u00fcr die Planung Ihrer Wanderung n\u00f6tigen Ausk\u00fcnfte:<br \/>\nH\u00f6henunterschied, Wanderzeit, Kilometeranzahl und Schwierigkeitsgrad, aber<br \/>\nauch Unterk\u00fcnfte und Gasth\u00e4user auf der Route. Sie k\u00f6nnen den ganzen Weg<br \/>\nbeschreiten, aber auch nur ein paar Etappen.<\/p>\n<p>Kartonierter Einband,<br \/>\n192 Seiten<\/p>\n<p>Nachdruck 2026 (3. Auflage 2023)<\/p>","protected":false},"excerpt":{"rendered":"<p>Wandern Sie \u00fcber Bergwiesen, P\u00e4sse und T\u00e4ler Die Via Alpina verbindet Montreux mit Vaduz, und das auf den sch\u00f6nsten Wegen der Schweiz. Sie k\u00f6nnen nun diese wunderbaren symboltr\u00e4chtigen Landschaften wiederentdecken. Dieses Buch zeigt Ihnen verschneite Bergk\u00e4mme und Gipfel, spektakul\u00e4re Gletscher und Schl\u00fcnde, Chalets und W\u00e4ldchen, Alpk\u00fche und Bergk\u00e4se. Ob Sie eine versierte Wanderin sind oder [&#8230;]\n","protected":false},"featured_media":176734,"template":"","meta":[],"product_brand":[],"product_cat":[21605],"product_tag":[],"class_list":{"0":"post-153832","1":"product","2":"type-product","3":"status-publish","4":"has-post-thumbnail","6":"product_cat-wanderfuehrer-trekking","7":"pa_autor-zelenka-grandjean","8":"pa_erscheinungsjahr-27654","9":"pa_region-schweiz","10":"pa_sprache-de","12":"first","13":"instock","14":"taxable","15":"shipping-taxable","16":"purchasable","17":"product-type-simple"},"_links":{"self":[{"href":"https:\/\/pizbube.ch\/en\/wp-json\/wp\/v2\/product\/153832","targetHints":{"allow":["GET"]}}],"collection":[{"href":"https:\/\/pizbube.ch\/en\/wp-json\/wp\/v2\/product"}],"about":[{"href":"https:\/\/pizbube.ch\/en\/wp-json\/wp\/v2\/types\/product"}],"wp:featuredmedia":[{"embeddable":true,"href":"https:\/\/pizbube.ch\/en\/wp-json\/wp\/v2\/media\/176734"}],"wp:attachment":[{"href":"https:\/\/pizbube.ch\/en\/wp-json\/wp\/v2\/media?parent=153832"}],"wp:term":[{"taxonomy":"product_brand","embeddable":true,"href":"https:\/\/pizbube.ch\/en\/wp-json\/wp\/v2\/product_brand?post=153832"},{"taxonomy":"product_cat","embeddable":true,"href":"https:\/\/pizbube.ch\/en\/wp-json\/wp\/v2\/product_cat?post=153832"},{"taxonomy":"product_tag","embeddable":true,"href":"https:\/\/pizbube.ch\/en\/wp-json\/wp\/v2\/product_tag?post=153832"}],"curies":[{"name":"wp","href":"https:\/\/api.w.org\/{rel}","templated":true}]}}