{"id":153834,"date":"2021-01-15T12:53:05","date_gmt":"2021-01-15T12:53:05","guid":{"rendered":"https:\/\/codengine3.ch\/?product=import-placeholder-for-206052"},"modified":"2021-01-15T14:46:00","modified_gmt":"2021-01-15T14:46:00","slug":"mountainbikeland-schweiz-band-4-highlights-west","status":"publish","type":"product","link":"https:\/\/pizbube.ch\/en\/shop\/mountainbikeland-schweiz-band-4-highlights-west\/","title":{"rendered":"Mountainbikeland Schweiz Band 4 Highlights West"},"content":{"rendered":"<p>Band 4 der Routenf\u00fchrer f\u00fcr das Mountainbikeland Schweiz enth\u00e4lt alle<br \/>\nInformationen zu 7 regionalen Routen westlich von Olten. Dazu z\u00e4hlen folgende<br \/>\nStrecken: &#8218;Valais Alpine Bike&#8216; (R43), &#8218;Chasseral-Weissenstein Bike&#8216; (R44),<br \/>\n&#8218;Gottardo Bike&#8216; (R65), &#8218;Lugano Bike&#8216; (R66), &#8218;Alpes de la R\u00e9gion du L\u00e9man Bike&#8216;<br \/>\n(R68), &#8218;Napf Bike&#8216; (R77) und &#8218;Valais Panorama Bike&#8216; (R88).<br \/>\nDetaillierte Angaben zu jeder Route pr\u00e4gen das Buch, dazu geben hervorragende<br \/>\nBilder einen Eindruck von den Strecken. Das Buch enth\u00e4lt zudem genaue<br \/>\nRoutenkarten im Massstab 1:100&#8217;000, die auf reiss- und wasserfestes<br \/>\nSpezialpapier gedruckt sind und herausgetrennt werden k\u00f6nnen.<br \/>\n&#8211; Detailangaben zu jeder Route<br \/>\n&#8211; Routenkarten 1:100&#8217;000 auf reiss-\/wasserfestem Spezialpapier<br \/>\n&#8211; Viele Bilder von den Strecken  <\/p>","protected":false},"excerpt":{"rendered":"<p>Band 4 der Routenf\u00fchrer f\u00fcr das Mountainbikeland Schweiz enth\u00e4lt alle Informationen zu 7 regionalen Routen westlich von Olten. Dazu z\u00e4hlen folgende Strecken: &#8218;Valais Alpine Bike&#8216; (R43), &#8218;Chasseral-Weissenstein Bike&#8216; (R44), &#8218;Gottardo Bike&#8216; (R65), &#8218;Lugano Bike&#8216; (R66), &#8218;Alpes de la R\u00e9gion du L\u00e9man Bike&#8216; (R68), &#8218;Napf Bike&#8216; (R77) und &#8218;Valais Panorama Bike&#8216; (R88). Detaillierte Angaben zu jeder [&#8230;]\n","protected":false},"featured_media":34947,"template":"","meta":[],"product_brand":[],"product_cat":[21606],"product_tag":[],"class_list":{"0":"post-153834","1":"product","2":"type-product","3":"status-publish","4":"has-post-thumbnail","6":"product_cat-mountainbikefuehrer","7":"pa_autor-spaeth","8":"pa_erscheinungsjahr-21591","9":"pa_region-schweiz","10":"pa_sprache-de","12":"first","13":"instock","14":"taxable","15":"shipping-taxable","16":"purchasable","17":"product-type-simple"},"_links":{"self":[{"href":"https:\/\/pizbube.ch\/en\/wp-json\/wp\/v2\/product\/153834","targetHints":{"allow":["GET"]}}],"collection":[{"href":"https:\/\/pizbube.ch\/en\/wp-json\/wp\/v2\/product"}],"about":[{"href":"https:\/\/pizbube.ch\/en\/wp-json\/wp\/v2\/types\/product"}],"wp:featuredmedia":[{"embeddable":true,"href":"https:\/\/pizbube.ch\/en\/wp-json\/wp\/v2\/media\/34947"}],"wp:attachment":[{"href":"https:\/\/pizbube.ch\/en\/wp-json\/wp\/v2\/media?parent=153834"}],"wp:term":[{"taxonomy":"product_brand","embeddable":true,"href":"https:\/\/pizbube.ch\/en\/wp-json\/wp\/v2\/product_brand?post=153834"},{"taxonomy":"product_cat","embeddable":true,"href":"https:\/\/pizbube.ch\/en\/wp-json\/wp\/v2\/product_cat?post=153834"},{"taxonomy":"product_tag","embeddable":true,"href":"https:\/\/pizbube.ch\/en\/wp-json\/wp\/v2\/product_tag?post=153834"}],"curies":[{"name":"wp","href":"https:\/\/api.w.org\/{rel}","templated":true}]}}