{"id":153835,"date":"2021-01-15T12:53:05","date_gmt":"2021-01-15T12:53:05","guid":{"rendered":"https:\/\/codengine3.ch\/?product=import-placeholder-for-205306"},"modified":"2021-01-15T14:40:14","modified_gmt":"2021-01-15T14:40:14","slug":"vtt-dans-le-massif-du-jura-france-et-suisse","status":"publish","type":"product","link":"https:\/\/pizbube.ch\/en\/shop\/vtt-dans-le-massif-du-jura-france-et-suisse\/","title":{"rendered":"VTT dans le massif du Jura (France et Suisse)"},"content":{"rendered":"<p>Massif du Jura<br \/>\nFrance et Suisse  <\/p>\n<p>Avec plus de 1300 kilom\u00e8tres de chemins et de sentiers, ce premier et seul<br \/>\nguide VTT sur l&#8217;ensemble du massif du Jura est un concentr\u00e9 d&#8217;itin\u00e9raires qui<br \/>\nvous donnera un aper\u00e7u de la richesse des parcours VTT dans le secteur.<\/p>","protected":false},"excerpt":{"rendered":"<p>Massif du Jura France et Suisse Avec plus de 1300 kilom\u00e8tres de chemins et de sentiers, ce premier et seul guide VTT sur l&#8217;ensemble du massif du Jura est un concentr\u00e9 d&#8217;itin\u00e9raires qui vous donnera un aper\u00e7u de la richesse des parcours VTT dans le secteur.<\/p>","protected":false},"featured_media":33975,"template":"","meta":[],"product_brand":[],"product_cat":[21606],"product_tag":[],"class_list":{"0":"post-153835","1":"product","2":"type-product","3":"status-publish","4":"has-post-thumbnail","6":"product_cat-mountainbikefuehrer","7":"pa_autor-martin","8":"pa_erscheinungsjahr-21591","9":"pa_region-schweiz","10":"pa_sprache-fr","12":"first","13":"instock","14":"taxable","15":"shipping-taxable","16":"purchasable","17":"product-type-simple"},"_links":{"self":[{"href":"https:\/\/pizbube.ch\/en\/wp-json\/wp\/v2\/product\/153835","targetHints":{"allow":["GET"]}}],"collection":[{"href":"https:\/\/pizbube.ch\/en\/wp-json\/wp\/v2\/product"}],"about":[{"href":"https:\/\/pizbube.ch\/en\/wp-json\/wp\/v2\/types\/product"}],"wp:featuredmedia":[{"embeddable":true,"href":"https:\/\/pizbube.ch\/en\/wp-json\/wp\/v2\/media\/33975"}],"wp:attachment":[{"href":"https:\/\/pizbube.ch\/en\/wp-json\/wp\/v2\/media?parent=153835"}],"wp:term":[{"taxonomy":"product_brand","embeddable":true,"href":"https:\/\/pizbube.ch\/en\/wp-json\/wp\/v2\/product_brand?post=153835"},{"taxonomy":"product_cat","embeddable":true,"href":"https:\/\/pizbube.ch\/en\/wp-json\/wp\/v2\/product_cat?post=153835"},{"taxonomy":"product_tag","embeddable":true,"href":"https:\/\/pizbube.ch\/en\/wp-json\/wp\/v2\/product_tag?post=153835"}],"curies":[{"name":"wp","href":"https:\/\/api.w.org\/{rel}","templated":true}]}}