{"id":153836,"date":"2021-01-15T12:53:05","date_gmt":"2021-01-15T12:53:05","guid":{"rendered":"https:\/\/codengine3.ch\/?product=import-placeholder-for-203004"},"modified":"2021-01-15T12:53:14","modified_gmt":"2021-01-15T12:53:14","slug":"rheintal-praettigau-mittelbuenden","status":"publish","type":"product","link":"https:\/\/pizbube.ch\/en\/shop\/rheintal-praettigau-mittelbuenden\/","title":{"rendered":"Rheintal \/ Pr\u00e4ttigau \/ Mittelb\u00fcnden"},"content":{"rendered":"<p>B\u00fcndner Wanderf\u00fchrer 3  <\/p>\n<p>Das liebliche B\u00fcndner Rheintal, das abwechslungsreiche Pr\u00e4ttigau, die<br \/>\nspannenden Hochebenen von Davos, Arosa und Lenzerheide und das kulturreiche<br \/>\nAlbulatal bieten reizvolle Wanderm\u00f6glichkeiten. Dieser BAW-Wanderf\u00fchrer<br \/>\nbegleitet Sie dabei mit detaillierten Routenbeschreibungen und -k\u00e4rtchen,<br \/>\nWegh\u00f6henprofilen, Distanz- und Zeit\u00fcbersichten, Hinweisen auf Gastst\u00e4tten und<br \/>\nvielen n\u00fctzlichen Tipps.  <\/p>","protected":false},"excerpt":{"rendered":"<p>B\u00fcndner Wanderf\u00fchrer 3 Das liebliche B\u00fcndner Rheintal, das abwechslungsreiche Pr\u00e4ttigau, die spannenden Hochebenen von Davos, Arosa und Lenzerheide und das kulturreiche Albulatal bieten reizvolle Wanderm\u00f6glichkeiten. Dieser BAW-Wanderf\u00fchrer begleitet Sie dabei mit detaillierten Routenbeschreibungen und -k\u00e4rtchen, Wegh\u00f6henprofilen, Distanz- und Zeit\u00fcbersichten, Hinweisen auf Gastst\u00e4tten und vielen n\u00fctzlichen Tipps.<\/p>","protected":false},"featured_media":30509,"template":"","meta":[],"product_brand":[],"product_cat":[21605],"product_tag":[],"class_list":{"0":"post-153836","1":"product","2":"type-product","3":"status-publish","4":"has-post-thumbnail","6":"product_cat-wanderfuehrer-trekking","7":"pa_autor-bamert","8":"pa_erscheinungsjahr-21693","9":"pa_region-schweiz","10":"pa_sprache-de","12":"first","13":"instock","14":"taxable","15":"shipping-taxable","16":"purchasable","17":"product-type-simple"},"_links":{"self":[{"href":"https:\/\/pizbube.ch\/en\/wp-json\/wp\/v2\/product\/153836","targetHints":{"allow":["GET"]}}],"collection":[{"href":"https:\/\/pizbube.ch\/en\/wp-json\/wp\/v2\/product"}],"about":[{"href":"https:\/\/pizbube.ch\/en\/wp-json\/wp\/v2\/types\/product"}],"wp:featuredmedia":[{"embeddable":true,"href":"https:\/\/pizbube.ch\/en\/wp-json\/wp\/v2\/media\/30509"}],"wp:attachment":[{"href":"https:\/\/pizbube.ch\/en\/wp-json\/wp\/v2\/media?parent=153836"}],"wp:term":[{"taxonomy":"product_brand","embeddable":true,"href":"https:\/\/pizbube.ch\/en\/wp-json\/wp\/v2\/product_brand?post=153836"},{"taxonomy":"product_cat","embeddable":true,"href":"https:\/\/pizbube.ch\/en\/wp-json\/wp\/v2\/product_cat?post=153836"},{"taxonomy":"product_tag","embeddable":true,"href":"https:\/\/pizbube.ch\/en\/wp-json\/wp\/v2\/product_tag?post=153836"}],"curies":[{"name":"wp","href":"https:\/\/api.w.org\/{rel}","templated":true}]}}