{"id":153839,"date":"2021-01-15T12:53:12","date_gmt":"2021-01-15T12:53:12","guid":{"rendered":"https:\/\/codengine3.ch\/?product=import-placeholder-for-203007"},"modified":"2021-01-15T12:53:15","modified_gmt":"2021-01-15T12:53:15","slug":"vias-ferratas-y-caminos-equipados-en-la-pensinsula-iberica","status":"publish","type":"product","link":"https:\/\/pizbube.ch\/en\/shop\/vias-ferratas-y-caminos-equipados-en-la-pensinsula-iberica\/","title":{"rendered":"Vias ferratas y caminos equipados en la Pensinsula Iberica"},"content":{"rendered":"<p>Casi 70 propuestas en las que podremos disfrutar desde f\u00e1ciles itinerarios a<br \/>\ncomplicadas y atl\u00e9ticas v\u00edas. Con una descripci\u00f3n pormenorizada de cada<br \/>\nitinerario, con su correspondiente ficha t\u00e9cnica, croquis de situaci\u00f3n y las<br \/>\nfotograf\u00edas m\u00e1s representativas. Adem\u00e1s, la gu\u00eda incluye una parte preliminar<br \/>\ncon toda la informaci\u00f3n necesaria sobre historia, material, t\u00e9cnica y<br \/>\nseguridad, y, que sin duda, ser\u00e1 de gran utilidad a todos los que decid\u00e1is<br \/>\niniciaros en esta apasionante actividad.<br \/>\nCataluna, Aragon, Andorra, Andalucia, Cantabria, Valencia.<\/p>","protected":false},"excerpt":{"rendered":"<p>Casi 70 propuestas en las que podremos disfrutar desde f\u00e1ciles itinerarios a complicadas y atl\u00e9ticas v\u00edas. Con una descripci\u00f3n pormenorizada de cada itinerario, con su correspondiente ficha t\u00e9cnica, croquis de situaci\u00f3n y las fotograf\u00edas m\u00e1s representativas. Adem\u00e1s, la gu\u00eda incluye una parte preliminar con toda la informaci\u00f3n necesaria sobre historia, material, t\u00e9cnica y seguridad, y, [&#8230;]\n","protected":false},"featured_media":30512,"template":"","meta":[],"product_brand":[],"product_cat":[21544],"product_tag":[],"class_list":{"0":"post-153839","1":"product","2":"type-product","3":"status-publish","4":"has-post-thumbnail","6":"product_cat-fuehrerliteratur-alpin-sommer","7":"pa_autor-fores","8":"pa_erscheinungsjahr-22292","9":"pa_region-spanien","10":"pa_sprache-sp","12":"first","13":"instock","14":"taxable","15":"shipping-taxable","16":"purchasable","17":"product-type-simple"},"_links":{"self":[{"href":"https:\/\/pizbube.ch\/en\/wp-json\/wp\/v2\/product\/153839","targetHints":{"allow":["GET"]}}],"collection":[{"href":"https:\/\/pizbube.ch\/en\/wp-json\/wp\/v2\/product"}],"about":[{"href":"https:\/\/pizbube.ch\/en\/wp-json\/wp\/v2\/types\/product"}],"wp:featuredmedia":[{"embeddable":true,"href":"https:\/\/pizbube.ch\/en\/wp-json\/wp\/v2\/media\/30512"}],"wp:attachment":[{"href":"https:\/\/pizbube.ch\/en\/wp-json\/wp\/v2\/media?parent=153839"}],"wp:term":[{"taxonomy":"product_brand","embeddable":true,"href":"https:\/\/pizbube.ch\/en\/wp-json\/wp\/v2\/product_brand?post=153839"},{"taxonomy":"product_cat","embeddable":true,"href":"https:\/\/pizbube.ch\/en\/wp-json\/wp\/v2\/product_cat?post=153839"},{"taxonomy":"product_tag","embeddable":true,"href":"https:\/\/pizbube.ch\/en\/wp-json\/wp\/v2\/product_tag?post=153839"}],"curies":[{"name":"wp","href":"https:\/\/api.w.org\/{rel}","templated":true}]}}