{"id":153840,"date":"2021-01-15T12:53:12","date_gmt":"2021-01-15T12:53:12","guid":{"rendered":"https:\/\/codengine3.ch\/?product=import-placeholder-for-206399"},"modified":"2021-01-15T14:48:40","modified_gmt":"2021-01-15T14:48:40","slug":"las-100-cumbres-mas-prominentes-de-la-peninsula-iberica","status":"publish","type":"product","link":"https:\/\/pizbube.ch\/en\/shop\/las-100-cumbres-mas-prominentes-de-la-peninsula-iberica\/","title":{"rendered":"Las 100 cumbres m\u00e1s prominentes de la pen\u00ednsula Ib\u00e9rica"},"content":{"rendered":"<p>En estas p\u00e1ginas encontrar\u00e9is informaci\u00f3n detallada para subir a cada una de<br \/>\nlas 100 cumbres m\u00e1s prominentes de la Pen\u00ednsula Ib\u00e9rica, y adem\u00e1s ver\u00e9is<br \/>\ndirecciones de Internet en las que aparecen listados similares de otras muchas<br \/>\nzonas del globo terr\u00e1queo. Descubrir\u00e9is que ya hay mucha gente &#8218;adicta&#8216; a este<br \/>\ncurioso concepto porque la prominencia es, y sobre todo ser\u00e1, una herramienta<br \/>\nvital para determinar la &#8218;estatura&#8216; real de cada monta\u00f1a, al compararla con<br \/>\ncuantas tiene a su alrededor. Aplicando este criterio podr\u00e9is construir<br \/>\nlistados de rincones concretos de cada macizo o provincia. La prominencia es,<br \/>\nal fin y al cabo, una nueva disculpa para seguir cabalgando por nuestras<br \/>\nmonta\u00f1as, y conocer as\u00ed m\u00e1s a fondo nuestra geograf\u00eda.  <\/p>","protected":false},"excerpt":{"rendered":"<p>En estas p\u00e1ginas encontrar\u00e9is informaci\u00f3n detallada para subir a cada una de las 100 cumbres m\u00e1s prominentes de la Pen\u00ednsula Ib\u00e9rica, y adem\u00e1s ver\u00e9is direcciones de Internet en las que aparecen listados similares de otras muchas zonas del globo terr\u00e1queo. Descubrir\u00e9is que ya hay mucha gente &#8218;adicta&#8216; a este curioso concepto porque la prominencia es, [&#8230;]\n","protected":false},"featured_media":35421,"template":"","meta":[],"product_brand":[],"product_cat":[21544],"product_tag":[],"class_list":{"0":"post-153840","1":"product","2":"type-product","3":"status-publish","4":"has-post-thumbnail","6":"product_cat-fuehrerliteratur-alpin-sommer","7":"pa_autor-hernandez","8":"pa_erscheinungsjahr-21610","9":"pa_region-spanien","10":"pa_sprache-sp","12":"first","13":"instock","14":"taxable","15":"shipping-taxable","16":"purchasable","17":"product-type-simple"},"_links":{"self":[{"href":"https:\/\/pizbube.ch\/en\/wp-json\/wp\/v2\/product\/153840","targetHints":{"allow":["GET"]}}],"collection":[{"href":"https:\/\/pizbube.ch\/en\/wp-json\/wp\/v2\/product"}],"about":[{"href":"https:\/\/pizbube.ch\/en\/wp-json\/wp\/v2\/types\/product"}],"wp:featuredmedia":[{"embeddable":true,"href":"https:\/\/pizbube.ch\/en\/wp-json\/wp\/v2\/media\/35421"}],"wp:attachment":[{"href":"https:\/\/pizbube.ch\/en\/wp-json\/wp\/v2\/media?parent=153840"}],"wp:term":[{"taxonomy":"product_brand","embeddable":true,"href":"https:\/\/pizbube.ch\/en\/wp-json\/wp\/v2\/product_brand?post=153840"},{"taxonomy":"product_cat","embeddable":true,"href":"https:\/\/pizbube.ch\/en\/wp-json\/wp\/v2\/product_cat?post=153840"},{"taxonomy":"product_tag","embeddable":true,"href":"https:\/\/pizbube.ch\/en\/wp-json\/wp\/v2\/product_tag?post=153840"}],"curies":[{"name":"wp","href":"https:\/\/api.w.org\/{rel}","templated":true}]}}