{"id":153841,"date":"2021-01-15T12:53:12","date_gmt":"2021-01-15T12:53:12","guid":{"rendered":"https:\/\/codengine3.ch\/?product=import-placeholder-for-205217"},"modified":"2022-04-26T11:46:36","modified_gmt":"2022-04-26T09:46:36","slug":"wanderland-schweiz-band-1-via-alpina","status":"publish","type":"product","link":"https:\/\/pizbube.ch\/en\/shop\/wanderland-schweiz-band-1-via-alpina\/","title":{"rendered":"Wanderland Schweiz Band 1 &#8211; Via Alpina"},"content":{"rendered":"<p>Die nationale Route 1 Via Alpina ist Teil des gleichnamigen<br \/>\nFernwanderwegnetzes. F\u00fcnf Fernwanderwege durchqueren von Triest bis Monaco<br \/>\nacht Alpenstaaten.<\/p>\n<p>Auf dem Gebiet der Schweiz f\u00fchrt die nationale Route 1 Via Alpina von Vaduz<br \/>\n\u00fcber zahlreiche Alpenp\u00e4sse bis zum Tr\u00fcttlisbergpass, in der N\u00e4he von Lenk, und<br \/>\nvon dort entweder auf der internationalen Route Richtung Monaco weiter bis zum<br \/>\nGrossen Sankt Bernhard oder auf dem nationalen Zubringer der Via Alpina in<br \/>\nvier Etappen bis nach Montreux.<\/p>\n<p>In 19 Etappen 370 Kilometer atemberaubende alpine Bergwelt und eine reiche<br \/>\nVielfalt unterschiedlicher Lebens-, Kultur- und Naturr\u00e4ume erleben. Mit allen<br \/>\npraktischen Informationen, \u00fcbersichtlichen Kartenausschnitten und<br \/>\nH\u00f6henprofilen, einer F\u00fclle an Hinweisen auf Sehensw\u00fcrdigkeiten und<br \/>\nAttraktionen am Weg sowie mit Farbfotos reich illustriert.<\/p>","protected":false},"excerpt":{"rendered":"<p>Die nationale Route 1 Via Alpina ist Teil des gleichnamigen Fernwanderwegnetzes. F\u00fcnf Fernwanderwege durchqueren von Triest bis Monaco acht Alpenstaaten. Auf dem Gebiet der Schweiz f\u00fchrt die nationale Route 1 Via Alpina von Vaduz \u00fcber zahlreiche Alpenp\u00e4sse bis zum Tr\u00fcttlisbergpass, in der N\u00e4he von Lenk, und von dort entweder auf der internationalen Route Richtung Monaco [&#8230;]\n","protected":false},"featured_media":40615,"template":"","meta":[],"product_brand":[],"product_cat":[21605],"product_tag":[],"class_list":{"0":"post-153841","1":"product","2":"type-product","3":"status-publish","4":"has-post-thumbnail","6":"product_cat-wanderfuehrer-trekking","7":"pa_autor-gisler","8":"pa_erscheinungsjahr-21586","9":"pa_region-schweiz","10":"pa_sprache-de","12":"first","13":"outofstock","14":"taxable","15":"shipping-taxable","16":"purchasable","17":"product-type-simple"},"_links":{"self":[{"href":"https:\/\/pizbube.ch\/en\/wp-json\/wp\/v2\/product\/153841","targetHints":{"allow":["GET"]}}],"collection":[{"href":"https:\/\/pizbube.ch\/en\/wp-json\/wp\/v2\/product"}],"about":[{"href":"https:\/\/pizbube.ch\/en\/wp-json\/wp\/v2\/types\/product"}],"wp:featuredmedia":[{"embeddable":true,"href":"https:\/\/pizbube.ch\/en\/wp-json\/wp\/v2\/media\/40615"}],"wp:attachment":[{"href":"https:\/\/pizbube.ch\/en\/wp-json\/wp\/v2\/media?parent=153841"}],"wp:term":[{"taxonomy":"product_brand","embeddable":true,"href":"https:\/\/pizbube.ch\/en\/wp-json\/wp\/v2\/product_brand?post=153841"},{"taxonomy":"product_cat","embeddable":true,"href":"https:\/\/pizbube.ch\/en\/wp-json\/wp\/v2\/product_cat?post=153841"},{"taxonomy":"product_tag","embeddable":true,"href":"https:\/\/pizbube.ch\/en\/wp-json\/wp\/v2\/product_tag?post=153841"}],"curies":[{"name":"wp","href":"https:\/\/api.w.org\/{rel}","templated":true}]}}