{"id":153842,"date":"2021-01-15T12:53:13","date_gmt":"2021-01-15T12:53:13","guid":{"rendered":"https:\/\/codengine3.ch\/?product=import-placeholder-for-206252"},"modified":"2021-01-15T14:47:34","modified_gmt":"2021-01-15T14:47:34","slug":"muenchen-venedig","status":"publish","type":"product","link":"https:\/\/pizbube.ch\/en\/shop\/muenchen-venedig\/","title":{"rendered":"M\u00fcnchen &#8211; Venedig"},"content":{"rendered":"<p>Vom Marienplatz zum Markusplatz 29 Etappen  <\/p>\n<p>Die anspruchsvolle Alpen\u00fcberquerung von M\u00fcnchen nach Venedig verl\u00e4uft auf<br \/>\neiner der interessantesten aller m\u00f6glichen Routen \u00fcber das h\u00f6chste Gebirge<br \/>\nEuropas. Im Herzen M\u00fcnchens beginnt die Tour am Marienplatz und f\u00fchrt an der<br \/>\nIsar entlang, bevor sie die Voralpen \u00fcber die Benediktenwand ins Karwendel<br \/>\nverl\u00e4sst. Mit jedem Meter aussichtsreichen Anstiegs durch die Tuxer Alpen<br \/>\nsteigt auch die Vorfreude auf die \u00dcberschreitung des Alpenhauptkammes zwischen<br \/>\nden vergletscherten Gipfeln der Zillertaler Alpen.<\/p>\n<p>Nach einer kurzen Verschnaufpause auf der gem\u00fctlichen L\u00fcsener Alm warten die<br \/>\nmajest\u00e4tischen Dolomiten mit ihrem Charme und Temperament auf. In einem<br \/>\nfinalen Kraftakt wird die wilde Schiara \u00fcberwunden, bevor die Route in der<br \/>\nvenezianischen Ebene zum Meer hin ausl\u00e4uft. Nach vier Wochen Wiesenwegen,<br \/>\nFelssteigen, Scharten, Gipfeln und Seen knirscht dann am Adria-Strand der Sand<br \/>\nunter den Zehen und am Markusplatz ist das Ziel Venedig endg\u00fcltig erreicht!<br \/>\nWer es bis dorthin schafft, hat nicht nur 25.000 Aufstiegs-H\u00f6henmeter hinter<br \/>\nsich, sondern auch einen Rucksack voller unvergesslicher Eindr\u00fccke und<br \/>\nBegegnungen.  <\/p>\n<p>Ausf\u00fchrliche Wegbeschreibungen, Wanderk\u00e4rtchen, H\u00f6henprofile, GPS-Tracks und<br \/>\nvieles mehr sorgen bei jeder Etappe f\u00fcr \u00dcberblick. Schlechtwetter-Varianten,<br \/>\ndetaillierte Informationen zu Verkehrsanbindung, Einkehr, Einkauf und allen<br \/>\nUnterk\u00fcnften am Weg machen die Tagesplanung leicht. Die Einteilung der<br \/>\nAlpen\u00fcberquerung in f\u00fcnf gut zug\u00e4ngliche Teilst\u00fccke erm\u00f6glicht auch das Laufen<br \/>\nk\u00fcrzerer Abschnitte.<br \/>\n4. Auflage 2016; 192 Seiten mit 80 Farbabbildungen, 29 H\u00f6henprofile, 29<br \/>\nWanderk\u00e4rtchen im Ma\u00dfstab 1:75.000, eine \u00dcbersichtskarte  <\/p>","protected":false},"excerpt":{"rendered":"<p>Vom Marienplatz zum Markusplatz 29 Etappen Die anspruchsvolle Alpen\u00fcberquerung von M\u00fcnchen nach Venedig verl\u00e4uft auf einer der interessantesten aller m\u00f6glichen Routen \u00fcber das h\u00f6chste Gebirge Europas. Im Herzen M\u00fcnchens beginnt die Tour am Marienplatz und f\u00fchrt an der Isar entlang, bevor sie die Voralpen \u00fcber die Benediktenwand ins Karwendel verl\u00e4sst. Mit jedem Meter aussichtsreichen Anstiegs [&#8230;]\n","protected":false},"featured_media":35229,"template":"","meta":[],"product_brand":[],"product_cat":[21605],"product_tag":[],"class_list":{"0":"post-153842","1":"product","2":"type-product","3":"status-publish","4":"has-post-thumbnail","6":"product_cat-wanderfuehrer-trekking","7":"pa_autor-steuerwald-baur-biehl","8":"pa_erscheinungsjahr-21571","9":"pa_region-deutschland","10":"pa_sprache-de","12":"first","13":"instock","14":"taxable","15":"shipping-taxable","16":"purchasable","17":"product-type-simple"},"_links":{"self":[{"href":"https:\/\/pizbube.ch\/en\/wp-json\/wp\/v2\/product\/153842","targetHints":{"allow":["GET"]}}],"collection":[{"href":"https:\/\/pizbube.ch\/en\/wp-json\/wp\/v2\/product"}],"about":[{"href":"https:\/\/pizbube.ch\/en\/wp-json\/wp\/v2\/types\/product"}],"wp:featuredmedia":[{"embeddable":true,"href":"https:\/\/pizbube.ch\/en\/wp-json\/wp\/v2\/media\/35229"}],"wp:attachment":[{"href":"https:\/\/pizbube.ch\/en\/wp-json\/wp\/v2\/media?parent=153842"}],"wp:term":[{"taxonomy":"product_brand","embeddable":true,"href":"https:\/\/pizbube.ch\/en\/wp-json\/wp\/v2\/product_brand?post=153842"},{"taxonomy":"product_cat","embeddable":true,"href":"https:\/\/pizbube.ch\/en\/wp-json\/wp\/v2\/product_cat?post=153842"},{"taxonomy":"product_tag","embeddable":true,"href":"https:\/\/pizbube.ch\/en\/wp-json\/wp\/v2\/product_tag?post=153842"}],"curies":[{"name":"wp","href":"https:\/\/api.w.org\/{rel}","templated":true}]}}