{"id":153843,"date":"2021-01-15T12:53:13","date_gmt":"2021-01-15T12:53:13","guid":{"rendered":"https:\/\/codengine3.ch\/?product=import-placeholder-for-203011"},"modified":"2021-01-15T12:53:17","modified_gmt":"2021-01-15T12:53:17","slug":"jahrbuch-2001","status":"publish","type":"product","link":"https:\/\/pizbube.ch\/en\/shop\/jahrbuch-2001\/","title":{"rendered":"Jahrbuch 2001"},"content":{"rendered":"<p>Hauptthemen: K\u00e4ltetrauma, Lawine<br \/>\nFreie Themen: Update H\u00f6henlungen\u00f6dem, Erste Hilfe-Kenntnisse von<br \/>\nWestalpenbergsteigern, Der Einfluss statischer Rucksackbelastung auf<br \/>\nrespiratorische Impedanz und Atemgrenzwert<\/p>","protected":false},"excerpt":{"rendered":"<p>Hauptthemen: K\u00e4ltetrauma, Lawine Freie Themen: Update H\u00f6henlungen\u00f6dem, Erste Hilfe-Kenntnisse von Westalpenbergsteigern, Der Einfluss statischer Rucksackbelastung auf respiratorische Impedanz und Atemgrenzwert<\/p>","protected":false},"featured_media":30517,"template":"","meta":[],"product_brand":[],"product_cat":[21542],"product_tag":[],"class_list":{"0":"post-153843","1":"product","2":"type-product","3":"status-publish","4":"has-post-thumbnail","6":"product_cat-sachbuecher-dokumentationen","7":"pa_autor-oesterreichische-gesellschaft-fuer-alpin-und-hoehenmedizin","8":"pa_erscheinungsjahr-22242","9":"pa_region-medizin-recht","10":"pa_sprache-de","12":"first","13":"instock","14":"taxable","15":"shipping-taxable","16":"purchasable","17":"product-type-simple"},"_links":{"self":[{"href":"https:\/\/pizbube.ch\/en\/wp-json\/wp\/v2\/product\/153843","targetHints":{"allow":["GET"]}}],"collection":[{"href":"https:\/\/pizbube.ch\/en\/wp-json\/wp\/v2\/product"}],"about":[{"href":"https:\/\/pizbube.ch\/en\/wp-json\/wp\/v2\/types\/product"}],"wp:featuredmedia":[{"embeddable":true,"href":"https:\/\/pizbube.ch\/en\/wp-json\/wp\/v2\/media\/30517"}],"wp:attachment":[{"href":"https:\/\/pizbube.ch\/en\/wp-json\/wp\/v2\/media?parent=153843"}],"wp:term":[{"taxonomy":"product_brand","embeddable":true,"href":"https:\/\/pizbube.ch\/en\/wp-json\/wp\/v2\/product_brand?post=153843"},{"taxonomy":"product_cat","embeddable":true,"href":"https:\/\/pizbube.ch\/en\/wp-json\/wp\/v2\/product_cat?post=153843"},{"taxonomy":"product_tag","embeddable":true,"href":"https:\/\/pizbube.ch\/en\/wp-json\/wp\/v2\/product_tag?post=153843"}],"curies":[{"name":"wp","href":"https:\/\/api.w.org\/{rel}","templated":true}]}}