{"id":153844,"date":"2021-01-15T12:53:13","date_gmt":"2021-01-15T12:53:13","guid":{"rendered":"https:\/\/codengine3.ch\/?product=import-placeholder-for-208367"},"modified":"2021-01-15T17:53:13","modified_gmt":"2021-01-15T17:53:13","slug":"les-chroniques-du-docteur-vertical-lintegrale","status":"publish","type":"product","link":"https:\/\/pizbube.ch\/en\/shop\/les-chroniques-du-docteur-vertical-lintegrale\/","title":{"rendered":"Les chroniques du docteur Vertical &#8211; L&#8217;int\u00e9grale"},"content":{"rendered":"<p>Frisson fatal, Morte et blanche, Silence glacial, Urgence vitale :<br \/>\nquatre \u00e9pisodes haletants et hilarants, \u00e0 lire d\u2019une seule traite !<\/p>\n<p>\u00ab Jalabert ! Il convulse ! crie Austin dans le micro de son casque. Vite ! On<br \/>\nmasse&#8230; \u00bb<\/p>\n<p>\u00c0 2 600 m\u00e8tres d\u2019altitude, Austin, m\u00e9decin urgentiste \u00e0 Chamonix, essaie de<br \/>\nmaintenir en vie une victime d\u2019infarctus, tandis que le mauvais temps surprend<br \/>\nAline et trois autres skieurs sur le glacier de Leschaux. Dans la descente de<br \/>\nla Mollard, le biclou de Jamila, infirmi\u00e8re et amour impossible d\u2019Austin,<br \/>\npercute de plein fouet une camionnette. Traumatisme cr\u00e2nien, perte de<br \/>\nconnaissance, suspicion de fractures. Peu de temps apr\u00e8s, c\u2019est une jeune<br \/>\nSu\u00e9doise qui est retrouv\u00e9e morte dans un ravin&#8230;<\/p>\n<p>Action, suspense, amour torride et humour d\u00e9capant : tous les ingr\u00e9dients d\u2019un<br \/>\nfeuilleton \u00e0 rebondissements sont ici r\u00e9unis. Emmanuel Cauchy r\u00e9ussit \u00e0 mettre<br \/>\nson exp\u00e9rience d\u2019urgentiste et de guide au service d\u2019un polar palpitant.  <\/p>\n<p>M\u00e9decin urgentiste et guide de haute montagne, Emmanuel Cauchy a \u00e9t\u00e9 emport\u00e9<br \/>\npar une avalanche le 2 avril 2018. Il dirigeait l\u2019Institut de formation et de<br \/>\nrecherche en m\u00e9decine de montagne (IFREMMONT) et le centre SportAltitude \u00e0<br \/>\nGen\u00e8ve. Il avait particip\u00e9 \u00e0 de nombreuses exp\u00e9ditions sur tous les<br \/>\ncontinents. Il avait aussi r\u00e9alis\u00e9 des films documentaires (Cold et Hypoxia)<br \/>\net avait collabor\u00e9 \u00e0 plusieurs longs m\u00e9trages en tant que conseiller et<br \/>\nm\u00e9decin (Himalaya, l\u2019enfance d\u2019un chef, James Bond Tomorrow never dies, Les<br \/>\nRivi\u00e8res pourpres).  <\/p>","protected":false},"excerpt":{"rendered":"<p>Frisson fatal, Morte et blanche, Silence glacial, Urgence vitale : quatre \u00e9pisodes haletants et hilarants, \u00e0 lire d\u2019une seule traite ! \u00ab Jalabert ! Il convulse ! crie Austin dans le micro de son casque. Vite ! On masse&#8230; \u00bb \u00c0 2 600 m\u00e8tres d\u2019altitude, Austin, m\u00e9decin urgentiste \u00e0 Chamonix, essaie de maintenir en vie [&#8230;]\n","protected":false},"featured_media":41142,"template":"","meta":[],"product_brand":[],"product_cat":[21542],"product_tag":[],"class_list":{"0":"post-153844","1":"product","2":"type-product","3":"status-publish","4":"has-post-thumbnail","6":"product_cat-sachbuecher-dokumentationen","7":"pa_autor-cauchy","8":"pa_erscheinungsjahr-21546","9":"pa_region-frankreich","10":"pa_sprache-fr","12":"first","13":"instock","14":"taxable","15":"shipping-taxable","16":"purchasable","17":"product-type-simple"},"_links":{"self":[{"href":"https:\/\/pizbube.ch\/en\/wp-json\/wp\/v2\/product\/153844","targetHints":{"allow":["GET"]}}],"collection":[{"href":"https:\/\/pizbube.ch\/en\/wp-json\/wp\/v2\/product"}],"about":[{"href":"https:\/\/pizbube.ch\/en\/wp-json\/wp\/v2\/types\/product"}],"wp:featuredmedia":[{"embeddable":true,"href":"https:\/\/pizbube.ch\/en\/wp-json\/wp\/v2\/media\/41142"}],"wp:attachment":[{"href":"https:\/\/pizbube.ch\/en\/wp-json\/wp\/v2\/media?parent=153844"}],"wp:term":[{"taxonomy":"product_brand","embeddable":true,"href":"https:\/\/pizbube.ch\/en\/wp-json\/wp\/v2\/product_brand?post=153844"},{"taxonomy":"product_cat","embeddable":true,"href":"https:\/\/pizbube.ch\/en\/wp-json\/wp\/v2\/product_cat?post=153844"},{"taxonomy":"product_tag","embeddable":true,"href":"https:\/\/pizbube.ch\/en\/wp-json\/wp\/v2\/product_tag?post=153844"}],"curies":[{"name":"wp","href":"https:\/\/api.w.org\/{rel}","templated":true}]}}