{"id":153845,"date":"2021-01-15T12:53:14","date_gmt":"2021-01-15T12:53:14","guid":{"rendered":"https:\/\/codengine3.ch\/?product=import-placeholder-for-207028"},"modified":"2021-01-15T14:54:26","modified_gmt":"2021-01-15T14:54:26","slug":"bergerlebnis-dolomiten","status":"publish","type":"product","link":"https:\/\/pizbube.ch\/en\/shop\/bergerlebnis-dolomiten\/","title":{"rendered":"Bergerlebnis Dolomiten"},"content":{"rendered":"<p>Die 40 Wege, die Sie kennen sollten  <\/p>\n<p>Auf klassischen und wenig bekannten Wegen die majest\u00e4tische Sch\u00f6nheit der<br \/>\nBleichen Berge und der Region erkunden. Eugen E. H\u00fcsler hat 40 Traumtouren<br \/>\nunterschiedlicher Schwierigkeitsgrade durch das UNESCO-Weltnaturerbe<br \/>\nzusammengestellt. Sie sind ausf\u00fchrlich beschrieben, enthalten alle wichtigen<br \/>\nToureninfos, detaillierte Karten und so manchen Geheimtipp. Specials zu<br \/>\nTraditionen, Natur und Kulinaria und stimmungsvolle Bilder erg\u00e4nzen den Band.  <\/p>","protected":false},"excerpt":{"rendered":"<p>Die 40 Wege, die Sie kennen sollten Auf klassischen und wenig bekannten Wegen die majest\u00e4tische Sch\u00f6nheit der Bleichen Berge und der Region erkunden. Eugen E. H\u00fcsler hat 40 Traumtouren unterschiedlicher Schwierigkeitsgrade durch das UNESCO-Weltnaturerbe zusammengestellt. Sie sind ausf\u00fchrlich beschrieben, enthalten alle wichtigen Toureninfos, detaillierte Karten und so manchen Geheimtipp. Specials zu Traditionen, Natur und Kulinaria [&#8230;]\n","protected":false},"featured_media":36607,"template":"","meta":[],"product_brand":[],"product_cat":[21542],"product_tag":[],"class_list":{"0":"post-153845","1":"product","2":"type-product","3":"status-publish","4":"has-post-thumbnail","6":"product_cat-sachbuecher-dokumentationen","7":"pa_autor-huesler-kostner","8":"pa_erscheinungsjahr-21621","9":"pa_region-italien","10":"pa_sprache-de","12":"first","13":"instock","14":"taxable","15":"shipping-taxable","16":"purchasable","17":"product-type-simple"},"_links":{"self":[{"href":"https:\/\/pizbube.ch\/en\/wp-json\/wp\/v2\/product\/153845","targetHints":{"allow":["GET"]}}],"collection":[{"href":"https:\/\/pizbube.ch\/en\/wp-json\/wp\/v2\/product"}],"about":[{"href":"https:\/\/pizbube.ch\/en\/wp-json\/wp\/v2\/types\/product"}],"wp:featuredmedia":[{"embeddable":true,"href":"https:\/\/pizbube.ch\/en\/wp-json\/wp\/v2\/media\/36607"}],"wp:attachment":[{"href":"https:\/\/pizbube.ch\/en\/wp-json\/wp\/v2\/media?parent=153845"}],"wp:term":[{"taxonomy":"product_brand","embeddable":true,"href":"https:\/\/pizbube.ch\/en\/wp-json\/wp\/v2\/product_brand?post=153845"},{"taxonomy":"product_cat","embeddable":true,"href":"https:\/\/pizbube.ch\/en\/wp-json\/wp\/v2\/product_cat?post=153845"},{"taxonomy":"product_tag","embeddable":true,"href":"https:\/\/pizbube.ch\/en\/wp-json\/wp\/v2\/product_tag?post=153845"}],"curies":[{"name":"wp","href":"https:\/\/api.w.org\/{rel}","templated":true}]}}