{"id":153846,"date":"2021-01-15T12:53:14","date_gmt":"2021-01-15T12:53:14","guid":{"rendered":"https:\/\/codengine3.ch\/?product=import-placeholder-for-207606"},"modified":"2022-09-04T11:35:25","modified_gmt":"2022-09-04T09:35:25","slug":"boulderfuehrer-ferleiten","status":"publish","type":"product","link":"https:\/\/pizbube.ch\/en\/shop\/boulderfuehrer-ferleiten\/","title":{"rendered":"Boulderf\u00fchrer Ferleiten"},"content":{"rendered":"<p>Dieser Kletterf\u00fchrer behandelt ausschlie\u00dflich das Bouldern, also das Klettern<br \/>\nin Absprungh\u00f6he mit Bouldermatte und Sicherungspartner (Spotter).<\/p>\n<p>Auf der Suche nach sch\u00f6nen Boulderbl\u00f6cken und interessanten Bewegungsproblemen<br \/>\nwerden Boulderer aller Schwierigkeitsgrade in Ferleiten f\u00fcndig: Vom Hardmover<br \/>\nbis hin zu Familien mit kletternden Kindern. Durch die zweisprachige Abfassung<br \/>\nist der F\u00fchrer auch f\u00fcr fremdsprachige Touristen interessant.<\/p>\n<p>Beide vorgestellten Gebiete werden zum ersten Mal ver\u00f6ffentlicht:<br \/>\n1. Bouldergebiet Oberstattalm mit perfektem Absprunggel\u00e4nde, null Zustieg und<br \/>\ngem\u00fctlicher Almh\u00fcttte zum Ausklang.<br \/>\n2. Bouldergebiet K\u00e4fertal mit herrlichem Panorama eines Hochgebirgstals und<br \/>\neingerahmt von einem Wasserfall.<\/p>\n<p>\u2013 32 Seiten<br \/>\n\u2013 29 Topos<br \/>\n\u2013 Mehr als 115 Boulder<br \/>\n\u2013 In englischer und deutscher Sprache<br \/>\n\u2013 Topaktuelle Infos aus erster Hand<br \/>\n\u2013 Erstver\u00f6ffentlichung<br \/>\n\u2013 Kleine Symbole charakterisieren jeden Boulder<\/p>","protected":false},"excerpt":{"rendered":"<ul>\n<li><a href=\"https:\/\/pizbube.ch\/wp-content\/uploads\/attachments\/a_025\/99E9C40DEF64A71F48BF444BA38C0A92.pdf\" target=\"_blank\" rel=\"noopener\">PDF: Leseprobe_Ferleiten.pdf<\/a><\/li>\n<\/ul>","protected":false},"featured_media":37935,"template":"","meta":[],"product_brand":[],"product_cat":[21539],"product_tag":[],"class_list":{"0":"post-153846","1":"product","2":"type-product","3":"status-publish","4":"has-post-thumbnail","6":"product_cat-fuehrerliteratur-sportklettern-bouldern","7":"pa_autor-moser-mayrhuber","8":"pa_erscheinungsjahr-21546","9":"pa_region-oesterreich","10":"pa_sprache-de-en","12":"first","13":"onbackorder","14":"taxable","15":"shipping-taxable","16":"purchasable","17":"product-type-simple"},"_links":{"self":[{"href":"https:\/\/pizbube.ch\/en\/wp-json\/wp\/v2\/product\/153846","targetHints":{"allow":["GET"]}}],"collection":[{"href":"https:\/\/pizbube.ch\/en\/wp-json\/wp\/v2\/product"}],"about":[{"href":"https:\/\/pizbube.ch\/en\/wp-json\/wp\/v2\/types\/product"}],"wp:featuredmedia":[{"embeddable":true,"href":"https:\/\/pizbube.ch\/en\/wp-json\/wp\/v2\/media\/37935"}],"wp:attachment":[{"href":"https:\/\/pizbube.ch\/en\/wp-json\/wp\/v2\/media?parent=153846"}],"wp:term":[{"taxonomy":"product_brand","embeddable":true,"href":"https:\/\/pizbube.ch\/en\/wp-json\/wp\/v2\/product_brand?post=153846"},{"taxonomy":"product_cat","embeddable":true,"href":"https:\/\/pizbube.ch\/en\/wp-json\/wp\/v2\/product_cat?post=153846"},{"taxonomy":"product_tag","embeddable":true,"href":"https:\/\/pizbube.ch\/en\/wp-json\/wp\/v2\/product_tag?post=153846"}],"curies":[{"name":"wp","href":"https:\/\/api.w.org\/{rel}","templated":true}]}}