{"id":153847,"date":"2021-01-15T12:53:19","date_gmt":"2021-01-15T12:53:19","guid":{"rendered":"https:\/\/codengine3.ch\/?product=import-placeholder-for-203019"},"modified":"2021-01-15T12:53:22","modified_gmt":"2021-01-15T12:53:22","slug":"vorarlberg-und-liechtenstein","status":"publish","type":"product","link":"https:\/\/pizbube.ch\/en\/shop\/vorarlberg-und-liechtenstein\/","title":{"rendered":"Vorarlberg und Liechtenstein"},"content":{"rendered":"<p>Die Autoren pr\u00e4sentieren eine gelungene Auswahl von 37 Wanderungen und 13<br \/>\nRadtouren, die allen Anspr\u00fcchen gerecht werden: Abwechslungsreiche und<br \/>\ngem\u00fctliche Talwanderungen f\u00fcr Familien mit Kindern oder f\u00fcr \u00e4ltere Menschen<br \/>\nfanden genauso Eingang in das reich bebilderte B\u00e4ndchen wie anspruchsvolle<br \/>\nH\u00f6henwanderungen, die beeindruckende Einblicke in die Fels- und Gletscherwelt<br \/>\nder Dreitausender des R\u00e4tikons und der Silvretta gew\u00e4hren. Das Gebiet umfa\u00dft<br \/>\ndie fruchtbaren, betriebsamen Ebenen des Rheintals und des Bodensees ebenso<br \/>\nwie die stillen Gebirgst\u00e4ler des Gro\u00df- und Kleinwalsertals, des Brandner- und<br \/>\ndes Klostertals oder die liebliche Landschaft des Vorarlberger Oberlandes und<br \/>\ndes Bregenzerwaldes. Die Tageswanderungen wurden in bew\u00e4hrter Manier mit einem<br \/>\ninformativen Tourensteckbrief und genauer Wegbeschreibung pr\u00e4sentiert, wobei<br \/>\nallerdings darauf geachtet wurde, da\u00df man manche Ziele auch zu einem<br \/>\nMehrtagesunternehmen verkn\u00fcpfen kann.<\/p>","protected":false},"excerpt":{"rendered":"<p>Die Autoren pr\u00e4sentieren eine gelungene Auswahl von 37 Wanderungen und 13 Radtouren, die allen Anspr\u00fcchen gerecht werden: Abwechslungsreiche und gem\u00fctliche Talwanderungen f\u00fcr Familien mit Kindern oder f\u00fcr \u00e4ltere Menschen fanden genauso Eingang in das reich bebilderte B\u00e4ndchen wie anspruchsvolle H\u00f6henwanderungen, die beeindruckende Einblicke in die Fels- und Gletscherwelt der Dreitausender des R\u00e4tikons und der Silvretta [&#8230;]\n","protected":false},"featured_media":30524,"template":"","meta":[],"product_brand":[],"product_cat":[21605],"product_tag":[],"class_list":{"0":"post-153847","1":"product","2":"type-product","3":"status-publish","4":"has-post-thumbnail","6":"product_cat-wanderfuehrer-trekking","7":"pa_autor-heine","8":"pa_erscheinungsjahr-22112","9":"pa_region-oesterreich","10":"pa_sprache-de","12":"first","13":"outofstock","14":"taxable","15":"shipping-taxable","16":"purchasable","17":"product-type-simple"},"_links":{"self":[{"href":"https:\/\/pizbube.ch\/en\/wp-json\/wp\/v2\/product\/153847","targetHints":{"allow":["GET"]}}],"collection":[{"href":"https:\/\/pizbube.ch\/en\/wp-json\/wp\/v2\/product"}],"about":[{"href":"https:\/\/pizbube.ch\/en\/wp-json\/wp\/v2\/types\/product"}],"wp:featuredmedia":[{"embeddable":true,"href":"https:\/\/pizbube.ch\/en\/wp-json\/wp\/v2\/media\/30524"}],"wp:attachment":[{"href":"https:\/\/pizbube.ch\/en\/wp-json\/wp\/v2\/media?parent=153847"}],"wp:term":[{"taxonomy":"product_brand","embeddable":true,"href":"https:\/\/pizbube.ch\/en\/wp-json\/wp\/v2\/product_brand?post=153847"},{"taxonomy":"product_cat","embeddable":true,"href":"https:\/\/pizbube.ch\/en\/wp-json\/wp\/v2\/product_cat?post=153847"},{"taxonomy":"product_tag","embeddable":true,"href":"https:\/\/pizbube.ch\/en\/wp-json\/wp\/v2\/product_tag?post=153847"}],"curies":[{"name":"wp","href":"https:\/\/api.w.org\/{rel}","templated":true}]}}