{"id":153848,"date":"2021-01-15T12:53:20","date_gmt":"2021-01-15T12:53:20","guid":{"rendered":"https:\/\/codengine3.ch\/?product=import-placeholder-for-208504"},"modified":"2023-06-22T09:16:59","modified_gmt":"2023-06-22T07:16:59","slug":"die-schoensten-bergwanderungen-in-vorarlberg","status":"publish","type":"product","link":"https:\/\/pizbube.ch\/en\/shop\/die-schoensten-bergwanderungen-in-vorarlberg\/","title":{"rendered":"Die sch\u00f6nsten Bergwanderungen in Vorarlberg"},"content":{"rendered":"<p>\u00dcber 250 attraktive Tourenvorschl\u00e4ge<\/p>\n<p>&#171;Ich wollte endlich meine langj\u00e4hrige gesammelte Erfahrung weitergeben und<br \/>\nein wirklich umfassendes Handbuch zusammenstellen: mit einer ausgewogenen<br \/>\nMischung aus einfachen und schwierigen Gipfeln und mit Geheimtipps, die auch<br \/>\nEinheimische \u00fcberraschen.&#187;<\/p>\n<p>Eindrucksvolle Gipfel \u00fcber saftigen Alpwiesen, klare Gebirgsseen und funkelnde<br \/>\nWasserf\u00e4lle &#8211; die Bergwelt Vorarlbergs hat viel zu bieten. Der erfahrene<br \/>\nBergf\u00fchrer und Kenner seiner Heimat, Rudolf Mayrhofer, l\u00e4dt in 111 Kapiteln zu<br \/>\nden sch\u00f6nsten Bergwanderungen in Vorarlberg und im benachbarten Liechtenstein<br \/>\nein.<\/p>\n<p>Hier ist f\u00fcr jeden Geschmack etwas dabei: gem\u00fctliche Wanderungen f\u00fcr die ganze<br \/>\nFamilie, sinnvolle Erg\u00e4nzungen zu vielen Touren, lange H\u00f6henwanderungen in<br \/>\nbeeindruckender Umgebung und anspruchsvolle Leckerbissen f\u00fcr erfahrene<br \/>\nWanderer.<br \/>\n&#8211; 168 Gipfel mit 270 Anstiegsm\u00f6glichkeiten<br \/>\n&#8211; 84 familienfreundliche Wanderungen<br \/>\n&#8211; 79 Bike &amp; Hike-Touren<br \/>\n&#8211; stimmungsvolle Fotos, exakte Routenbeschreibungen, Kartenausschnitten zu<br \/>\njeder Tour<\/p>\n<p>&#8211; mit Hinweisen auf die Weitwanderwege durch Vorarlberg<br \/>\n&#8211; plus Ausr\u00fcstungstipps und Kontaktadressen<br \/>\n&#8211; erlebnisreiche Tagestouren<br \/>\n&#8211; sorgf\u00e4ltige Auswahl handverlesener Touren, die die gesamte Vielfalt der<br \/>\nBergwelt Vorarlbergs widerspiegelt<br \/>\n&#171;Ganz sicher das aktuellste und vollst\u00e4ndigste Standardwerk zum Wandern rund<br \/>\num den Bodensee. Ein Must-Have!&#187;<br \/>\n&#171;Touren in allen Schwierigkeitsgraden. Auch erfahrene Tourengeher entdecken<br \/>\nhier grandiose Insidertipps!&#187;<\/p>\n<p>464 Seiten, kartoniert<\/p>","protected":false},"excerpt":{"rendered":"<p>\u00dcber 250 attraktive Tourenvorschl\u00e4ge &#171;Ich wollte endlich meine langj\u00e4hrige gesammelte Erfahrung weitergeben und ein wirklich umfassendes Handbuch zusammenstellen: mit einer ausgewogenen Mischung aus einfachen und schwierigen Gipfeln und mit Geheimtipps, die auch Einheimische \u00fcberraschen.&#187; Eindrucksvolle Gipfel \u00fcber saftigen Alpwiesen, klare Gebirgsseen und funkelnde Wasserf\u00e4lle &#8211; die Bergwelt Vorarlbergs hat viel zu bieten. Der erfahrene Bergf\u00fchrer [&#8230;]\n","protected":false},"featured_media":157596,"template":"","meta":[],"product_brand":[],"product_cat":[21605],"product_tag":[],"class_list":{"0":"post-153848","1":"product","2":"type-product","3":"status-publish","4":"has-post-thumbnail","6":"product_cat-wanderfuehrer-trekking","7":"pa_autor-mayerhofer","8":"pa_erscheinungsjahr-21558","9":"pa_region-oesterreich","10":"pa_sprache-de","12":"first","13":"outofstock","14":"taxable","15":"shipping-taxable","16":"purchasable","17":"product-type-simple"},"_links":{"self":[{"href":"https:\/\/pizbube.ch\/en\/wp-json\/wp\/v2\/product\/153848","targetHints":{"allow":["GET"]}}],"collection":[{"href":"https:\/\/pizbube.ch\/en\/wp-json\/wp\/v2\/product"}],"about":[{"href":"https:\/\/pizbube.ch\/en\/wp-json\/wp\/v2\/types\/product"}],"wp:featuredmedia":[{"embeddable":true,"href":"https:\/\/pizbube.ch\/en\/wp-json\/wp\/v2\/media\/157596"}],"wp:attachment":[{"href":"https:\/\/pizbube.ch\/en\/wp-json\/wp\/v2\/media?parent=153848"}],"wp:term":[{"taxonomy":"product_brand","embeddable":true,"href":"https:\/\/pizbube.ch\/en\/wp-json\/wp\/v2\/product_brand?post=153848"},{"taxonomy":"product_cat","embeddable":true,"href":"https:\/\/pizbube.ch\/en\/wp-json\/wp\/v2\/product_cat?post=153848"},{"taxonomy":"product_tag","embeddable":true,"href":"https:\/\/pizbube.ch\/en\/wp-json\/wp\/v2\/product_tag?post=153848"}],"curies":[{"name":"wp","href":"https:\/\/api.w.org\/{rel}","templated":true}]}}