{"id":153851,"date":"2021-01-15T12:53:20","date_gmt":"2021-01-15T12:53:20","guid":{"rendered":"https:\/\/codengine3.ch\/?product=import-placeholder-for-203824"},"modified":"2021-01-15T14:26:57","modified_gmt":"2021-01-15T14:26:57","slug":"verwallgruppe","status":"publish","type":"product","link":"https:\/\/pizbube.ch\/en\/shop\/verwallgruppe\/","title":{"rendered":"Verwallgruppe"},"content":{"rendered":"<p>Die Verwallgruppe liegt in den Zentralen Ostalpen und bildet ein Dreieck<br \/>\nzwischen Bludenz- Arlberg- Landeck im Norden und dem Stausee Kops im S\u00fcden.<br \/>\nDas alpinistische Bet\u00e4tigungsfeld umfasst das gesamte Spektrum des<br \/>\nBergsteigens- von der gem\u00fctlichen Almwanderung bis zum Sportklettern im XI.<br \/>\nSchwierigkeitsgrad. Vom Charakter kommt die Verwallgruppe jedoch vorwiegend<br \/>\ndem alpinen Bergwanderer entgegen. So z\u00e4hlen die H\u00f6henwege zu den sch\u00f6nsten in<br \/>\nden ganzen Alpen. Sie halten sich zumeist unterhalb der Gipfelmassive und<br \/>\nerm\u00f6glichen das Verwall zu durchqueren, ohne dabei ins Tal absteigen zu<br \/>\nm\u00fcssen. Auch auf den h\u00f6chsten Gipfel der Gruppe, den Hohen Riffler (3168 m),<br \/>\nf\u00fchrt ein markierter Steig.<br \/>\nDer vollst\u00e4ndig neu gestaltete und wesentlich erweiterte 10. Auflage des<br \/>\nbew\u00e4hrten AVF Verwallgruppe soll Bergfreunden aller Kategorien ein wertvoller<br \/>\nBegleiter bei der Entdeckung dieser abwechslungsreichen Gebirgslandschaft<br \/>\nsein, die sich auch besonders f\u00fcr Familienunternehmungen eignet.<\/p>","protected":false},"excerpt":{"rendered":"<p>Die Verwallgruppe liegt in den Zentralen Ostalpen und bildet ein Dreieck zwischen Bludenz- Arlberg- Landeck im Norden und dem Stausee Kops im S\u00fcden. Das alpinistische Bet\u00e4tigungsfeld umfasst das gesamte Spektrum des Bergsteigens- von der gem\u00fctlichen Almwanderung bis zum Sportklettern im XI. Schwierigkeitsgrad. Vom Charakter kommt die Verwallgruppe jedoch vorwiegend dem alpinen Bergwanderer entgegen. So z\u00e4hlen [&#8230;]\n","protected":false},"featured_media":31517,"template":"","meta":[],"product_brand":[],"product_cat":[21544],"product_tag":[],"class_list":{"0":"post-153851","1":"product","2":"type-product","3":"status-publish","4":"has-post-thumbnail","6":"product_cat-fuehrerliteratur-alpin-sommer","7":"pa_autor-pindur-luzian-weiskopf","8":"pa_erscheinungsjahr-21776","9":"pa_region-oesterreich","10":"pa_sprache-de","12":"first","13":"outofstock","14":"taxable","15":"shipping-taxable","16":"purchasable","17":"product-type-simple"},"_links":{"self":[{"href":"https:\/\/pizbube.ch\/en\/wp-json\/wp\/v2\/product\/153851","targetHints":{"allow":["GET"]}}],"collection":[{"href":"https:\/\/pizbube.ch\/en\/wp-json\/wp\/v2\/product"}],"about":[{"href":"https:\/\/pizbube.ch\/en\/wp-json\/wp\/v2\/types\/product"}],"wp:featuredmedia":[{"embeddable":true,"href":"https:\/\/pizbube.ch\/en\/wp-json\/wp\/v2\/media\/31517"}],"wp:attachment":[{"href":"https:\/\/pizbube.ch\/en\/wp-json\/wp\/v2\/media?parent=153851"}],"wp:term":[{"taxonomy":"product_brand","embeddable":true,"href":"https:\/\/pizbube.ch\/en\/wp-json\/wp\/v2\/product_brand?post=153851"},{"taxonomy":"product_cat","embeddable":true,"href":"https:\/\/pizbube.ch\/en\/wp-json\/wp\/v2\/product_cat?post=153851"},{"taxonomy":"product_tag","embeddable":true,"href":"https:\/\/pizbube.ch\/en\/wp-json\/wp\/v2\/product_tag?post=153851"}],"curies":[{"name":"wp","href":"https:\/\/api.w.org\/{rel}","templated":true}]}}