{"id":153854,"date":"2021-01-15T12:53:27","date_gmt":"2021-01-15T12:53:27","guid":{"rendered":"https:\/\/codengine3.ch\/?product=import-placeholder-for-207139"},"modified":"2021-01-15T14:55:29","modified_gmt":"2021-01-15T14:55:29","slug":"herbert-tichy-das-leben-als-reise","status":"publish","type":"product","link":"https:\/\/pizbube.ch\/en\/shop\/herbert-tichy-das-leben-als-reise\/","title":{"rendered":"Herbert Tichy &#8211; Das Leben als Reise."},"content":{"rendered":"<p>Begegnungen mit dem Abenteurer, Bergsteiger und Reiseschriftsteller.  <\/p>\n<p>Wanderer zwischen den Welten und Botschafter des Himalaja<br \/>\nHerbert Tichy (1912-1987) war gerade 21 Jahre jung, als er auf dem Sozius<br \/>\neiner Puch 250 seine Heimatstadt Wien verlie\u00df, um gemeinsam mit dem Tiroler<br \/>\nMax Reisch in einer mehr als abenteuerlichen Fahrt als Erste mit dem Motorrad<br \/>\nnach Indien zu gelangen. Ihre Reise wurde legend\u00e4r und f\u00fcr Tichy der Beginn<br \/>\neines v\u00f6llig unkonventionellen Lebensentwurfs, der im best\u00e4ndigen<br \/>\nUnterwegssein und Wandern zwischen den Kulturen ruhte.<br \/>\n1935 folgte seine zweite gro\u00dfe Himalajareise, w\u00e4hrend der Tichy, als<br \/>\ntibetischer Pilger verkleidet, u.a. den heiligen Berg Kailash umrundete.<br \/>\nSieben Jahre (1941 1948) verbrachte er in China, weitere Reisen f\u00fchrten ihn<br \/>\nnach Alaska und in sp\u00e4teren Jahren nach Afrika. Im Jahr 1953 durchquerte er<br \/>\nerstmals das westliche Nepal. Ein Jahr sp\u00e4ter gelang ihm gemeinsam mit dem<br \/>\nTiroler Sepp J\u00f6chler und Pasang Dawa Lama die Erstbesteigung des Cho Oyu. Ihre<br \/>\nExpedition setzte neue Ma\u00dfst\u00e4be im H\u00f6henbergsteigen, denn sie war die kleinste<br \/>\nund leichteste, der jemals die Erstbesteigung eines Achttausenders gelang.<br \/>\nAls charismatischer Erz\u00e4hler verstand es Tichy wie kein Zweiter, andere<br \/>\nMenschen auf eine sehr pers\u00f6nliche und unmittelbare Art und Weise an seinem<br \/>\nau\u00dfergew\u00f6hnlichen Leben und Denken teilhaben zu lassen. Damit wurde er auch zu<br \/>\neinem der ersten Botschafter der spirituellen Kultur der Himalajal\u00e4nder. Seine<br \/>\nTexte zeugen von einer tiefen humanistischen Haltung, dem offenen Geist der<br \/>\nToleranz und einem feinsinnigen Humor, der nicht zuletzt sich selbst nicht<br \/>\nallzu wichtig nahm. Mit seinen B\u00fcchern, u.a. ausgezeichnet mit dem<br \/>\n\u00d6sterreichischen Staatspreis f\u00fcr Kinder- und Jugendliteratur, begeisterte und<br \/>\ninspirierte er eine ganze Generation.<br \/>\nDas vorliegende Buch erz\u00e4hlt vom au\u00dfergew\u00f6hnlichen Leben dieses gro\u00dfen<br \/>\nWanderers zwischen den Welten. Der spannende biografische Teil wird erg\u00e4nzt<br \/>\ndurch Erz\u00e4hlungen von Freunden und Weggef\u00e4hrten Tichys. So entstand ein ebenso<br \/>\nauthentisches wie facettenreiches Portr\u00e4t dieser faszinierenden<br \/>\nPers\u00f6nlichkeit.<br \/>\nHrsg.: Verein Menschenwege G\u00f6tterberge  <\/p>","protected":false},"excerpt":{"rendered":"<p>Begegnungen mit dem Abenteurer, Bergsteiger und Reiseschriftsteller. Wanderer zwischen den Welten und Botschafter des Himalaja Herbert Tichy (1912-1987) war gerade 21 Jahre jung, als er auf dem Sozius einer Puch 250 seine Heimatstadt Wien verlie\u00df, um gemeinsam mit dem Tiroler Max Reisch in einer mehr als abenteuerlichen Fahrt als Erste mit dem Motorrad nach Indien [&#8230;]\n","protected":false},"featured_media":36753,"template":"","meta":[],"product_brand":[],"product_cat":[21542],"product_tag":[],"class_list":{"0":"post-153854","1":"product","2":"type-product","3":"status-publish","4":"has-post-thumbnail","6":"product_cat-sachbuecher-dokumentationen","7":"pa_autor-hrsg-verein-menschenwege","8":"pa_erscheinungsjahr-21621","9":"pa_region-oesterreich","10":"pa_sprache-de","12":"first","13":"instock","14":"taxable","15":"shipping-taxable","16":"purchasable","17":"product-type-simple"},"_links":{"self":[{"href":"https:\/\/pizbube.ch\/en\/wp-json\/wp\/v2\/product\/153854","targetHints":{"allow":["GET"]}}],"collection":[{"href":"https:\/\/pizbube.ch\/en\/wp-json\/wp\/v2\/product"}],"about":[{"href":"https:\/\/pizbube.ch\/en\/wp-json\/wp\/v2\/types\/product"}],"wp:featuredmedia":[{"embeddable":true,"href":"https:\/\/pizbube.ch\/en\/wp-json\/wp\/v2\/media\/36753"}],"wp:attachment":[{"href":"https:\/\/pizbube.ch\/en\/wp-json\/wp\/v2\/media?parent=153854"}],"wp:term":[{"taxonomy":"product_brand","embeddable":true,"href":"https:\/\/pizbube.ch\/en\/wp-json\/wp\/v2\/product_brand?post=153854"},{"taxonomy":"product_cat","embeddable":true,"href":"https:\/\/pizbube.ch\/en\/wp-json\/wp\/v2\/product_cat?post=153854"},{"taxonomy":"product_tag","embeddable":true,"href":"https:\/\/pizbube.ch\/en\/wp-json\/wp\/v2\/product_tag?post=153854"}],"curies":[{"name":"wp","href":"https:\/\/api.w.org\/{rel}","templated":true}]}}