{"id":153855,"date":"2021-01-15T12:53:27","date_gmt":"2021-01-15T12:53:27","guid":{"rendered":"https:\/\/codengine3.ch\/?product=import-placeholder-for-204610"},"modified":"2024-03-04T11:42:27","modified_gmt":"2024-03-04T10:42:27","slug":"land-der-namenlosen-berge-erste-durchquerung-westtibets","status":"publish","type":"product","link":"https:\/\/pizbube.ch\/en\/shop\/land-der-namenlosen-berge-erste-durchquerung-westtibets\/","title":{"rendered":"Land der Namenlosen Berge &#8211; Erste Durchquerung Westtibets"},"content":{"rendered":"<p>&#171;Ich habe keine sensationelle Geschichte zu erz\u00e4hlen&#187;, warnt Herbert Tichy<br \/>\nselbst: Keine Abst\u00fcrze und Erfrierungen und keine spektakul\u00e4ren Gipfelsiege<br \/>\nkonnte er nach seiner R\u00fcckkehr vorweisen, aber Vertrauen und Freundschaft mit<br \/>\nseinen Reisegef\u00e4hrten \u2013 den vier Sherpas Pasang, Adjiba, Gyalsen und Pemba.<br \/>\nDie alpinen oder geographischen Tatsachen treten, so Tichy, &#171;zur\u00fcck vor der<br \/>\nErinnerung an Augenblicke eines tiefen Gl\u00fccks: der erste Anblick des<br \/>\nDhaulagiri von Norden; der brennende Sonnenuntergang am Fu\u00dfe des Sisne Himal,<br \/>\nder das gelbe, trockene Wintergras in eine einzige Flamme verwandelte; Pasangs<br \/>\nH\u00e4ndedruck zum Abschied und sein schamhaft gemurmeltes: You come again &#8211; now<br \/>\nwe friends; komm wieder &#8211; jetzt sind wir Freunde.&#187;<\/p>\n<p>Vier Monate waren die f\u00fcnf &#171;Vagabunden des Himalaya&#187;, wie Tichy sich und<br \/>\nseine Kameraden bezeichnete, von Kathmandu westw\u00e4rts an die indische Grenze<br \/>\ngewandert &#8211; in einer H\u00f6he zwischen 3000 und 4000 Metern. Manche der zahllosen<br \/>\n5000er und 6000er Gipfel bestieg Tichy auch mit Pasang und benannte die<br \/>\nnamenlosen Berge. Er besuchte das geheimnisvolle K\u00f6nigreich Mustang,<br \/>\nbewunderte den kunstvollen Kopfschmuck der Frauen in Bing-Ding, der ihn an das<br \/>\nGoldenen Dachl in Innsbruck erinnerte, a\u00df R\u00fcben mit einem kleinen M\u00e4dchen in<br \/>\nMuktinath und trank mit dem Polizisten Malik in Mustang Tee und in Omosom am<br \/>\nUfer des Kali-Flusses Schnaps. Zum Abschlu\u00df der Wanderung vereinbaren Pasang<br \/>\nund Tichy sich im n\u00e4chsten Jahr wiederzusehen und einen &#171;very high peak&#187; zu<br \/>\nbesteigen. Es ist der Cho Oyu, den Tichy im Folgejahr tats\u00e4chlich im von ihm<br \/>\nkreierten Alpinstil erstbesteigt.<\/p>\n<p>Neuauflage 2009; erste Auflage 1954<br \/>\nWie die anderen Neuauflagen ist auch dieses mit Illustrationen von Herwig Zens<br \/>\nbereichert.<\/p>","protected":false},"excerpt":{"rendered":"<p>&#171;Ich habe keine sensationelle Geschichte zu erz\u00e4hlen&#187;, warnt Herbert Tichy selbst: Keine Abst\u00fcrze und Erfrierungen und keine spektakul\u00e4ren Gipfelsiege konnte er nach seiner R\u00fcckkehr vorweisen, aber Vertrauen und Freundschaft mit seinen Reisegef\u00e4hrten \u2013 den vier Sherpas Pasang, Adjiba, Gyalsen und Pemba. Die alpinen oder geographischen Tatsachen treten, so Tichy, &#171;zur\u00fcck vor der Erinnerung an Augenblicke [&#8230;]\n","protected":false},"featured_media":32798,"template":"","meta":[],"product_brand":[],"product_cat":[21542],"product_tag":[],"class_list":{"0":"post-153855","1":"product","2":"type-product","3":"status-publish","4":"has-post-thumbnail","6":"product_cat-sachbuecher-dokumentationen","7":"pa_autor-tichy","8":"pa_erscheinungsjahr-21693","9":"pa_region-asien","10":"pa_sprache-de","12":"first","13":"onbackorder","14":"taxable","15":"shipping-taxable","16":"purchasable","17":"product-type-simple"},"_links":{"self":[{"href":"https:\/\/pizbube.ch\/en\/wp-json\/wp\/v2\/product\/153855","targetHints":{"allow":["GET"]}}],"collection":[{"href":"https:\/\/pizbube.ch\/en\/wp-json\/wp\/v2\/product"}],"about":[{"href":"https:\/\/pizbube.ch\/en\/wp-json\/wp\/v2\/types\/product"}],"wp:featuredmedia":[{"embeddable":true,"href":"https:\/\/pizbube.ch\/en\/wp-json\/wp\/v2\/media\/32798"}],"wp:attachment":[{"href":"https:\/\/pizbube.ch\/en\/wp-json\/wp\/v2\/media?parent=153855"}],"wp:term":[{"taxonomy":"product_brand","embeddable":true,"href":"https:\/\/pizbube.ch\/en\/wp-json\/wp\/v2\/product_brand?post=153855"},{"taxonomy":"product_cat","embeddable":true,"href":"https:\/\/pizbube.ch\/en\/wp-json\/wp\/v2\/product_cat?post=153855"},{"taxonomy":"product_tag","embeddable":true,"href":"https:\/\/pizbube.ch\/en\/wp-json\/wp\/v2\/product_tag?post=153855"}],"curies":[{"name":"wp","href":"https:\/\/api.w.org\/{rel}","templated":true}]}}