{"id":153859,"date":"2021-01-15T12:53:29","date_gmt":"2021-01-15T12:53:29","guid":{"rendered":"https:\/\/codengine3.ch\/?product=import-placeholder-for-205076"},"modified":"2021-01-15T14:38:31","modified_gmt":"2021-01-15T14:38:31","slug":"alpenlandschaften-von-der-vorstellung-zur-handlung","status":"publish","type":"product","link":"https:\/\/pizbube.ch\/en\/shop\/alpenlandschaften-von-der-vorstellung-zur-handlung\/","title":{"rendered":"Alpenlandschaften &#8211; Von der Vorstellung zur Handlung"},"content":{"rendered":"<p>Thematische Synthese zum Forschungsschwerpunkt I<br \/>\n&#8218;Prozesse der Wahrnehmung&#8216;  <\/p>\n<p>Die Alpen! Matterhorn? Eigernordwand? Heidi und Alp\u00f6hi? Alpweide oder<br \/>\nSkiarena? Trekking, Polo oder Stubete? Herz Europas? Die Alpenlandschaften<br \/>\nwecken Emotionen und Sehns\u00fcchte &#8211; Heimatgef\u00fchle, Freiheitsgef\u00fchle,<br \/>\nFeriengef\u00fchle! Bilder und Vorstellungen der Alpenlandschaften pr\u00e4gen jedoch<br \/>\nnicht nur das Landschaftserlebnis. Sie spielen auch bei landschaftsbezogenen<br \/>\nEntscheidungen, Aushand lungen und Konflikten eine wichtige Rolle.<br \/>\nSt\u00e4dterinnen und Bergler, Einheimische und Touristen, Schweizerinnen und<br \/>\nAusl\u00e4nder sehen die Alpenlandschaften zwar mit jeweils anderen Augen, doch<br \/>\nfindet sich auch Verbindendes. Darauf st\u00fctzt sich der politische Dialog ebenso<br \/>\nwie die touristische Vermarktung.  <\/p>\n<p>In dieser thematischen Synthese werden die Ergebnisse des Nationalen<br \/>\nForschungsprogramms 48 zu den Prozessen der Wahrnehmung und Darstellung von<br \/>\nLandschaften und Lebensr\u00e4umen der Alpen zusammengefasst und mit Blick auf die<br \/>\npolitische und praktische Umsetzung ausgewertet. Die Autoren entwickeln ein<br \/>\nLandschaftsmodell, wonach Landschaft im Spannungsfeld der vier Pole &#8218;Natur&#8216;<br \/>\nund &#8218;Kultur&#8216; sowie &#8218;Individuum&#8216; und &#8218;Gesellschaft&#8216; liegt. Dieses neue Modell<br \/>\nhilft zu verstehen, was Landschaften einzelnen Individuen und Gruppen<br \/>\nbedeuten: existenziell, sozial, kulturell und wirtschaftlich. Es leistet damit<br \/>\neinen Beitrag, bestehende Gemeinsamkeiten zu finden und Hindernisse in<br \/>\nDiskussionen zu \u00fcberwinden.  <\/p>","protected":false},"excerpt":{"rendered":"<p>Thematische Synthese zum Forschungsschwerpunkt I &#8218;Prozesse der Wahrnehmung&#8216; Die Alpen! Matterhorn? Eigernordwand? Heidi und Alp\u00f6hi? Alpweide oder Skiarena? Trekking, Polo oder Stubete? Herz Europas? Die Alpenlandschaften wecken Emotionen und Sehns\u00fcchte &#8211; Heimatgef\u00fchle, Freiheitsgef\u00fchle, Feriengef\u00fchle! Bilder und Vorstellungen der Alpenlandschaften pr\u00e4gen jedoch nicht nur das Landschaftserlebnis. Sie spielen auch bei landschaftsbezogenen Entscheidungen, Aushand lungen und Konflikten [&#8230;]\n","protected":false},"featured_media":33672,"template":"","meta":[],"product_brand":[],"product_cat":[21542],"product_tag":[],"class_list":{"0":"post-153859","1":"product","2":"type-product","3":"status-publish","4":"has-post-thumbnail","6":"product_cat-sachbuecher-dokumentationen","7":"pa_autor-backhaus-reichler-stremlow","8":"pa_erscheinungsjahr-21842","9":"pa_region-schweiz","10":"pa_sprache-de","12":"first","13":"instock","14":"taxable","15":"shipping-taxable","16":"purchasable","17":"product-type-simple"},"_links":{"self":[{"href":"https:\/\/pizbube.ch\/en\/wp-json\/wp\/v2\/product\/153859","targetHints":{"allow":["GET"]}}],"collection":[{"href":"https:\/\/pizbube.ch\/en\/wp-json\/wp\/v2\/product"}],"about":[{"href":"https:\/\/pizbube.ch\/en\/wp-json\/wp\/v2\/types\/product"}],"wp:featuredmedia":[{"embeddable":true,"href":"https:\/\/pizbube.ch\/en\/wp-json\/wp\/v2\/media\/33672"}],"wp:attachment":[{"href":"https:\/\/pizbube.ch\/en\/wp-json\/wp\/v2\/media?parent=153859"}],"wp:term":[{"taxonomy":"product_brand","embeddable":true,"href":"https:\/\/pizbube.ch\/en\/wp-json\/wp\/v2\/product_brand?post=153859"},{"taxonomy":"product_cat","embeddable":true,"href":"https:\/\/pizbube.ch\/en\/wp-json\/wp\/v2\/product_cat?post=153859"},{"taxonomy":"product_tag","embeddable":true,"href":"https:\/\/pizbube.ch\/en\/wp-json\/wp\/v2\/product_tag?post=153859"}],"curies":[{"name":"wp","href":"https:\/\/api.w.org\/{rel}","templated":true}]}}