{"id":153861,"date":"2021-01-15T12:53:29","date_gmt":"2021-01-15T12:53:29","guid":{"rendered":"https:\/\/codengine3.ch\/?product=import-placeholder-for-206164"},"modified":"2021-01-15T14:46:54","modified_gmt":"2021-01-15T14:46:54","slug":"wasserwege-der-schweiz","status":"publish","type":"product","link":"https:\/\/pizbube.ch\/en\/shop\/wasserwege-der-schweiz\/","title":{"rendered":"Wasserwege der Schweiz"},"content":{"rendered":"<p>24 erfrischende Wanderungen zu rauschenden und stillen Gew\u00e4ssern  <\/p>\n<p>Die Erscheinungsformen von Wasser sind so vielf\u00e4ltig wie die Touren in diesem<br \/>\nWanderbuch. Die Wasserwege f\u00fchren an sanft in die Landschaft eingebetteten<br \/>\nMittellandseen und an kristallklaren Bergseen vorbei, welche das ganze<br \/>\nFarbenspektrum von Blau zu Gr\u00fcn umfassen. Die allesamt in einem Tag machbaren<br \/>\nTouren lassen auch B\u00e4che und Fl\u00fcsse nicht aus, sei es in den Alpen, im Jura<br \/>\noder Flachland. Wasserf\u00e4lle, Gletscher und Quellgebiete runden das prickelnde<br \/>\nErlebnis ab. Wasser ist sinnliches Erleben schlechthin: Bei vielen Wanderungen<br \/>\nist ein Sprung ins k\u00fchle Nass naheliegendes Highlight. Die Routen sind auf die<br \/>\nganze Schweiz verteilt, viele davon sind auch f\u00fcr Familien geeignet und so<br \/>\nangelegt, dass sie beinahe alle mit dem \u00f6ffentlichen Verkehr erreichbar sind.<br \/>\n168 Seiten, zahlreiche Karten und farbige Abbildungen  <\/p>","protected":false},"excerpt":{"rendered":"<p>24 erfrischende Wanderungen zu rauschenden und stillen Gew\u00e4ssern Die Erscheinungsformen von Wasser sind so vielf\u00e4ltig wie die Touren in diesem Wanderbuch. Die Wasserwege f\u00fchren an sanft in die Landschaft eingebetteten Mittellandseen und an kristallklaren Bergseen vorbei, welche das ganze Farbenspektrum von Blau zu Gr\u00fcn umfassen. Die allesamt in einem Tag machbaren Touren lassen auch B\u00e4che [&#8230;]\n","protected":false},"featured_media":35104,"template":"","meta":[],"product_brand":[],"product_cat":[21605],"product_tag":[],"class_list":{"0":"post-153861","1":"product","2":"type-product","3":"status-publish","4":"has-post-thumbnail","6":"product_cat-wanderfuehrer-trekking","7":"pa_autor-soler","8":"pa_erscheinungsjahr-21830","9":"pa_region-schweiz","10":"pa_sprache-de","12":"first","13":"instock","14":"taxable","15":"shipping-taxable","16":"purchasable","17":"product-type-simple"},"_links":{"self":[{"href":"https:\/\/pizbube.ch\/en\/wp-json\/wp\/v2\/product\/153861","targetHints":{"allow":["GET"]}}],"collection":[{"href":"https:\/\/pizbube.ch\/en\/wp-json\/wp\/v2\/product"}],"about":[{"href":"https:\/\/pizbube.ch\/en\/wp-json\/wp\/v2\/types\/product"}],"wp:featuredmedia":[{"embeddable":true,"href":"https:\/\/pizbube.ch\/en\/wp-json\/wp\/v2\/media\/35104"}],"wp:attachment":[{"href":"https:\/\/pizbube.ch\/en\/wp-json\/wp\/v2\/media?parent=153861"}],"wp:term":[{"taxonomy":"product_brand","embeddable":true,"href":"https:\/\/pizbube.ch\/en\/wp-json\/wp\/v2\/product_brand?post=153861"},{"taxonomy":"product_cat","embeddable":true,"href":"https:\/\/pizbube.ch\/en\/wp-json\/wp\/v2\/product_cat?post=153861"},{"taxonomy":"product_tag","embeddable":true,"href":"https:\/\/pizbube.ch\/en\/wp-json\/wp\/v2\/product_tag?post=153861"}],"curies":[{"name":"wp","href":"https:\/\/api.w.org\/{rel}","templated":true}]}}