{"id":153863,"date":"2021-01-15T12:53:30","date_gmt":"2021-01-15T12:53:30","guid":{"rendered":"https:\/\/codengine3.ch\/?product=import-placeholder-for-203707"},"modified":"2021-01-15T14:25:50","modified_gmt":"2021-01-15T14:25:50","slug":"flora-da-la-val-tuoi-engadina","status":"publish","type":"product","link":"https:\/\/pizbube.ch\/en\/shop\/flora-da-la-val-tuoi-engadina\/","title":{"rendered":"Flora da la val Tuoi Engadina"},"content":{"rendered":"<p>Einzigartige Dokumentation \u00fcber die Flora des Val Tuoi im Unterengadin; in 5<br \/>\nSprachen wird jede Pflanze des Tales anhand der Farbe klassifiziert.<br \/>\nCe livre contient en 5 langues les renseignements g\u00e9n\u00e9raux sur toutes les<br \/>\nfleurs du Val Tuoi, class\u00e9e par couleur.<br \/>\n2. revidierte Auflg. 2002<\/p>","protected":false},"excerpt":{"rendered":"<p>Einzigartige Dokumentation \u00fcber die Flora des Val Tuoi im Unterengadin; in 5 Sprachen wird jede Pflanze des Tales anhand der Farbe klassifiziert. Ce livre contient en 5 langues les renseignements g\u00e9n\u00e9raux sur toutes les fleurs du Val Tuoi, class\u00e9e par couleur. 2. revidierte Auflg. 2002<\/p>","protected":false},"featured_media":31371,"template":"","meta":[],"product_brand":[],"product_cat":[21542],"product_tag":[],"class_list":{"0":"post-153863","1":"product","2":"type-product","3":"status-publish","4":"has-post-thumbnail","6":"product_cat-sachbuecher-dokumentationen","7":"pa_autor-perret-gentil","8":"pa_erscheinungsjahr-22144","9":"pa_region-fauna-flora-geologie-glaziologie","10":"pa_sprache-d","11":"pa_sprache-e","12":"pa_sprache-f","13":"pa_sprache-i","14":"pa_sprache-rumantsch","16":"first","17":"outofstock","18":"taxable","19":"shipping-taxable","20":"purchasable","21":"product-type-simple"},"_links":{"self":[{"href":"https:\/\/pizbube.ch\/en\/wp-json\/wp\/v2\/product\/153863","targetHints":{"allow":["GET"]}}],"collection":[{"href":"https:\/\/pizbube.ch\/en\/wp-json\/wp\/v2\/product"}],"about":[{"href":"https:\/\/pizbube.ch\/en\/wp-json\/wp\/v2\/types\/product"}],"wp:featuredmedia":[{"embeddable":true,"href":"https:\/\/pizbube.ch\/en\/wp-json\/wp\/v2\/media\/31371"}],"wp:attachment":[{"href":"https:\/\/pizbube.ch\/en\/wp-json\/wp\/v2\/media?parent=153863"}],"wp:term":[{"taxonomy":"product_brand","embeddable":true,"href":"https:\/\/pizbube.ch\/en\/wp-json\/wp\/v2\/product_brand?post=153863"},{"taxonomy":"product_cat","embeddable":true,"href":"https:\/\/pizbube.ch\/en\/wp-json\/wp\/v2\/product_cat?post=153863"},{"taxonomy":"product_tag","embeddable":true,"href":"https:\/\/pizbube.ch\/en\/wp-json\/wp\/v2\/product_tag?post=153863"}],"curies":[{"name":"wp","href":"https:\/\/api.w.org\/{rel}","templated":true}]}}