{"id":153867,"date":"2021-01-15T12:53:37","date_gmt":"2021-01-15T12:53:37","guid":{"rendered":"https:\/\/codengine3.ch\/?product=import-placeholder-for-205301"},"modified":"2021-01-15T14:40:13","modified_gmt":"2021-01-15T14:40:13","slug":"wandsuechtig-ein-bergsteigerleben","status":"publish","type":"product","link":"https:\/\/pizbube.ch\/en\/shop\/wandsuechtig-ein-bergsteigerleben\/","title":{"rendered":"Wands\u00fcchtig Ein Bergsteigerleben"},"content":{"rendered":"<p>Was treibt Felskletterer in die gef\u00e4hrlichsten W\u00e4nde? Was macht ihn aus, den<br \/>\nunwiderstehlichen Reiz der Vertikale gegen\u00fcber dem horizontalen Terrain, f\u00fcr<br \/>\ndas der Mensch eigentlich geschaffen ist?  <\/p>\n<p>In seinem unterhaltsamen und scharfsinnigen Portr\u00e4t der britischen Berg- und<br \/>\nAusr\u00fcsterlegende Mo Anthoine geht der renommierte Journalist und passionierte<br \/>\nBergsteiger Al Alvarez diesen Fragen auf den Grund. Er schildert die<br \/>\ngl\u00fccklichsten und dramatischsten Momente im Leben eines Bergbesessenen, zu<br \/>\neiner Zeit, in der wilde Abenteuerlust und tief empfundene Freundschaft in der<br \/>\nWand noch mehr z\u00e4hlten als nackte Oberk\u00f6rper und Temporekorde.  <\/p>\n<p>&#8218;Die intensiven Erfahrungen mit der Natur, die Mo Anthoine auf seinen<br \/>\nExpeditionen sammelte, spornten ihn an, von unbekannten Herausforderungen zu<br \/>\ntr\u00e4umen und stets aufs Neue aufzubrechen. Immer wieder balancierte er dabei<br \/>\nauf dem schmalen Grat zwischen dem Hier und dem Jenseits. Doch jedes Mal<br \/>\ngelang es ihm, einen Weg aus den Bergen zur\u00fcck in den sicheren Alltag zu<br \/>\nfinden. Genau diese Erfahrungen brachten ihn Schritt f\u00fcr Schritt ein St\u00fcck<br \/>\nn\u00e4her zu sich selbst&#8216; (aus dem Vorwort von Ueli Steck).  <\/p>","protected":false},"excerpt":{"rendered":"<p>Was treibt Felskletterer in die gef\u00e4hrlichsten W\u00e4nde? Was macht ihn aus, den unwiderstehlichen Reiz der Vertikale gegen\u00fcber dem horizontalen Terrain, f\u00fcr das der Mensch eigentlich geschaffen ist? In seinem unterhaltsamen und scharfsinnigen Portr\u00e4t der britischen Berg- und Ausr\u00fcsterlegende Mo Anthoine geht der renommierte Journalist und passionierte Bergsteiger Al Alvarez diesen Fragen auf den Grund. Er [&#8230;]\n","protected":false},"featured_media":33968,"template":"","meta":[],"product_brand":[],"product_cat":[21542],"product_tag":[],"class_list":{"0":"post-153867","1":"product","2":"type-product","3":"status-publish","4":"has-post-thumbnail","6":"product_cat-sachbuecher-dokumentationen","7":"pa_autor-alvarez","8":"pa_erscheinungsjahr-21591","9":"pa_region-grossbritannien-scottland","10":"pa_sprache-de","12":"first","13":"outofstock","14":"taxable","15":"shipping-taxable","16":"purchasable","17":"product-type-simple"},"_links":{"self":[{"href":"https:\/\/pizbube.ch\/en\/wp-json\/wp\/v2\/product\/153867","targetHints":{"allow":["GET"]}}],"collection":[{"href":"https:\/\/pizbube.ch\/en\/wp-json\/wp\/v2\/product"}],"about":[{"href":"https:\/\/pizbube.ch\/en\/wp-json\/wp\/v2\/types\/product"}],"wp:featuredmedia":[{"embeddable":true,"href":"https:\/\/pizbube.ch\/en\/wp-json\/wp\/v2\/media\/33968"}],"wp:attachment":[{"href":"https:\/\/pizbube.ch\/en\/wp-json\/wp\/v2\/media?parent=153867"}],"wp:term":[{"taxonomy":"product_brand","embeddable":true,"href":"https:\/\/pizbube.ch\/en\/wp-json\/wp\/v2\/product_brand?post=153867"},{"taxonomy":"product_cat","embeddable":true,"href":"https:\/\/pizbube.ch\/en\/wp-json\/wp\/v2\/product_cat?post=153867"},{"taxonomy":"product_tag","embeddable":true,"href":"https:\/\/pizbube.ch\/en\/wp-json\/wp\/v2\/product_tag?post=153867"}],"curies":[{"name":"wp","href":"https:\/\/api.w.org\/{rel}","templated":true}]}}