{"id":153870,"date":"2021-01-15T12:53:37","date_gmt":"2021-01-15T12:53:37","guid":{"rendered":"https:\/\/codengine3.ch\/?product=import-placeholder-for-205567"},"modified":"2025-07-18T12:19:16","modified_gmt":"2025-07-18T10:19:16","slug":"komm-mein-maedchen-in-die-berge","status":"publish","type":"product","link":"https:\/\/pizbube.ch\/en\/shop\/komm-mein-maedchen-in-die-berge\/","title":{"rendered":"Komm, mein M\u00e4dchen, in die Berge"},"content":{"rendered":"<p>The Alps \/ Die Alpen.<\/p>\n<p>Irgendwann m\u00fcssen sie sich verliebt haben, erst ineinander, dann in die Berge.<br \/>\n\u00dcber mindestens drei\u00dfig Jahre sehen wir ein Paar langsam alt werden, durch<br \/>\nihre mit Selbstausl\u00f6ser fotografierten Doppelportr\u00e4ts d\u00fcrfen wir teilhaben an<br \/>\nihrer wohl gr\u00f6\u00dften Leidenschaft: dem Urlaub in den Alpen. Ausgew\u00e4hlt aus einem<br \/>\nriesigen Nachlass von Dias pr\u00e4sentiert uns Andrea Stultiens die faszinierende<br \/>\nLiebesgeschichte von D und G, \u00fcber die wir nicht mehr wissen, als dass sie<br \/>\ngerne reisten und fotografierten.<\/p>\n<p>Auf 45 Bildern lernen wir D. und G. kennen. Wir wissen nichts \u00fcber sie, au\u00dfer<br \/>\ndass sie die Berge liebten und das Fotografieren. Andrea Stultiens hat im<br \/>\ngro\u00dfen fotografischen Nachlass der beiden eine wunderbare Liebesgeschichte<br \/>\nentdeckt. \u00dcber ungef\u00e4hr drei\u00dfig Jahre ist das Paar immer wieder in die Alpen<br \/>\ngefahren und hat sich dort portr\u00e4tiert. Nicht einfach so, sondern immer vor<br \/>\neiner atemberaubenden Landschaft.<\/p>\n<p>Immer ber\u00fchren sich die beiden auf den Fotos, langsam altern sie gemeinsam.<br \/>\n&#8218;Komm, mein M\u00e4dchen, in die Berge&#8216; ist eine intime Liebesgeschichte, eine<br \/>\nliebevolle Hommage an die Alpen und au\u00dferdem ein herausragendes Fotobuch.<br \/>\nIn Englisch \/ Deutsch<\/p>\n<p>Neuauflage 2020<br \/>\n104 Seiten 14 x 20 cm, geb., 84 Abbildungen<\/p>","protected":false},"excerpt":{"rendered":"<p>The Alps \/ Die Alpen. Irgendwann m\u00fcssen sie sich verliebt haben, erst ineinander, dann in die Berge. \u00dcber mindestens drei\u00dfig Jahre sehen wir ein Paar langsam alt werden, durch ihre mit Selbstausl\u00f6ser fotografierten Doppelportr\u00e4ts d\u00fcrfen wir teilhaben an ihrer wohl gr\u00f6\u00dften Leidenschaft: dem Urlaub in den Alpen. Ausgew\u00e4hlt aus einem riesigen Nachlass von Dias pr\u00e4sentiert [&#8230;]\n","protected":false},"featured_media":180564,"template":"","meta":[],"product_brand":[],"product_cat":[21580],"product_tag":[],"class_list":{"0":"post-153870","1":"product","2":"type-product","3":"status-publish","4":"has-post-thumbnail","6":"product_cat-kunst-kultur","7":"pa_autor-stultiens","8":"pa_erscheinungsjahr-21558","9":"pa_region-deutschland","10":"pa_sprache-de","12":"first","13":"instock","14":"taxable","15":"shipping-taxable","16":"purchasable","17":"product-type-simple"},"_links":{"self":[{"href":"https:\/\/pizbube.ch\/en\/wp-json\/wp\/v2\/product\/153870","targetHints":{"allow":["GET"]}}],"collection":[{"href":"https:\/\/pizbube.ch\/en\/wp-json\/wp\/v2\/product"}],"about":[{"href":"https:\/\/pizbube.ch\/en\/wp-json\/wp\/v2\/types\/product"}],"wp:featuredmedia":[{"embeddable":true,"href":"https:\/\/pizbube.ch\/en\/wp-json\/wp\/v2\/media\/180564"}],"wp:attachment":[{"href":"https:\/\/pizbube.ch\/en\/wp-json\/wp\/v2\/media?parent=153870"}],"wp:term":[{"taxonomy":"product_brand","embeddable":true,"href":"https:\/\/pizbube.ch\/en\/wp-json\/wp\/v2\/product_brand?post=153870"},{"taxonomy":"product_cat","embeddable":true,"href":"https:\/\/pizbube.ch\/en\/wp-json\/wp\/v2\/product_cat?post=153870"},{"taxonomy":"product_tag","embeddable":true,"href":"https:\/\/pizbube.ch\/en\/wp-json\/wp\/v2\/product_tag?post=153870"}],"curies":[{"name":"wp","href":"https:\/\/api.w.org\/{rel}","templated":true}]}}