{"id":153872,"date":"2021-01-15T12:53:44","date_gmt":"2021-01-15T12:53:44","guid":{"rendered":"https:\/\/codengine3.ch\/?product=import-placeholder-for-208389"},"modified":"2021-08-03T12:05:05","modified_gmt":"2021-08-03T10:05:05","slug":"walliser-suonen","status":"publish","type":"product","link":"https:\/\/pizbube.ch\/en\/shop\/walliser-suonen\/","title":{"rendered":"Walliser Suonen"},"content":{"rendered":"<p>Bei diesem Buch handelt es sich um das Standartwerk zu den Suonen. Es versucht<br \/>\neinen m\u00f6glichst umfassenden \u00dcberblick zu den Suonen im gesamten Wallis zu<br \/>\ngeben. Ein Schwerpunkt liegt dabei auf der Geschichte und den Hintergr\u00fcnden<br \/>\nder Suonentechnik.<\/p>\n<p>Der erste Teil (geschichtliches) wurde von Jean-Henry Papilloud verfasst. Der<br \/>\nzweite Teil besch\u00e4ftigt sich mit den einzelnen Suonen in den verschiedenen<br \/>\nRegionen des Wallis. Eine Autorengemeinschaft aus regionalen Spezialisten hat<br \/>\nbereits im Jahr 1999 grosse Teile der Texte verfasst, welche nun durch<br \/>\nJohannes Gerber (Autor dieser Internetseite) umfassend \u00fcberarbeitet und<br \/>\nerg\u00e4nzt wurden.<\/p>\n<p>Im Rahmen des aktuellen grossen Interesse an den Suonen und deren<br \/>\nvoraussichtlicher Kandidatur als UNESCO-Welterbe wurde das Buch weitgehend<br \/>\n\u00fcberarbeitet und aktualisiert.<\/p>\n<p>Auf 360 Seiten werden \u00fcber 400 Suonen portr\u00e4tiert, wird die Geschichte der<br \/>\nSuonen beleuchtet und deren soziokulturellen Zusammenh\u00e4nge erl\u00e4utert.<br \/>\nHistorischer Teil und Beschreibung von 410 Suonen.<br \/>\n360 Seiten, 23 x 29 cm<\/p>","protected":false},"excerpt":{"rendered":"<p>Bei diesem Buch handelt es sich um das Standartwerk zu den Suonen. Es versucht einen m\u00f6glichst umfassenden \u00dcberblick zu den Suonen im gesamten Wallis zu geben. Ein Schwerpunkt liegt dabei auf der Geschichte und den Hintergr\u00fcnden der Suonentechnik. Der erste Teil (geschichtliches) wurde von Jean-Henry Papilloud verfasst. Der zweite Teil besch\u00e4ftigt sich mit den einzelnen [&#8230;]\n","protected":false},"featured_media":157108,"template":"","meta":[],"product_brand":[],"product_cat":[21542],"product_tag":[],"class_list":{"0":"post-153872","1":"product","2":"type-product","3":"status-publish","4":"has-post-thumbnail","6":"product_cat-sachbuecher-dokumentationen","7":"pa_autor-papilloud-gerber","8":"pa_erscheinungsjahr-21597","9":"pa_region-schweiz","10":"pa_sprache-de","12":"first","13":"instock","14":"taxable","15":"shipping-taxable","16":"purchasable","17":"product-type-simple"},"_links":{"self":[{"href":"https:\/\/pizbube.ch\/en\/wp-json\/wp\/v2\/product\/153872","targetHints":{"allow":["GET"]}}],"collection":[{"href":"https:\/\/pizbube.ch\/en\/wp-json\/wp\/v2\/product"}],"about":[{"href":"https:\/\/pizbube.ch\/en\/wp-json\/wp\/v2\/types\/product"}],"wp:featuredmedia":[{"embeddable":true,"href":"https:\/\/pizbube.ch\/en\/wp-json\/wp\/v2\/media\/157108"}],"wp:attachment":[{"href":"https:\/\/pizbube.ch\/en\/wp-json\/wp\/v2\/media?parent=153872"}],"wp:term":[{"taxonomy":"product_brand","embeddable":true,"href":"https:\/\/pizbube.ch\/en\/wp-json\/wp\/v2\/product_brand?post=153872"},{"taxonomy":"product_cat","embeddable":true,"href":"https:\/\/pizbube.ch\/en\/wp-json\/wp\/v2\/product_cat?post=153872"},{"taxonomy":"product_tag","embeddable":true,"href":"https:\/\/pizbube.ch\/en\/wp-json\/wp\/v2\/product_tag?post=153872"}],"curies":[{"name":"wp","href":"https:\/\/api.w.org\/{rel}","templated":true}]}}