{"id":153876,"date":"2021-01-15T12:53:45","date_gmt":"2021-01-15T12:53:45","guid":{"rendered":"https:\/\/codengine3.ch\/?product=import-placeholder-for-203885"},"modified":"2021-01-15T14:27:33","modified_gmt":"2021-01-15T14:27:33","slug":"badile-bergell-und-belina","status":"publish","type":"product","link":"https:\/\/pizbube.ch\/en\/shop\/badile-bergell-und-belina\/","title":{"rendered":"Badile, Bergell und Belina"},"content":{"rendered":"<p>Ein Buch \u00fcber das Leben in den Bergen, mit den Bergen, f\u00fcr die Berge.<br \/>\nBergf\u00fchrer Walter Belina erz\u00e4hlt aus seinem Leben. Darin nehmen das Bergell<br \/>\nund sein imposantester Gipfel, der Badile, einen besonderen Platz ein. Walter<br \/>\nBelina -inzwischen 86-j\u00e4hrig- hat sich vielen Heraus- forderungen der Berge,<br \/>\ndes Berufs und des Lebens gestellt. Jetzt zieht er Bilanz, voll Begeisterung,<br \/>\naber auch nachdenklich, besinnlich, bescheiden. Scheinbar un\u00fcberwindbare Wege<br \/>\nhat er gemeistert. Viele haben ihn dabei begleitet. Ihnen allen sagt er<br \/>\naufrichtig Dank und zeigt, wie die Welt aussehen kann, wenn man an grosse<br \/>\nZiele glaubt. So ist das Buch \u00fcber einen Berg, zum Buch \u00fcber die<br \/>\nHerausforderung des Lebens geworden. Jede Seite bebildert, 164 Seiten,<br \/>\nHardcover, Format 17.5&#215;25.5cm<\/p>","protected":false},"excerpt":{"rendered":"<p>Ein Buch \u00fcber das Leben in den Bergen, mit den Bergen, f\u00fcr die Berge. Bergf\u00fchrer Walter Belina erz\u00e4hlt aus seinem Leben. Darin nehmen das Bergell und sein imposantester Gipfel, der Badile, einen besonderen Platz ein. Walter Belina -inzwischen 86-j\u00e4hrig- hat sich vielen Heraus- forderungen der Berge, des Berufs und des Lebens gestellt. Jetzt zieht er [&#8230;]\n","protected":false},"featured_media":31593,"template":"","meta":[],"product_brand":[],"product_cat":[21542],"product_tag":[],"class_list":{"0":"post-153876","1":"product","2":"type-product","3":"status-publish","4":"has-post-thumbnail","6":"product_cat-sachbuecher-dokumentationen","7":"pa_autor-belina","8":"pa_erscheinungsjahr-21776","9":"pa_region-schweiz","10":"pa_sprache-de","12":"first","13":"outofstock","14":"taxable","15":"shipping-taxable","16":"purchasable","17":"product-type-simple"},"_links":{"self":[{"href":"https:\/\/pizbube.ch\/en\/wp-json\/wp\/v2\/product\/153876","targetHints":{"allow":["GET"]}}],"collection":[{"href":"https:\/\/pizbube.ch\/en\/wp-json\/wp\/v2\/product"}],"about":[{"href":"https:\/\/pizbube.ch\/en\/wp-json\/wp\/v2\/types\/product"}],"wp:featuredmedia":[{"embeddable":true,"href":"https:\/\/pizbube.ch\/en\/wp-json\/wp\/v2\/media\/31593"}],"wp:attachment":[{"href":"https:\/\/pizbube.ch\/en\/wp-json\/wp\/v2\/media?parent=153876"}],"wp:term":[{"taxonomy":"product_brand","embeddable":true,"href":"https:\/\/pizbube.ch\/en\/wp-json\/wp\/v2\/product_brand?post=153876"},{"taxonomy":"product_cat","embeddable":true,"href":"https:\/\/pizbube.ch\/en\/wp-json\/wp\/v2\/product_cat?post=153876"},{"taxonomy":"product_tag","embeddable":true,"href":"https:\/\/pizbube.ch\/en\/wp-json\/wp\/v2\/product_tag?post=153876"}],"curies":[{"name":"wp","href":"https:\/\/api.w.org\/{rel}","templated":true}]}}