{"id":153878,"date":"2021-01-15T12:53:45","date_gmt":"2021-01-15T12:53:45","guid":{"rendered":"https:\/\/codengine3.ch\/?product=import-placeholder-for-205825"},"modified":"2024-10-18T15:15:24","modified_gmt":"2024-10-18T13:15:24","slug":"arte-hotel-bregaglia-2010-2013","status":"publish","type":"product","link":"https:\/\/pizbube.ch\/en\/shop\/arte-hotel-bregaglia-2010-2013\/","title":{"rendered":"Arte Hotel Bregaglia 2010\u20132013"},"content":{"rendered":"<p>Das Kunstereignis \u2013 seine Entdeckungen &amp; Geschichten<\/p>\n<p>Das Hotel Bregaglia in Promontogno wirkt auf seine Besucher skurril und<br \/>\nanziehend zugleich. Wie ein Findling aus einer fernen Zeit h\u00e4lt der Belle-<br \/>\n\u00c9poque-Bau dem Wandel stand. Trotz vielf\u00e4ltigem Int\u00e9rieur hat es seinen ganz<br \/>\neigenen Charme bewahrt. Diesem verfielen in den letzten vier Jahren auch 17<br \/>\ninternational bekannte K\u00fcnstlerinnen und K\u00fcnstler. Ihre Kunstprojekte deckten<br \/>\nVerborgenes und Vergessenes aus der bald 140-j\u00e4hrigen Geschichte des Hotels<br \/>\nauf, schlugen Br\u00fccken zur Pionierzeit des alpinen Tourismus und zogen<br \/>\nVerbindungen ins Heute. Arte Hotel Bregaglia entwickelte sich zu einem viel<br \/>\nbeachteten Kulturereignis.<\/p>\n<p>Das Buch pr\u00e4sentiert die k\u00fcnstlerischen Interventionen der Jahre 2010 bis<br \/>\n2013, beleuchtet die alpine Umgebung des Tals als Ort des zeitgen\u00f6ssischen<br \/>\nKunstgeschehens und f\u00fchrt ein in die Geschichte des Hotels und seiner G\u00e4ste.<\/p>\n<p>Herausgegeben von Progetti d\u2019arte in Val Bregaglia und Luciano Fasciati. Mit<br \/>\nBeitr\u00e4gen von Angelika Affentranger-Kirchrath, Walter Angonese, Kathleen<br \/>\nB\u00fchler, Luciano Fasciati, C\u00e9line Gaillard, Gisela Kuoni, Nadine Olonetzky,<br \/>\nCordula Seger.<\/p>\n<p>228 Seiten; 151 farbige und sw Abbildungen; gebunden<\/p>","protected":false},"excerpt":{"rendered":"<p>Das Kunstereignis \u2013 seine Entdeckungen &amp; Geschichten Das Hotel Bregaglia in Promontogno wirkt auf seine Besucher skurril und anziehend zugleich. Wie ein Findling aus einer fernen Zeit h\u00e4lt der Belle- \u00c9poque-Bau dem Wandel stand. Trotz vielf\u00e4ltigem Int\u00e9rieur hat es seinen ganz eigenen Charme bewahrt. Diesem verfielen in den letzten vier Jahren auch 17 international bekannte [&#8230;]\n","protected":false},"featured_media":176809,"template":"","meta":[],"product_brand":[],"product_cat":[21542],"product_tag":[],"class_list":{"0":"post-153878","1":"product","2":"type-product","3":"status-publish","4":"has-post-thumbnail","6":"product_cat-sachbuecher-dokumentationen","7":"pa_autor-rucki-keller","8":"pa_erscheinungsjahr-21550","9":"pa_region-schweiz","10":"pa_sprache-de","12":"first","13":"onbackorder","14":"taxable","15":"shipping-taxable","16":"purchasable","17":"product-type-simple"},"_links":{"self":[{"href":"https:\/\/pizbube.ch\/en\/wp-json\/wp\/v2\/product\/153878","targetHints":{"allow":["GET"]}}],"collection":[{"href":"https:\/\/pizbube.ch\/en\/wp-json\/wp\/v2\/product"}],"about":[{"href":"https:\/\/pizbube.ch\/en\/wp-json\/wp\/v2\/types\/product"}],"wp:featuredmedia":[{"embeddable":true,"href":"https:\/\/pizbube.ch\/en\/wp-json\/wp\/v2\/media\/176809"}],"wp:attachment":[{"href":"https:\/\/pizbube.ch\/en\/wp-json\/wp\/v2\/media?parent=153878"}],"wp:term":[{"taxonomy":"product_brand","embeddable":true,"href":"https:\/\/pizbube.ch\/en\/wp-json\/wp\/v2\/product_brand?post=153878"},{"taxonomy":"product_cat","embeddable":true,"href":"https:\/\/pizbube.ch\/en\/wp-json\/wp\/v2\/product_cat?post=153878"},{"taxonomy":"product_tag","embeddable":true,"href":"https:\/\/pizbube.ch\/en\/wp-json\/wp\/v2\/product_tag?post=153878"}],"curies":[{"name":"wp","href":"https:\/\/api.w.org\/{rel}","templated":true}]}}