{"id":153879,"date":"2021-01-15T12:53:45","date_gmt":"2021-01-15T12:53:45","guid":{"rendered":"https:\/\/codengine3.ch\/?product=import-placeholder-for-203713"},"modified":"2025-07-08T17:35:37","modified_gmt":"2025-07-08T15:35:37","slug":"peilstein-kletterfuehrer","status":"publish","type":"product","link":"https:\/\/pizbube.ch\/en\/shop\/peilstein-kletterfuehrer\/","title":{"rendered":"PEILSTEIN Kletterf\u00fchrer"},"content":{"rendered":"<p>Peilstein-Hauptw\u00e4nde, Thalhofergrat, Arnstein, Holzschlag &#8211; 1.400 Routen und<br \/>\n\u00fcber 155 Boulder<\/p>\n<p>Komplett aktualisierte, \u00fcberarbeitete und mit den neuen Klettergebieten stark<br \/>\nerweiterte Neuauflage des beliebten Kletterf\u00fchrers!Jetzt inkl. der Top-<br \/>\nKlettergebiete Thalhofergrat, Arnstein und Holzschlag (insgesamt ca. 500<br \/>\nRouten!), wodurch im Gesamten (inkl. Peilstein-Hauptw\u00e4nde) etwa 1.400 Routen<br \/>\naller Schwierigkeitsgrade \u00fcbersichtlich pr\u00e4sentiert werden!<\/p>\n<p>Der Peilstein ist einer der sch\u00f6nsten und gr\u00f6\u00dften Kletterg\u00e4rten \u00d6sterreichs<br \/>\nvon internationalem Format. Seit vielen Generationen wird hier schon<br \/>\ngeklettert und Geschichte geschrieben.<br \/>\nSeit der 1. Auflage (2005) sind 8 Jahre vergangen, in welchen sich der Trend<br \/>\nzum Klettersport vervielfacht hat. Beinhaltet alle Routen der Peilstein<br \/>\nHauptw\u00e4nde, des Thalhofergrates und der Klettergebiete Arnstein sowie<br \/>\nHolzschlag.<\/p>\n<p>Die Komplett-Sanierung durch Ewald Gauster ist abgeschlossen. Viele neue<br \/>\nRouten und Sektoren sind in den letzten Jahren vor allem im Bereich<br \/>\nThalhofergrat und der Arnsteinw\u00e4nde dazu gekommen, die meisten Klassiker<br \/>\nwurden mit Klebehaken saniert. Die 2. Auflage des Peilstein\u00adKletterf\u00fchrers<br \/>\numfasst \u00fcbersichtlich s\u00e4mtliche Routen, mit detaillierten Farbtopos sowie<br \/>\nvielen Wand- und Kletterfotos.<\/p>\n<p>Der neue F\u00fchrer setzt an Umfang, Aufmachung, bew\u00e4hrter Qualit\u00e4t und pr\u00e4ziser<br \/>\nInformation wieder neue Ma\u00dfst\u00e4be und ist ein verl\u00e4sslicher und unverzichtbarer<br \/>\nBegleiter f\u00fcr alle Kletterer im Osten \u00d6sterreichs sowie f\u00fcr unsere \u00f6stlichen<br \/>\nund n\u00f6rdlichen Nachbarn. Die Pr\u00e4sentation erfolgt mit vierf\u00e4rbigen Topos inkl.<br \/>\nAbsicherungs- und Felsbewertung, Routen- und Seill\u00e4ngen-Charakter, Rp-<br \/>\nBewertung, Schnell\u00fcberblick, Materialinfo, Wandexposition, usw., usw. Dazu<br \/>\nauch ein historischer \u00dcberblick sowie viele historische und humorvolle<br \/>\nKurzgeschichten \u00fcber gro\u00dfe und kleine Taten vergangener Jahrzehnte!<\/p>","protected":false},"excerpt":{"rendered":"<ul>\n<li><a href=\"https:\/\/pizbube.ch\/wp-content\/uploads\/attachments\/a_031\/F39E96E8B6C02932DCA403A70E71DD88.pdf\" target=\"_blank\" rel=\"noopener\">PDF: peilstein-inhaltsverzeichnis<\/a><\/li>\n<\/ul>","protected":false},"featured_media":40974,"template":"","meta":[],"product_brand":[],"product_cat":[21539],"product_tag":[],"class_list":{"0":"post-153879","1":"product","2":"type-product","3":"status-publish","4":"has-post-thumbnail","6":"product_cat-fuehrerliteratur-sportklettern-bouldern","7":"pa_autor-gauster-schall","8":"pa_erscheinungsjahr-21568","9":"pa_region-oesterreich","10":"pa_sprache-de","11":"pa_sprache-en","13":"first","14":"onbackorder","15":"taxable","16":"shipping-taxable","17":"purchasable","18":"product-type-simple"},"_links":{"self":[{"href":"https:\/\/pizbube.ch\/en\/wp-json\/wp\/v2\/product\/153879","targetHints":{"allow":["GET"]}}],"collection":[{"href":"https:\/\/pizbube.ch\/en\/wp-json\/wp\/v2\/product"}],"about":[{"href":"https:\/\/pizbube.ch\/en\/wp-json\/wp\/v2\/types\/product"}],"wp:featuredmedia":[{"embeddable":true,"href":"https:\/\/pizbube.ch\/en\/wp-json\/wp\/v2\/media\/40974"}],"wp:attachment":[{"href":"https:\/\/pizbube.ch\/en\/wp-json\/wp\/v2\/media?parent=153879"}],"wp:term":[{"taxonomy":"product_brand","embeddable":true,"href":"https:\/\/pizbube.ch\/en\/wp-json\/wp\/v2\/product_brand?post=153879"},{"taxonomy":"product_cat","embeddable":true,"href":"https:\/\/pizbube.ch\/en\/wp-json\/wp\/v2\/product_cat?post=153879"},{"taxonomy":"product_tag","embeddable":true,"href":"https:\/\/pizbube.ch\/en\/wp-json\/wp\/v2\/product_tag?post=153879"}],"curies":[{"name":"wp","href":"https:\/\/api.w.org\/{rel}","templated":true}]}}