{"id":153880,"date":"2021-01-15T12:53:45","date_gmt":"2021-01-15T12:53:45","guid":{"rendered":"https:\/\/codengine3.ch\/?product=import-placeholder-for-203733"},"modified":"2021-01-15T14:26:05","modified_gmt":"2021-01-15T14:26:05","slug":"totes-gebirge","status":"publish","type":"product","link":"https:\/\/pizbube.ch\/en\/shop\/totes-gebirge\/","title":{"rendered":"Totes Gebirge"},"content":{"rendered":"<p>Das Tote Gebirge ist eine der geheimnisvollsten Alpenregionen \u00fcberhaupt: Ein<br \/>\nsteil aufragendes Kalkgebirge mit weiten, stark verkarsteten Hochplateaus.<br \/>\nDiese sind jedoch keineswegs eben, sondern geradezu perforiert mit Dolinen und<br \/>\ntiefreichenden Karstschloten, die in manchen F\u00e4llen in riesige H\u00f6hlen<br \/>\nhinabreichen. Die griffigen Kalkw\u00e4nde der Gipfel und Plateaur\u00e4nder sind ein<br \/>\nParadies f\u00fcr Kletterer. Zu beschaulichem Wandern laden dagegen die lieblichen<br \/>\nAlmlandschaften um den Felskern herum ein, die mit ihren reizvollen, teils<br \/>\ngeheimnisumwitterten Seen auch den Entdeckerdrang wecken.  <\/p>\n<p>Der Autor ist ein ausgewiesener Kenner des Toten Gebirges. Er hat alle<br \/>\nwichtigen Informationen \u00fcber die Wege, H\u00fctten und Gipfel des Toten Gebirges<br \/>\nzusammenstellt und f\u00fcr die neue Auflage aktualisiert.<br \/>\nDen Richtlinien der UIAA entsprechend gibt es zu jeder Route einen<br \/>\nBeschreibungskopf, der auf den ersten Blick alle Angaben zu Erstbegeher,<br \/>\nSchwierigkeitsgrad, Zeit, Ausgangspunkt und eine kurze Charakteristik der<br \/>\nRoute liefert. 336 Seiten mit 50 Schwarz-Wei\u00df-Abbildungen.<br \/>\n4. neu bearb. Auflg. 2005  <\/p>","protected":false},"excerpt":{"rendered":"<p>Das Tote Gebirge ist eine der geheimnisvollsten Alpenregionen \u00fcberhaupt: Ein steil aufragendes Kalkgebirge mit weiten, stark verkarsteten Hochplateaus. Diese sind jedoch keineswegs eben, sondern geradezu perforiert mit Dolinen und tiefreichenden Karstschloten, die in manchen F\u00e4llen in riesige H\u00f6hlen hinabreichen. Die griffigen Kalkw\u00e4nde der Gipfel und Plateaur\u00e4nder sind ein Paradies f\u00fcr Kletterer. Zu beschaulichem Wandern laden [&#8230;]\n","protected":false},"featured_media":31402,"template":"","meta":[],"product_brand":[],"product_cat":[21544],"product_tag":[],"class_list":{"0":"post-153880","1":"product","2":"type-product","3":"status-publish","4":"has-post-thumbnail","6":"product_cat-fuehrerliteratur-alpin-sommer","7":"pa_autor-rabeder","8":"pa_erscheinungsjahr-21776","9":"pa_region-oesterreich","10":"pa_sprache-de","12":"first","13":"outofstock","14":"taxable","15":"shipping-taxable","16":"purchasable","17":"product-type-simple"},"_links":{"self":[{"href":"https:\/\/pizbube.ch\/en\/wp-json\/wp\/v2\/product\/153880","targetHints":{"allow":["GET"]}}],"collection":[{"href":"https:\/\/pizbube.ch\/en\/wp-json\/wp\/v2\/product"}],"about":[{"href":"https:\/\/pizbube.ch\/en\/wp-json\/wp\/v2\/types\/product"}],"wp:featuredmedia":[{"embeddable":true,"href":"https:\/\/pizbube.ch\/en\/wp-json\/wp\/v2\/media\/31402"}],"wp:attachment":[{"href":"https:\/\/pizbube.ch\/en\/wp-json\/wp\/v2\/media?parent=153880"}],"wp:term":[{"taxonomy":"product_brand","embeddable":true,"href":"https:\/\/pizbube.ch\/en\/wp-json\/wp\/v2\/product_brand?post=153880"},{"taxonomy":"product_cat","embeddable":true,"href":"https:\/\/pizbube.ch\/en\/wp-json\/wp\/v2\/product_cat?post=153880"},{"taxonomy":"product_tag","embeddable":true,"href":"https:\/\/pizbube.ch\/en\/wp-json\/wp\/v2\/product_tag?post=153880"}],"curies":[{"name":"wp","href":"https:\/\/api.w.org\/{rel}","templated":true}]}}