{"id":153881,"date":"2021-01-15T12:53:45","date_gmt":"2021-01-15T12:53:45","guid":{"rendered":"https:\/\/codengine3.ch\/?product=import-placeholder-for-205508"},"modified":"2021-01-15T14:41:46","modified_gmt":"2021-01-15T14:41:46","slug":"gesaeuse-pioniere","status":"publish","type":"product","link":"https:\/\/pizbube.ch\/en\/shop\/gesaeuse-pioniere\/","title":{"rendered":"GES\u00c4USE-PIONIERE"},"content":{"rendered":"<p>Alpingeschichte aus der Universit\u00e4t des Bergsteigen  <\/p>\n<p>Das Ges\u00e4use &#8211; die &#8218;Universit\u00e4t des Bergsteigens&#8216; &#8211; ist Schauplatz einer<br \/>\nmonumentalen Neuerscheinung \u00fcber die Entwicklungsgeschichte des Bergsteigens.<br \/>\n74 Biografien erz\u00e4hlen von Entdeckern, Erschlie\u00dfern und Eroberern, von alpinen<br \/>\nPioniertaten, die von &#8218;der Alpenstange bis zum 8000er als Tagestour&#8216; reichen.<br \/>\nWeitere Kapitel berichten vom Ges\u00e4use aus der Sicht der Maler und Kartografen,<br \/>\nvon der Entstehung der Bergrettung, von den Anf\u00e4ngen des alpinen Schilaufs und<br \/>\nvon Frauen, die in allerh\u00f6chsten Schwierigkeitsgraden der maskulinen Alpinwelt<br \/>\nParoli boten. Ein Standardwerk, das in keiner Alpinbibliothek fehlen darf!  <\/p>","protected":false},"excerpt":{"rendered":"<p>Alpingeschichte aus der Universit\u00e4t des Bergsteigen Das Ges\u00e4use &#8211; die &#8218;Universit\u00e4t des Bergsteigens&#8216; &#8211; ist Schauplatz einer monumentalen Neuerscheinung \u00fcber die Entwicklungsgeschichte des Bergsteigens. 74 Biografien erz\u00e4hlen von Entdeckern, Erschlie\u00dfern und Eroberern, von alpinen Pioniertaten, die von &#8218;der Alpenstange bis zum 8000er als Tagestour&#8216; reichen. Weitere Kapitel berichten vom Ges\u00e4use aus der Sicht der Maler [&#8230;]\n","protected":false},"featured_media":34234,"template":"","meta":[],"product_brand":[],"product_cat":[21542],"product_tag":[],"class_list":{"0":"post-153881","1":"product","2":"type-product","3":"status-publish","4":"has-post-thumbnail","6":"product_cat-sachbuecher-dokumentationen","7":"pa_autor-hasitschka-kren-mokrejs","8":"pa_erscheinungsjahr-21591","9":"pa_region-oesterreich","10":"pa_sprache-de","12":"first","13":"instock","14":"taxable","15":"shipping-taxable","16":"purchasable","17":"product-type-simple"},"_links":{"self":[{"href":"https:\/\/pizbube.ch\/en\/wp-json\/wp\/v2\/product\/153881","targetHints":{"allow":["GET"]}}],"collection":[{"href":"https:\/\/pizbube.ch\/en\/wp-json\/wp\/v2\/product"}],"about":[{"href":"https:\/\/pizbube.ch\/en\/wp-json\/wp\/v2\/types\/product"}],"wp:featuredmedia":[{"embeddable":true,"href":"https:\/\/pizbube.ch\/en\/wp-json\/wp\/v2\/media\/34234"}],"wp:attachment":[{"href":"https:\/\/pizbube.ch\/en\/wp-json\/wp\/v2\/media?parent=153881"}],"wp:term":[{"taxonomy":"product_brand","embeddable":true,"href":"https:\/\/pizbube.ch\/en\/wp-json\/wp\/v2\/product_brand?post=153881"},{"taxonomy":"product_cat","embeddable":true,"href":"https:\/\/pizbube.ch\/en\/wp-json\/wp\/v2\/product_cat?post=153881"},{"taxonomy":"product_tag","embeddable":true,"href":"https:\/\/pizbube.ch\/en\/wp-json\/wp\/v2\/product_tag?post=153881"}],"curies":[{"name":"wp","href":"https:\/\/api.w.org\/{rel}","templated":true}]}}