{"id":153886,"date":"2021-01-15T12:53:46","date_gmt":"2021-01-15T12:53:46","guid":{"rendered":"https:\/\/codengine3.ch\/?product=import-placeholder-for-207054"},"modified":"2021-11-02T10:22:04","modified_gmt":"2021-11-02T09:22:04","slug":"manolo-verticalmente-demode-dvd","status":"publish","type":"product","link":"https:\/\/pizbube.ch\/en\/shop\/manolo-verticalmente-demode-dvd\/","title":{"rendered":"manolo verticalmente d\u00e9mod\u00e9 dvd"},"content":{"rendered":"<p>Sie ist nicht die schwierigste Route der Welt, sondern schlichtweg die in<br \/>\n\u201asportlicher Hinsicht\u2018 schwierigste Route, die ich jemals durchklettert habe.<br \/>\nDie Geschichte ist lang und beginnt in dem Moment, als ich mich zum ersten Mal<br \/>\ngefragt habe, wie wohl diese Orte beschaffen sind, hinter denen die Sonne<br \/>\njeden Abend verschwindet. Eternit, versteckt genau da oben, in einer einsamen<br \/>\nund vergessenen Landschaft dieser Bergwelt, klein und \u201avertikal demod\u00e8\u2018, auf<br \/>\nhalber Strecke zwischen der Gegend, in der ich geboren wurde, und der, in der<br \/>\nich gelebt habe. Manolo<\/p>\n<p>Non \u00e8 la via pi\u00f9 difficile del mondo, \u00e8 semplicemente la via sportiva pi\u00f9<br \/>\ndifficile che ho scalato. Ha una storia lunga e comincia quando mi sono<br \/>\nchiesto la prima volta come potevano essere quei luoghi dove ogni sera andava<br \/>\na morire il sole.<br \/>\nEternit, \u00e8 nascosta proprio lass\u00f9, in un ambiente solitario e dimenticato di<br \/>\nqueste montagne, piccola e verticalmente Demode` a met\u00e0 fra i luoghi, dove<br \/>\nsono nato e, quelli dove sono vissuto: con queste parole e con le immagini<br \/>\ndella roccia della parete e di lui che la sta arrampicando Maurizio Manolo<br \/>\nZanolla racconta le proprie motivazioni ed emozioni ritrovando una via che<br \/>\naveva individuato molti anni prima con la quale aveva a lungo ritenuto<br \/>\nimpossibile confrontarsi.<\/p>\n<p>DVD; 18 min. &#8211; Untertitel in Deutsch, Franz\u00f6sisch, Englisch und Spanisch<\/p>","protected":false},"excerpt":{"rendered":"<ul>\n<li><a href=\"https:\/\/vimeo.com\/40284891\" target=\"_blank\" rel=\"noopener\">Video: manolo verticalmente d\u00e9mod\u00e9 dvd<\/a><\/li>\n<\/ul>","protected":false},"featured_media":124538,"template":"","meta":[],"product_brand":[],"product_cat":[21628],"product_tag":[],"class_list":{"0":"post-153886","1":"product","2":"type-product","3":"status-publish","4":"has-post-thumbnail","6":"product_cat-video-dvd-multimedia","7":"pa_autor-carrari-zanolla","8":"pa_erscheinungsjahr-21621","9":"pa_region-italien","10":"pa_sprache-d","11":"pa_sprache-e","12":"pa_sprache-f","13":"pa_sprache-i","15":"first","16":"outofstock","17":"taxable","18":"shipping-taxable","19":"purchasable","20":"product-type-simple"},"_links":{"self":[{"href":"https:\/\/pizbube.ch\/en\/wp-json\/wp\/v2\/product\/153886","targetHints":{"allow":["GET"]}}],"collection":[{"href":"https:\/\/pizbube.ch\/en\/wp-json\/wp\/v2\/product"}],"about":[{"href":"https:\/\/pizbube.ch\/en\/wp-json\/wp\/v2\/types\/product"}],"wp:featuredmedia":[{"embeddable":true,"href":"https:\/\/pizbube.ch\/en\/wp-json\/wp\/v2\/media\/124538"}],"wp:attachment":[{"href":"https:\/\/pizbube.ch\/en\/wp-json\/wp\/v2\/media?parent=153886"}],"wp:term":[{"taxonomy":"product_brand","embeddable":true,"href":"https:\/\/pizbube.ch\/en\/wp-json\/wp\/v2\/product_brand?post=153886"},{"taxonomy":"product_cat","embeddable":true,"href":"https:\/\/pizbube.ch\/en\/wp-json\/wp\/v2\/product_cat?post=153886"},{"taxonomy":"product_tag","embeddable":true,"href":"https:\/\/pizbube.ch\/en\/wp-json\/wp\/v2\/product_tag?post=153886"}],"curies":[{"name":"wp","href":"https:\/\/api.w.org\/{rel}","templated":true}]}}