{"id":153887,"date":"2021-01-15T12:53:47","date_gmt":"2021-01-15T12:53:47","guid":{"rendered":"https:\/\/codengine3.ch\/?product=import-placeholder-for-208551"},"modified":"2026-01-28T10:55:35","modified_gmt":"2026-01-28T09:55:35","slug":"cavallers-travessani-y-aigueestortes","status":"publish","type":"product","link":"https:\/\/pizbube.ch\/en\/shop\/cavallers-travessani-y-aigueestortes\/","title":{"rendered":"Cavallers, Travessani y Aig\u00fcestortes"},"content":{"rendered":"<p>Este libro incluye las zonas de escalada enclavadas en la zona alta de la Vall<br \/>\nde Bo\u00ed: Cavallers, Travessani y Aig\u00fcestortes.<\/p>\n<p>Trata de manera no exhaustiva (existen m\u00e1s itinerarios no rese\u00f1ados) tanto las<br \/>\nv\u00edas deportivas como los itinerarios de varios largos. Editada a todo color y<br \/>\ncon multitud de fotograf\u00edas, contiene las siguientes zonas:<\/p>\n<p>1 CAVALLERS \u2013 ZONAS POR DEBAJO DE LA PRESA<br \/>\n2-CAVALLERS II \u2013 CONTRAFORTS DE COMALESTORRES<br \/>\n3-CAVALLERS III \u2013 ZONAS A LA DERECHA DE LA PRESA<br \/>\n4-CAVALLERS IV \u2013 ZONAS A LA IZQUIERDA DE LA PRESA<\/p>\n<p>5-CAVALLERS V \u2013 AGULLES DE COMALESTORRES<br \/>\n6-CAVALLERS VI \u2013 COMALTES Y COMALESBIENES<\/p>\n<p>7-TRAVESSANI I \u2013 ZONAS DEPORTIVAS<br \/>\n8-TRAVESSANI II \u2013 V\u00cdAS LARGAS<\/p>\n<p>9-AIG\u00dcESTORTES<\/p>","protected":false},"excerpt":{"rendered":"<p>Este libro incluye las zonas de escalada enclavadas en la zona alta de la Vall de Bo\u00ed: Cavallers, Travessani y Aig\u00fcestortes. Trata de manera no exhaustiva (existen m\u00e1s itinerarios no rese\u00f1ados) tanto las v\u00edas deportivas como los itinerarios de varios largos. Editada a todo color y con multitud de fotograf\u00edas, contiene las siguientes zonas: 1 [&#8230;]\n","protected":false},"featured_media":182995,"template":"","meta":[],"product_brand":[],"product_cat":[21539],"product_tag":[],"class_list":{"0":"post-153887","1":"product","2":"type-product","3":"status-publish","4":"has-post-thumbnail","6":"product_cat-fuehrerliteratur-sportklettern-bouldern","7":"pa_autor-alfonso","8":"pa_erscheinungsjahr-21610","9":"pa_region-spanien","10":"pa_sprache-es","12":"first","13":"instock","14":"taxable","15":"shipping-taxable","16":"purchasable","17":"product-type-simple"},"_links":{"self":[{"href":"https:\/\/pizbube.ch\/en\/wp-json\/wp\/v2\/product\/153887","targetHints":{"allow":["GET"]}}],"collection":[{"href":"https:\/\/pizbube.ch\/en\/wp-json\/wp\/v2\/product"}],"about":[{"href":"https:\/\/pizbube.ch\/en\/wp-json\/wp\/v2\/types\/product"}],"wp:featuredmedia":[{"embeddable":true,"href":"https:\/\/pizbube.ch\/en\/wp-json\/wp\/v2\/media\/182995"}],"wp:attachment":[{"href":"https:\/\/pizbube.ch\/en\/wp-json\/wp\/v2\/media?parent=153887"}],"wp:term":[{"taxonomy":"product_brand","embeddable":true,"href":"https:\/\/pizbube.ch\/en\/wp-json\/wp\/v2\/product_brand?post=153887"},{"taxonomy":"product_cat","embeddable":true,"href":"https:\/\/pizbube.ch\/en\/wp-json\/wp\/v2\/product_cat?post=153887"},{"taxonomy":"product_tag","embeddable":true,"href":"https:\/\/pizbube.ch\/en\/wp-json\/wp\/v2\/product_tag?post=153887"}],"curies":[{"name":"wp","href":"https:\/\/api.w.org\/{rel}","templated":true}]}}