{"id":153892,"date":"2021-01-15T12:53:55","date_gmt":"2021-01-15T12:53:55","guid":{"rendered":"https:\/\/codengine3.ch\/?product=import-placeholder-for-203366"},"modified":"2021-01-15T14:22:33","modified_gmt":"2021-01-15T14:22:33","slug":"escalade-en-ariege-le-plantaurel","status":"publish","type":"product","link":"https:\/\/pizbube.ch\/en\/shop\/escalade-en-ariege-le-plantaurel\/","title":{"rendered":"Escalade en Ari\u00e8ge Le Plantaurel"},"content":{"rendered":"<p>Cette double cr\u00eate calcaire marque la limite entre plaines et montagne<br \/>\nd&#8217;Ari\u00e8ge. Au coeur de ces petites Pyr\u00e9n\u00e9es, pays des Cathares, Il s&#8217;est<br \/>\nd\u00e9velopp\u00e9 une grimpe vari\u00e9e et ensoleill\u00e9e. 350 voies du 2a au 8b sur les<br \/>\nblocs d&#8217;Arabaux, les couennes du Carol, les dalles \u00e0 l&#8217;assaut du Ch\u00e2teau de<br \/>\nRoquefixade&#8230;  <\/p>","protected":false},"excerpt":{"rendered":"<p>Cette double cr\u00eate calcaire marque la limite entre plaines et montagne d&#8217;Ari\u00e8ge. Au coeur de ces petites Pyr\u00e9n\u00e9es, pays des Cathares, Il s&#8217;est d\u00e9velopp\u00e9 une grimpe vari\u00e9e et ensoleill\u00e9e. 350 voies du 2a au 8b sur les blocs d&#8217;Arabaux, les couennes du Carol, les dalles \u00e0 l&#8217;assaut du Ch\u00e2teau de Roquefixade&#8230;<\/p>","protected":false},"featured_media":30955,"template":"","meta":[],"product_brand":[],"product_cat":[21539],"product_tag":[],"class_list":{"0":"post-153892","1":"product","2":"type-product","3":"status-publish","4":"has-post-thumbnail","6":"product_cat-fuehrerliteratur-sportklettern-bouldern","7":"pa_autor-achard","8":"pa_erscheinungsjahr-21750","9":"pa_region-frankreich","10":"pa_sprache-fr","12":"first","13":"instock","14":"taxable","15":"shipping-taxable","16":"purchasable","17":"product-type-simple"},"_links":{"self":[{"href":"https:\/\/pizbube.ch\/en\/wp-json\/wp\/v2\/product\/153892","targetHints":{"allow":["GET"]}}],"collection":[{"href":"https:\/\/pizbube.ch\/en\/wp-json\/wp\/v2\/product"}],"about":[{"href":"https:\/\/pizbube.ch\/en\/wp-json\/wp\/v2\/types\/product"}],"wp:featuredmedia":[{"embeddable":true,"href":"https:\/\/pizbube.ch\/en\/wp-json\/wp\/v2\/media\/30955"}],"wp:attachment":[{"href":"https:\/\/pizbube.ch\/en\/wp-json\/wp\/v2\/media?parent=153892"}],"wp:term":[{"taxonomy":"product_brand","embeddable":true,"href":"https:\/\/pizbube.ch\/en\/wp-json\/wp\/v2\/product_brand?post=153892"},{"taxonomy":"product_cat","embeddable":true,"href":"https:\/\/pizbube.ch\/en\/wp-json\/wp\/v2\/product_cat?post=153892"},{"taxonomy":"product_tag","embeddable":true,"href":"https:\/\/pizbube.ch\/en\/wp-json\/wp\/v2\/product_tag?post=153892"}],"curies":[{"name":"wp","href":"https:\/\/api.w.org\/{rel}","templated":true}]}}