{"id":153894,"date":"2021-01-15T12:54:02","date_gmt":"2021-01-15T12:54:02","guid":{"rendered":"https:\/\/codengine3.ch\/?product=import-placeholder-for-205026"},"modified":"2021-05-21T15:32:33","modified_gmt":"2021-05-21T13:32:33","slug":"les-grandes-peurs-dans-la-montagne","status":"publish","type":"product","link":"https:\/\/pizbube.ch\/en\/shop\/les-grandes-peurs-dans-la-montagne\/","title":{"rendered":"Les grandes peurs dans la montagne"},"content":{"rendered":"<p>Comme sa soeur, la mer, la montagne peut \u00eatre une goule terrifiante qui d\u00e9vore<br \/>\nceux qui l&#8217;affrontent. Ses alpages heureux et paisibles se r\u00e9v\u00e8lent parfois<br \/>\nmaudits. C&#8217;est que l&#8217;homme se sent d\u00e9pass\u00e9, voire \u00e9cras\u00e9 par une nature o\u00f9 il<br \/>\nn&#8217;a sa place qu&#8217;au prix du plus grand effort de la raison. On n&#8217;en finirait<br \/>\npas de dresser le catalogue historique de toutes les catastrophes dont les<br \/>\ncauses r\u00e9elles ou imaginaires hantent notre m\u00e9moire.<\/p>\n<p>Sans remonter tr\u00e8s loin<br \/>\ndans le temps, on trouvera, \u00e0 quelques ann\u00e9es de nous, des ruptures de<br \/>\nbarrages malgr\u00e9 les savants calculs des ing\u00e9nieurs, des avalanches meurtri\u00e8res<br \/>\nque nul n&#8217;avait pr\u00e9vues, des crues torrentielles d\u00e9vastatrices et, il y a<br \/>\ntrois ans \u00e0 peine, un ouragan d&#8217;une ampleur inconnue sous nos cieux.<br \/>\nTrop souvent l&#8217;impr\u00e9voyance humaine est \u00e0 l&#8217;origine de ces calamit\u00e9s.<\/p>\n<p>Restent<br \/>\ntous les accidents o\u00f9 la nature aveugle nous submerge de sa puissance.<br \/>\nInfiniment d\u00e9munis et fragiles, nous restons parfois spectateurs de notre<br \/>\nmalheur et victimes impuissantes de ses cons\u00e9quences. Et pourtant, notre<br \/>\ncompr\u00e9hension des causes et notre intelligence des r\u00e9ponses \u00e0 apporter<br \/>\nengagent pleinement notre libert\u00e9 face \u00e0 une nature omnipr\u00e9sente et maternelle<br \/>\nque trop souvent nous nous plaisons \u00e0 d\u00e9fier, voire que nous ignorons tout<br \/>\nsimplement. Aujourd&#8217;hui, plus que jamais, une prise de conscience est urgente<br \/>\net n\u00e9cessaire.<\/p>","protected":false},"excerpt":{"rendered":"<p>Comme sa soeur, la mer, la montagne peut \u00eatre une goule terrifiante qui d\u00e9vore ceux qui l&#8217;affrontent. Ses alpages heureux et paisibles se r\u00e9v\u00e8lent parfois maudits. C&#8217;est que l&#8217;homme se sent d\u00e9pass\u00e9, voire \u00e9cras\u00e9 par une nature o\u00f9 il n&#8217;a sa place qu&#8217;au prix du plus grand effort de la raison. On n&#8217;en finirait pas [&#8230;]\n","protected":false},"featured_media":33609,"template":"","meta":[],"product_brand":[],"product_cat":[21541],"product_tag":[],"class_list":{"0":"post-153894","1":"product","2":"type-product","3":"status-publish","4":"has-post-thumbnail","6":"product_cat-zeitschriften","7":"pa_autor-lalpe-2","8":"pa_erscheinungsjahr-22144","9":"pa_region-frankreich","10":"pa_sprache-fr","12":"first","13":"onbackorder","14":"taxable","15":"shipping-taxable","16":"purchasable","17":"product-type-simple"},"_links":{"self":[{"href":"https:\/\/pizbube.ch\/en\/wp-json\/wp\/v2\/product\/153894","targetHints":{"allow":["GET"]}}],"collection":[{"href":"https:\/\/pizbube.ch\/en\/wp-json\/wp\/v2\/product"}],"about":[{"href":"https:\/\/pizbube.ch\/en\/wp-json\/wp\/v2\/types\/product"}],"wp:featuredmedia":[{"embeddable":true,"href":"https:\/\/pizbube.ch\/en\/wp-json\/wp\/v2\/media\/33609"}],"wp:attachment":[{"href":"https:\/\/pizbube.ch\/en\/wp-json\/wp\/v2\/media?parent=153894"}],"wp:term":[{"taxonomy":"product_brand","embeddable":true,"href":"https:\/\/pizbube.ch\/en\/wp-json\/wp\/v2\/product_brand?post=153894"},{"taxonomy":"product_cat","embeddable":true,"href":"https:\/\/pizbube.ch\/en\/wp-json\/wp\/v2\/product_cat?post=153894"},{"taxonomy":"product_tag","embeddable":true,"href":"https:\/\/pizbube.ch\/en\/wp-json\/wp\/v2\/product_tag?post=153894"}],"curies":[{"name":"wp","href":"https:\/\/api.w.org\/{rel}","templated":true}]}}