{"id":153897,"date":"2021-01-15T12:54:03","date_gmt":"2021-01-15T12:54:03","guid":{"rendered":"https:\/\/codengine3.ch\/?product=import-placeholder-for-203294"},"modified":"2021-01-15T14:21:51","modified_gmt":"2021-01-15T14:21:51","slug":"escalade-sinitier-et-progresser","status":"publish","type":"product","link":"https:\/\/pizbube.ch\/en\/shop\/escalade-sinitier-et-progresser\/","title":{"rendered":"ESCALADE s&#8217;initier et progresser"},"content":{"rendered":"<p>Reconnu pour son exhaustivit\u00e9, sa clart\u00e9 et la qualit\u00e9 de ses illustrations,<br \/>\nce manuel accompagne les pratiquants de tous niveaux pendant leur progression,<br \/>\nde l\u2019initiation au perfectionnement.<br \/>\nIl est \u00e9galement une aide pr\u00e9cieuse pour les formateurs \u00e0 la recherche d\u2019un<br \/>\nprolongement de leur enseignement.<\/p>\n<p>Dans cette nouvelle \u00e9dition actualis\u00e9e et compl\u00e9t\u00e9e de chapitres totalement<br \/>\nin\u00e9dits, les auteurs vous livrent les derni\u00e8res connaissances concernant<br \/>\nnotamment les diff\u00e9rentes formes de pratiques (sur sites naturels ou<br \/>\nstructures artificielles), l\u2019\u00e9volution du mat\u00e9riel et la s\u00e9curit\u00e9 du grimpeur.<br \/>\nVous appr\u00e9cierez les nouveaux dessins et photos, ainsi que les nombreuses<br \/>\nsolutions et astuces qui vous permettront de r\u00e9soudre les probl\u00e8mes techniques<br \/>\nque vous pouvez rencontrer.<\/p>\n<p>416 pages, 14 X 19 cm en couleurs \u2013 230 photos et 300 croquis<\/p>","protected":false},"excerpt":{"rendered":"<ul>\n<li><a href=\"https:\/\/pizbube.ch\/wp-content\/uploads\/attachments\/a_001\/0491591BA339B9DE07E858A1AC3B7473.pdf\" target=\"_blank\" rel=\"noopener\">PDF: Sample_escalade initier.pdf<\/a><\/li>\n<\/ul>","protected":false},"featured_media":25785,"template":"","meta":[],"product_brand":[],"product_cat":[21538],"product_tag":[],"class_list":{"0":"post-153897","1":"product","2":"type-product","3":"status-publish","4":"has-post-thumbnail","6":"product_cat-lehrbuecher","7":"pa_autor-verdier-angonin","8":"pa_erscheinungsjahr-21568","9":"pa_region-klettertechnik","10":"pa_sprache-fr","12":"first","13":"instock","14":"taxable","15":"shipping-taxable","16":"purchasable","17":"product-type-simple"},"_links":{"self":[{"href":"https:\/\/pizbube.ch\/en\/wp-json\/wp\/v2\/product\/153897","targetHints":{"allow":["GET"]}}],"collection":[{"href":"https:\/\/pizbube.ch\/en\/wp-json\/wp\/v2\/product"}],"about":[{"href":"https:\/\/pizbube.ch\/en\/wp-json\/wp\/v2\/types\/product"}],"wp:featuredmedia":[{"embeddable":true,"href":"https:\/\/pizbube.ch\/en\/wp-json\/wp\/v2\/media\/25785"}],"wp:attachment":[{"href":"https:\/\/pizbube.ch\/en\/wp-json\/wp\/v2\/media?parent=153897"}],"wp:term":[{"taxonomy":"product_brand","embeddable":true,"href":"https:\/\/pizbube.ch\/en\/wp-json\/wp\/v2\/product_brand?post=153897"},{"taxonomy":"product_cat","embeddable":true,"href":"https:\/\/pizbube.ch\/en\/wp-json\/wp\/v2\/product_cat?post=153897"},{"taxonomy":"product_tag","embeddable":true,"href":"https:\/\/pizbube.ch\/en\/wp-json\/wp\/v2\/product_tag?post=153897"}],"curies":[{"name":"wp","href":"https:\/\/api.w.org\/{rel}","templated":true}]}}