{"id":153899,"date":"2021-01-15T12:54:03","date_gmt":"2021-01-15T12:54:03","guid":{"rendered":"https:\/\/codengine3.ch\/?product=import-placeholder-for-205069"},"modified":"2024-11-14T10:58:52","modified_gmt":"2024-11-14T09:58:52","slug":"guide-de-la-montagne","status":"publish","type":"product","link":"https:\/\/pizbube.ch\/en\/shop\/guide-de-la-montagne\/","title":{"rendered":"Guide de la montagne"},"content":{"rendered":"<div id=\"product-description-short-152\" class=\"product-short-description\">\n<p>La \u00ab bible \u00bb des alpinistes revue et augment\u00e9e ou comment pratiquer l\u2019alpinisme en libert\u00e9.<\/p>\n<\/div>\n<div id=\"product-description-152\" class=\"product-long-description\">\n<p>Randonn\u00e9e, escalade, alpinisme trekking, exp\u00e9dition\u2026 ce guide s\u2019adresse \u00e0 tous les amoureux des cimes. D\u2019abord publi\u00e9 aux \u00c9tats-Unis d\u00e8s 1960, il est consid\u00e9r\u00e9 depuis plus d&#8217;un demi-si\u00e8cle comme une r\u00e9f\u00e9rence aupr\u00e8s des alpinistes. Disponible dans le monde entier et traduit dans une douzaine de langues, il continue d&#8217;informer et d&#8217;inspirer toutes les g\u00e9n\u00e9rations de pratiquants gr\u00e2ce \u00e0 sa clart\u00e9 et son approche p\u00e9dagogique.<\/p>\n<p>Cette nouvelle \u00e9dition profond\u00e9ment enrichie a b\u00e9n\u00e9fici\u00e9 des connaissances d\u2019alpinistes chevronn\u00e9s, de guides exp\u00e9riment\u00e9s, d\u2019organisations investies dans l\u2019enseignement de la s\u00e9curit\u00e9 en escalade et en avalanche, et de grimpeurs professionnels. Elle refl\u00e8te et int\u00e8gre les changements en cours dans l&#8217;alpinisme, y compris le d\u00e9veloppement de techniques plus s\u00fbres et l&#8217;am\u00e9lioration de l&#8217;\u00e9quipement. Les auteurs continuent \u00e9galement \u00e0 souligner la responsabilit\u00e9 que chacun doit assumer en tant que montagnard en minimisant son impact sur les territoires travers\u00e9s et explor\u00e9s.<\/p>\n<p><em>Traduction de l\u2019anglais (\u00c9tats-Unis) supervis\u00e9e par Ulysse Lefebvre.<\/em><\/p>\n<p>592 pages<\/p>\n<\/div>","protected":false},"excerpt":{"rendered":"<p>La \u00ab bible \u00bb des alpinistes revue et augment\u00e9e ou comment pratiquer l\u2019alpinisme en libert\u00e9. Randonn\u00e9e, escalade, alpinisme trekking, exp\u00e9dition\u2026 ce guide s\u2019adresse \u00e0 tous les amoureux des cimes. D\u2019abord publi\u00e9 aux \u00c9tats-Unis d\u00e8s 1960, il est consid\u00e9r\u00e9 depuis plus d&#8217;un demi-si\u00e8cle comme une r\u00e9f\u00e9rence aupr\u00e8s des alpinistes. Disponible dans le monde entier et traduit [&#8230;]\n","protected":false},"featured_media":177205,"template":"","meta":[],"product_brand":[],"product_cat":[21538],"product_tag":[],"class_list":{"0":"post-153899","1":"product","2":"type-product","3":"status-publish","4":"has-post-thumbnail","6":"product_cat-lehrbuecher","7":"pa_autor-cox-fulsaas","8":"pa_erscheinungsjahr-21546","9":"pa_region-alpin-sommer","10":"pa_sprache-fr","12":"first","13":"instock","14":"taxable","15":"shipping-taxable","16":"purchasable","17":"product-type-simple"},"_links":{"self":[{"href":"https:\/\/pizbube.ch\/en\/wp-json\/wp\/v2\/product\/153899","targetHints":{"allow":["GET"]}}],"collection":[{"href":"https:\/\/pizbube.ch\/en\/wp-json\/wp\/v2\/product"}],"about":[{"href":"https:\/\/pizbube.ch\/en\/wp-json\/wp\/v2\/types\/product"}],"wp:featuredmedia":[{"embeddable":true,"href":"https:\/\/pizbube.ch\/en\/wp-json\/wp\/v2\/media\/177205"}],"wp:attachment":[{"href":"https:\/\/pizbube.ch\/en\/wp-json\/wp\/v2\/media?parent=153899"}],"wp:term":[{"taxonomy":"product_brand","embeddable":true,"href":"https:\/\/pizbube.ch\/en\/wp-json\/wp\/v2\/product_brand?post=153899"},{"taxonomy":"product_cat","embeddable":true,"href":"https:\/\/pizbube.ch\/en\/wp-json\/wp\/v2\/product_cat?post=153899"},{"taxonomy":"product_tag","embeddable":true,"href":"https:\/\/pizbube.ch\/en\/wp-json\/wp\/v2\/product_tag?post=153899"}],"curies":[{"name":"wp","href":"https:\/\/api.w.org\/{rel}","templated":true}]}}