{"id":153902,"date":"2021-01-15T12:54:04","date_gmt":"2021-01-15T12:54:04","guid":{"rendered":"https:\/\/codengine3.ch\/?product=import-placeholder-for-206272"},"modified":"2023-11-10T11:44:44","modified_gmt":"2023-11-10T10:44:44","slug":"grenzbereich-todeszone","status":"publish","type":"product","link":"https:\/\/pizbube.ch\/en\/shop\/grenzbereich-todeszone\/","title":{"rendered":"Grenzbereich Todeszone"},"content":{"rendered":"<p>Der Absturz \u2013 in Gedanken begleitet er jeden ernsthaften Bergsteiger, durch<br \/>\nseine Gefahr wird jene h\u00f6here Form von Konzentration \u00fcberhaupt erst m\u00f6glich,<br \/>\nin der Reinhold Messner die Essenz des Bergsteigens ausmacht. &#8218;Grenzbereich<br \/>\nTodeszone&#8216; versammelt und kommentiert klassische und zeitgen\u00f6ssische Berichte<br \/>\nVerungl\u00fcckter, die kapitale Abst\u00fcrze und Lawinenabg\u00e4nge \u00fcberlebt haben. Die<br \/>\nErlebnisse von Matterhorn-Erstbezwinger Edward Whymper und dem gro\u00dfen<br \/>\nAlleing\u00e4nger Eugen Guido Lammer lesen sich dabei genauso spannend wie<br \/>\nrevolution\u00e4re Studien \u00fcber den Tod durch Absturz aus der alpinistischen<br \/>\nFr\u00fchzeit. Eine au\u00dfergew\u00f6hnliche, pers\u00f6nliche Sammlung mit vielen<br \/>\n\u00fcberraschenden Einblicken.<br \/>\nReinhold Messners Klassiker \u00fcber den Berg als Gefahrenraum endlich wieder<br \/>\nlieferbar.<\/p>","protected":false},"excerpt":{"rendered":"<p>Der Absturz \u2013 in Gedanken begleitet er jeden ernsthaften Bergsteiger, durch seine Gefahr wird jene h\u00f6here Form von Konzentration \u00fcberhaupt erst m\u00f6glich, in der Reinhold Messner die Essenz des Bergsteigens ausmacht. &#8218;Grenzbereich Todeszone&#8216; versammelt und kommentiert klassische und zeitgen\u00f6ssische Berichte Verungl\u00fcckter, die kapitale Abst\u00fcrze und Lawinenabg\u00e4nge \u00fcberlebt haben. Die Erlebnisse von Matterhorn-Erstbezwinger Edward Whymper und [&#8230;]\n","protected":false},"featured_media":35256,"template":"","meta":[],"product_brand":[],"product_cat":[21542],"product_tag":[],"class_list":{"0":"post-153902","1":"product","2":"type-product","3":"status-publish","4":"has-post-thumbnail","6":"product_cat-sachbuecher-dokumentationen","7":"pa_autor-messner","8":"pa_erscheinungsjahr-21830","9":"pa_region-deutschland","10":"pa_sprache-de","12":"first","13":"outofstock","14":"taxable","15":"shipping-taxable","16":"purchasable","17":"product-type-simple"},"_links":{"self":[{"href":"https:\/\/pizbube.ch\/en\/wp-json\/wp\/v2\/product\/153902","targetHints":{"allow":["GET"]}}],"collection":[{"href":"https:\/\/pizbube.ch\/en\/wp-json\/wp\/v2\/product"}],"about":[{"href":"https:\/\/pizbube.ch\/en\/wp-json\/wp\/v2\/types\/product"}],"wp:featuredmedia":[{"embeddable":true,"href":"https:\/\/pizbube.ch\/en\/wp-json\/wp\/v2\/media\/35256"}],"wp:attachment":[{"href":"https:\/\/pizbube.ch\/en\/wp-json\/wp\/v2\/media?parent=153902"}],"wp:term":[{"taxonomy":"product_brand","embeddable":true,"href":"https:\/\/pizbube.ch\/en\/wp-json\/wp\/v2\/product_brand?post=153902"},{"taxonomy":"product_cat","embeddable":true,"href":"https:\/\/pizbube.ch\/en\/wp-json\/wp\/v2\/product_cat?post=153902"},{"taxonomy":"product_tag","embeddable":true,"href":"https:\/\/pizbube.ch\/en\/wp-json\/wp\/v2\/product_tag?post=153902"}],"curies":[{"name":"wp","href":"https:\/\/api.w.org\/{rel}","templated":true}]}}