{"id":153909,"date":"2021-01-15T12:54:12","date_gmt":"2021-01-15T12:54:12","guid":{"rendered":"https:\/\/codengine3.ch\/?product=import-placeholder-for-206166"},"modified":"2021-01-15T14:46:54","modified_gmt":"2021-01-15T14:46:54","slug":"trekking-die-schoensten-wandertouren-der-welt","status":"publish","type":"product","link":"https:\/\/pizbube.ch\/en\/shop\/trekking-die-schoensten-wandertouren-der-welt\/","title":{"rendered":"Trekking &#8211; Die sch\u00f6nsten Wandertouren der Welt"},"content":{"rendered":"<p>Wilde Berge, Regenw\u00e4lder und W\u00fcsten, dazwischen ein schmaler, ausgetretener<br \/>\nPfad: Selbst einst entlegene Ecken unseres unglaublich vielf\u00e4ltigen Planeten<br \/>\nwerden heute von ganz normalen Reisenden besucht &#8211; eine Tatsache, die die<br \/>\nk\u00fchnen Forschungsreisenden der Vergangenheit erstaunt h\u00e4tte. Claes Grundsten<br \/>\nhat mehr 51 Routen durch die spektakul\u00e4rsten Gegenden der Erde ausgew\u00e4hlt.<br \/>\nDazu z\u00e4hlen auf allen sechs Kontinenten solch beliebte, wenn auch anstrengende<br \/>\nWandertouren wie der Inka Trail in Peru und der Milford Track in Neuseeland;<br \/>\nwunderbare Hochlandrouten von der europ\u00e4ischen Tour du Mont Blanc bis zur<br \/>\ns\u00fcdamerikanischen Cordillera Blanca und weite, ehrfurchtgebietende Wege durch<br \/>\nwilde Gebiete wie den Altai der Mongolei und den Yukon in Kanada.<br \/>\nAu\u00dferdem Tageswanderungen in den Bergen der Kanarischen Inseln und auf<br \/>\nMadeira, lange Touren im Simiengebirge \u00c4thiopiens, zwei Routen in Jordanien um<br \/>\nPetra und durch die W\u00fcste des Wadi Rum sowie Abenteuer im Regenwald von Papua-<br \/>\nNeuguinea. Abwechslungsreiche Wanderungen f\u00fchren uns auf den Larapinta Trail<br \/>\nim Northern Territory Australiens, den Heaphy Track und auch den Kepler Trek<br \/>\nin Neuseeland &#8211; alles faszinierende Landschaften, die selbst den erfahrensten<br \/>\nWanderer in ihren Bann schlagen.  <\/p>\n<p>Eines haben all diese Wanderungen gemein: Jede einzelne zeigt die<br \/>\natemberaubende Sch\u00f6nheit unseres Planeten. Die einzigartige Kombination aus<br \/>\nClaes Grundstens treffend schilderndem, pers\u00f6nlichem Text und seinen<br \/>\nherausragenden Fotografien nimmt den Leser zu diesen aufregenden<br \/>\nAbenteuertouren mit &#8211; \u00fcber Berge, durch W\u00fcstensand und Regenw\u00e4lder ebenso wie<br \/>\nzu den weniger gewagten Wanderungen von Strand zu Strand in der T\u00fcrkei und von<br \/>\nH\u00fctte zu H\u00fctte in den Pyren\u00e4en. Und wer gleich starten will, findet alle<br \/>\nrelevanten Infos zu bester Reisezeit, Einreise, Klima, Unterk\u00fcnften und<br \/>\nVerpflegung wohl sortiert am Ende des Buches  <\/p>","protected":false},"excerpt":{"rendered":"<p>Wilde Berge, Regenw\u00e4lder und W\u00fcsten, dazwischen ein schmaler, ausgetretener Pfad: Selbst einst entlegene Ecken unseres unglaublich vielf\u00e4ltigen Planeten werden heute von ganz normalen Reisenden besucht &#8211; eine Tatsache, die die k\u00fchnen Forschungsreisenden der Vergangenheit erstaunt h\u00e4tte. Claes Grundsten hat mehr 51 Routen durch die spektakul\u00e4rsten Gegenden der Erde ausgew\u00e4hlt. Dazu z\u00e4hlen auf allen sechs Kontinenten [&#8230;]\n","protected":false},"featured_media":35106,"template":"","meta":[],"product_brand":[],"product_cat":[21542],"product_tag":[],"class_list":{"0":"post-153909","1":"product","2":"type-product","3":"status-publish","4":"has-post-thumbnail","6":"product_cat-sachbuecher-dokumentationen","7":"pa_autor-grundsten","8":"pa_erscheinungsjahr-21830","9":"pa_region-uebrigers-europa","10":"pa_sprache-de","12":"first","13":"outofstock","14":"taxable","15":"shipping-taxable","16":"purchasable","17":"product-type-simple"},"_links":{"self":[{"href":"https:\/\/pizbube.ch\/en\/wp-json\/wp\/v2\/product\/153909","targetHints":{"allow":["GET"]}}],"collection":[{"href":"https:\/\/pizbube.ch\/en\/wp-json\/wp\/v2\/product"}],"about":[{"href":"https:\/\/pizbube.ch\/en\/wp-json\/wp\/v2\/types\/product"}],"wp:featuredmedia":[{"embeddable":true,"href":"https:\/\/pizbube.ch\/en\/wp-json\/wp\/v2\/media\/35106"}],"wp:attachment":[{"href":"https:\/\/pizbube.ch\/en\/wp-json\/wp\/v2\/media?parent=153909"}],"wp:term":[{"taxonomy":"product_brand","embeddable":true,"href":"https:\/\/pizbube.ch\/en\/wp-json\/wp\/v2\/product_brand?post=153909"},{"taxonomy":"product_cat","embeddable":true,"href":"https:\/\/pizbube.ch\/en\/wp-json\/wp\/v2\/product_cat?post=153909"},{"taxonomy":"product_tag","embeddable":true,"href":"https:\/\/pizbube.ch\/en\/wp-json\/wp\/v2\/product_tag?post=153909"}],"curies":[{"name":"wp","href":"https:\/\/api.w.org\/{rel}","templated":true}]}}