{"id":153912,"date":"2021-01-15T12:54:19","date_gmt":"2021-01-15T12:54:19","guid":{"rendered":"https:\/\/codengine3.ch\/?product=import-placeholder-for-204262"},"modified":"2021-01-15T14:31:26","modified_gmt":"2021-01-15T14:31:26","slug":"flemattissime","status":"publish","type":"product","link":"https:\/\/pizbube.ch\/en\/shop\/flemattissime\/","title":{"rendered":"Flemattissime"},"content":{"rendered":"<p>On conna\u00eet Robert Flematti pour ses grandes hivernales avec, entre autres,<br \/>\nRen\u00e9 Desmaison : le Pilier du Freynet, le Linceul ou la face sud du Fou- Mais<br \/>\nla gloire ne l&#8217;int\u00e9resse pas.  <\/p>\n<p>Ce Rital des Pyr\u00e9n\u00e9es, devenu guide \u00e0 Chamonix, encha\u00eene les premi\u00e8res et les<br \/>\nblagues avec la m\u00eame d\u00e9sinvolture.<br \/>\nFils d&#8217;ouvrier immigr\u00e9 italien, il a franchi la fronti\u00e8re clandestinement, \u00e0<br \/>\nsix ans, plus de 300 km \u00e0 pied, en tenant la main de sa maman. Depuis, il a<br \/>\ncouru la montagne, traqu\u00e9 les chamois, escalad\u00e9 les rochers, grimp\u00e9 comme un<br \/>\nchat, empoch\u00e9 des premi\u00e8res sur toutes les montagnes du monde, et savour\u00e9<br \/>\nsurtout le farniente apr\u00e8s l&#8217;effort.<\/p>","protected":false},"excerpt":{"rendered":"<p>On conna\u00eet Robert Flematti pour ses grandes hivernales avec, entre autres, Ren\u00e9 Desmaison : le Pilier du Freynet, le Linceul ou la face sud du Fou- Mais la gloire ne l&#8217;int\u00e9resse pas. Ce Rital des Pyr\u00e9n\u00e9es, devenu guide \u00e0 Chamonix, encha\u00eene les premi\u00e8res et les blagues avec la m\u00eame d\u00e9sinvolture. Fils d&#8217;ouvrier immigr\u00e9 italien, il [&#8230;]\n","protected":false},"featured_media":32079,"template":"","meta":[],"product_brand":[],"product_cat":[21542],"product_tag":[],"class_list":{"0":"post-153912","1":"product","2":"type-product","3":"status-publish","4":"has-post-thumbnail","6":"product_cat-sachbuecher-dokumentationen","7":"pa_autor-flematti","8":"pa_erscheinungsjahr-21763","9":"pa_region-frankreich","10":"pa_sprache-fr","12":"first","13":"instock","14":"taxable","15":"shipping-taxable","16":"purchasable","17":"product-type-simple"},"_links":{"self":[{"href":"https:\/\/pizbube.ch\/en\/wp-json\/wp\/v2\/product\/153912","targetHints":{"allow":["GET"]}}],"collection":[{"href":"https:\/\/pizbube.ch\/en\/wp-json\/wp\/v2\/product"}],"about":[{"href":"https:\/\/pizbube.ch\/en\/wp-json\/wp\/v2\/types\/product"}],"wp:featuredmedia":[{"embeddable":true,"href":"https:\/\/pizbube.ch\/en\/wp-json\/wp\/v2\/media\/32079"}],"wp:attachment":[{"href":"https:\/\/pizbube.ch\/en\/wp-json\/wp\/v2\/media?parent=153912"}],"wp:term":[{"taxonomy":"product_brand","embeddable":true,"href":"https:\/\/pizbube.ch\/en\/wp-json\/wp\/v2\/product_brand?post=153912"},{"taxonomy":"product_cat","embeddable":true,"href":"https:\/\/pizbube.ch\/en\/wp-json\/wp\/v2\/product_cat?post=153912"},{"taxonomy":"product_tag","embeddable":true,"href":"https:\/\/pizbube.ch\/en\/wp-json\/wp\/v2\/product_tag?post=153912"}],"curies":[{"name":"wp","href":"https:\/\/api.w.org\/{rel}","templated":true}]}}