{"id":153914,"date":"2021-01-15T12:54:20","date_gmt":"2021-01-15T12:54:20","guid":{"rendered":"https:\/\/codengine3.ch\/?product=import-placeholder-for-203531"},"modified":"2022-08-03T13:59:35","modified_gmt":"2022-08-03T11:59:35","slug":"cassin-badile-una-via-per-le-alpi-alp-monografie","status":"publish","type":"product","link":"https:\/\/pizbube.ch\/en\/shop\/cassin-badile-una-via-per-le-alpi-alp-monografie\/","title":{"rendered":"Cassin Badile una via per le Alpi; ALP monografie"},"content":{"rendered":"<p>La Cassin alla Nord est del Badile, per la sua storia e per le sue<br \/>\nparticolarit\u00e0 tecniche, \u00e8 diventata una sorta di via simbolo dell&#8217;alpinismo di<br \/>\ntutti i tempi. E sulla sua linea si sono misurati generazioni e stili diversi.<br \/>\nTutto cominci\u00f2 nel 1937, quando gli alpinisti pi\u00f9 forti, al di qua e al di l\u00e0<br \/>\ndelle Alpi, erano impegnati in una gara a distanza per risolvere i grandi<br \/>\nproblemi insoluti, in particolare le pareti nord: Grandes Jorasses, Eiger,<br \/>\nCervino. Riccardo Cassin \u00e8 una delle figure di spicco, e nel luglio di<br \/>\nquell&#8217;anno mise a segno uno dei suoi colpi pi\u00f9 belli.<\/p>","protected":false},"excerpt":{"rendered":"<p>La Cassin alla Nord est del Badile, per la sua storia e per le sue particolarit\u00e0 tecniche, \u00e8 diventata una sorta di via simbolo dell&#8217;alpinismo di tutti i tempi. E sulla sua linea si sono misurati generazioni e stili diversi. Tutto cominci\u00f2 nel 1937, quando gli alpinisti pi\u00f9 forti, al di qua e al di [&#8230;]\n","protected":false},"featured_media":31162,"template":"","meta":[],"product_brand":[],"product_cat":[21541],"product_tag":[],"class_list":{"0":"post-153914","1":"product","2":"type-product","3":"status-publish","4":"has-post-thumbnail","6":"product_cat-zeitschriften","7":"pa_autor-alp","8":"pa_erscheinungsjahr-21750","9":"pa_region-italien","10":"pa_sprache-it","12":"first","13":"outofstock","14":"taxable","15":"shipping-taxable","16":"purchasable","17":"product-type-simple"},"_links":{"self":[{"href":"https:\/\/pizbube.ch\/en\/wp-json\/wp\/v2\/product\/153914","targetHints":{"allow":["GET"]}}],"collection":[{"href":"https:\/\/pizbube.ch\/en\/wp-json\/wp\/v2\/product"}],"about":[{"href":"https:\/\/pizbube.ch\/en\/wp-json\/wp\/v2\/types\/product"}],"wp:featuredmedia":[{"embeddable":true,"href":"https:\/\/pizbube.ch\/en\/wp-json\/wp\/v2\/media\/31162"}],"wp:attachment":[{"href":"https:\/\/pizbube.ch\/en\/wp-json\/wp\/v2\/media?parent=153914"}],"wp:term":[{"taxonomy":"product_brand","embeddable":true,"href":"https:\/\/pizbube.ch\/en\/wp-json\/wp\/v2\/product_brand?post=153914"},{"taxonomy":"product_cat","embeddable":true,"href":"https:\/\/pizbube.ch\/en\/wp-json\/wp\/v2\/product_cat?post=153914"},{"taxonomy":"product_tag","embeddable":true,"href":"https:\/\/pizbube.ch\/en\/wp-json\/wp\/v2\/product_tag?post=153914"}],"curies":[{"name":"wp","href":"https:\/\/api.w.org\/{rel}","templated":true}]}}