{"id":153915,"date":"2021-01-15T12:54:21","date_gmt":"2021-01-15T12:54:21","guid":{"rendered":"https:\/\/codengine3.ch\/?product=import-placeholder-for-208120"},"modified":"2021-01-15T17:50:23","modified_gmt":"2021-01-15T17:50:23","slug":"flucht-aus-buoux-freiheit-durch-klettern","status":"publish","type":"product","link":"https:\/\/pizbube.ch\/en\/shop\/flucht-aus-buoux-freiheit-durch-klettern\/","title":{"rendered":"FLUCHT AUS BUOUX &#8211; Freiheit durch Klettern"},"content":{"rendered":"<p>Freiheit durch Klettern \u2013 das ist das Motto des 35j\u00e4hrigen Luc Bodan.<\/p>\n<p>Es war sein Motto, als er gegen Ende der 80er Jahre mit seinen Klettereien am<br \/>\nEl Capitan ber\u00fchmt wurde, und es blieb sein Motto auch dann noch sein Motto,<br \/>\nals er den Erfolgszug verpasst hatte und sich als F\u00fchrer f\u00fcr die Reichen und<br \/>\nSch\u00f6nen an der franz\u00f6sischen K\u00fcste durchschlagen musste.<br \/>\nAber vor allem ist es genau jetzt sein Motto, verurteilt zu sieben Jahren Haft<br \/>\nim Klettergarten des Strafvollzugs von Buoux!  <\/p>\n<p>Luc aber will raus, koste es was es wolle!<br \/>\nDie Freiheit hat jedoch einen Preis,der oftmals nicht ganz unseren<br \/>\nVorstellungen entspricht.<\/p>\n<p>Flucht aus Buoux ist eine Geschichte \u00fcber die Suche nach dem Ich, \u00fcber<br \/>\nverlorene Seelen und \u00fcber die Konsequenzen des eigenen Handelns.<br \/>\nEine Geschichte \u00fcber Felsen, Seile und Chalk\u2026 eine Geschichte \u00fcber das<br \/>\nKlettern!  <\/p>","protected":false},"excerpt":{"rendered":"<p>Freiheit durch Klettern \u2013 das ist das Motto des 35j\u00e4hrigen Luc Bodan. Es war sein Motto, als er gegen Ende der 80er Jahre mit seinen Klettereien am El Capitan ber\u00fchmt wurde, und es blieb sein Motto auch dann noch sein Motto, als er den Erfolgszug verpasst hatte und sich als F\u00fchrer f\u00fcr die Reichen und [&#8230;]\n","protected":false},"featured_media":39400,"template":"","meta":[],"product_brand":[],"product_cat":[21881],"product_tag":[],"class_list":{"0":"post-153915","1":"product","2":"type-product","3":"status-publish","4":"has-post-thumbnail","6":"product_cat-comics","7":"pa_autor-preti-madoglio-vinattieri","8":"pa_erscheinungsjahr-21546","9":"pa_region-frankreich","10":"pa_sprache-de","12":"first","13":"instock","14":"taxable","15":"shipping-taxable","16":"purchasable","17":"product-type-simple"},"_links":{"self":[{"href":"https:\/\/pizbube.ch\/en\/wp-json\/wp\/v2\/product\/153915","targetHints":{"allow":["GET"]}}],"collection":[{"href":"https:\/\/pizbube.ch\/en\/wp-json\/wp\/v2\/product"}],"about":[{"href":"https:\/\/pizbube.ch\/en\/wp-json\/wp\/v2\/types\/product"}],"wp:featuredmedia":[{"embeddable":true,"href":"https:\/\/pizbube.ch\/en\/wp-json\/wp\/v2\/media\/39400"}],"wp:attachment":[{"href":"https:\/\/pizbube.ch\/en\/wp-json\/wp\/v2\/media?parent=153915"}],"wp:term":[{"taxonomy":"product_brand","embeddable":true,"href":"https:\/\/pizbube.ch\/en\/wp-json\/wp\/v2\/product_brand?post=153915"},{"taxonomy":"product_cat","embeddable":true,"href":"https:\/\/pizbube.ch\/en\/wp-json\/wp\/v2\/product_cat?post=153915"},{"taxonomy":"product_tag","embeddable":true,"href":"https:\/\/pizbube.ch\/en\/wp-json\/wp\/v2\/product_tag?post=153915"}],"curies":[{"name":"wp","href":"https:\/\/api.w.org\/{rel}","templated":true}]}}