{"id":153920,"date":"2021-01-15T12:54:27","date_gmt":"2021-01-15T12:54:27","guid":{"rendered":"https:\/\/codengine3.ch\/?product=import-placeholder-for-205038"},"modified":"2021-01-15T14:38:13","modified_gmt":"2021-01-15T14:38:13","slug":"singletrail-map-37-livigno-bormio","status":"publish","type":"product","link":"https:\/\/pizbube.ch\/en\/shop\/singletrail-map-37-livigno-bormio\/","title":{"rendered":"Singletrail Map 37: Livigno\/Bormio"},"content":{"rendered":"<p>Region Livigno-Bormio.<\/p>\n<p>\u00fcber 840 Kilometer Biketrails<br \/>\nRegion: Livigno, Valle di Fraele, Val Mora, Val Viola Bormina, Bormio,<br \/>\nStilfserjoch, Santa Caterina, Passi di Zebru<br \/>\nR\u00fcckseite: 10 Tourenvorschl\u00e4ge und viele n\u00fctzliche Informationen<br \/>\nKarte: openstreetmap mit Mountainbikerouten in drei Schwierigkeitsgraden<br \/>\n(einfach, mittel, extrem)  <\/p>\n<p>Die Swiss Singletrail Maps sind im Massstab 1:50&#8217;000 und gedruckt auf ein<br \/>\nreiss- und wasserfestes Spezialpapier. Die Karten enthalten ein umfangreiches<br \/>\nWegnetz f\u00fcr Mountainbiker in drei Schwierigkeitsstufen &#8211; und sind damit sowohl<br \/>\nf\u00fcr Anf\u00e4nger als auch f\u00fcr ausgewiesene Freerider einsetzbar.  <\/p>\n<p>-alle Karten mit Tourenvorschl\u00e4gen<br \/>\n-Kartenmassstab 1:50&#8217;000,<br \/>\n-alle Karten farbig<br \/>\n-reiss- und wasserfestes und extrem leichtes Spezialpapier<\/p>","protected":false},"excerpt":{"rendered":"<p>Region Livigno-Bormio. \u00fcber 840 Kilometer Biketrails Region: Livigno, Valle di Fraele, Val Mora, Val Viola Bormina, Bormio, Stilfserjoch, Santa Caterina, Passi di Zebru R\u00fcckseite: 10 Tourenvorschl\u00e4ge und viele n\u00fctzliche Informationen Karte: openstreetmap mit Mountainbikerouten in drei Schwierigkeitsgraden (einfach, mittel, extrem) Die Swiss Singletrail Maps sind im Massstab 1:50&#8217;000 und gedruckt auf ein reiss- und wasserfestes [&#8230;]\n","protected":false},"featured_media":27306,"template":"","meta":[],"product_brand":[],"product_cat":[21543],"product_tag":[],"class_list":{"0":"post-153920","1":"product","2":"type-product","3":"status-publish","4":"has-post-thumbnail","6":"product_cat-landkarten","7":"pa_autor-ssp","8":"pa_erscheinungsjahr-21597","9":"pa_region-schweiz","10":"pa_sprache-d","11":"pa_sprache-i","13":"first","14":"instock","15":"taxable","16":"shipping-taxable","17":"purchasable","18":"product-type-simple"},"_links":{"self":[{"href":"https:\/\/pizbube.ch\/en\/wp-json\/wp\/v2\/product\/153920","targetHints":{"allow":["GET"]}}],"collection":[{"href":"https:\/\/pizbube.ch\/en\/wp-json\/wp\/v2\/product"}],"about":[{"href":"https:\/\/pizbube.ch\/en\/wp-json\/wp\/v2\/types\/product"}],"wp:featuredmedia":[{"embeddable":true,"href":"https:\/\/pizbube.ch\/en\/wp-json\/wp\/v2\/media\/27306"}],"wp:attachment":[{"href":"https:\/\/pizbube.ch\/en\/wp-json\/wp\/v2\/media?parent=153920"}],"wp:term":[{"taxonomy":"product_brand","embeddable":true,"href":"https:\/\/pizbube.ch\/en\/wp-json\/wp\/v2\/product_brand?post=153920"},{"taxonomy":"product_cat","embeddable":true,"href":"https:\/\/pizbube.ch\/en\/wp-json\/wp\/v2\/product_cat?post=153920"},{"taxonomy":"product_tag","embeddable":true,"href":"https:\/\/pizbube.ch\/en\/wp-json\/wp\/v2\/product_tag?post=153920"}],"curies":[{"name":"wp","href":"https:\/\/api.w.org\/{rel}","templated":true}]}}