{"id":153922,"date":"2021-01-15T12:54:27","date_gmt":"2021-01-15T12:54:27","guid":{"rendered":"https:\/\/codengine3.ch\/?product=import-placeholder-for-206250"},"modified":"2021-01-15T14:47:34","modified_gmt":"2021-01-15T14:47:34","slug":"sajama-boliviens-hoechster-berg","status":"publish","type":"product","link":"https:\/\/pizbube.ch\/en\/shop\/sajama-boliviens-hoechster-berg\/","title":{"rendered":"SAJAMA &#8211; Boliviens h\u00f6chster Berg."},"content":{"rendered":"<p>Ein Expeditionstagebuch<br \/>\nMit 6549 Metern ist der Sajama der h\u00f6chste Berg Boliviens und einer der<br \/>\nh\u00f6chsten Vulkane S\u00fcdamerikas. Obwohl das Land politisch instabil und f\u00fcr den<br \/>\nTourismus kaum erschlossen ist, stellte sich der Schriftsteller und<br \/>\npassionierte Bergsteiger MF im Sommer 2004 der Herausforderung. Sein<br \/>\nExpeditionsbericht gibt tiefe Einblicke in die umfangreiche Vorbereitung und<br \/>\nAkklimatisation, in die abenteuerliche Anreise und schlie\u00dflich in die<br \/>\nStrapazen der mehrt\u00e4gigen Besteigung dieses Gipfels. Der Text-Bild-Band bietet<br \/>\ndar\u00fcber hinaus faszinierende Impressionen aus der brodelnden Anden-Metropole<br \/>\nLa Paz, von der sagenumwobenen Sonneninsel und dem Titicacasee, sowie aus der<br \/>\nbolivianischen K\u00f6nigskordillere mit ihren wilden F\u00fcnf- und Sechstausendern.  <\/p>","protected":false},"excerpt":{"rendered":"<p>Ein Expeditionstagebuch Mit 6549 Metern ist der Sajama der h\u00f6chste Berg Boliviens und einer der h\u00f6chsten Vulkane S\u00fcdamerikas. Obwohl das Land politisch instabil und f\u00fcr den Tourismus kaum erschlossen ist, stellte sich der Schriftsteller und passionierte Bergsteiger MF im Sommer 2004 der Herausforderung. Sein Expeditionsbericht gibt tiefe Einblicke in die umfangreiche Vorbereitung und Akklimatisation, in [&#8230;]\n","protected":false},"featured_media":35227,"template":"","meta":[],"product_brand":[],"product_cat":[21542],"product_tag":[],"class_list":{"0":"post-153922","1":"product","2":"type-product","3":"status-publish","4":"has-post-thumbnail","6":"product_cat-sachbuecher-dokumentationen","7":"pa_autor-falke","8":"pa_erscheinungsjahr-21830","9":"pa_region-amerika-sued","10":"pa_sprache-de","12":"first","13":"outofstock","14":"taxable","15":"shipping-taxable","16":"purchasable","17":"product-type-simple"},"_links":{"self":[{"href":"https:\/\/pizbube.ch\/en\/wp-json\/wp\/v2\/product\/153922","targetHints":{"allow":["GET"]}}],"collection":[{"href":"https:\/\/pizbube.ch\/en\/wp-json\/wp\/v2\/product"}],"about":[{"href":"https:\/\/pizbube.ch\/en\/wp-json\/wp\/v2\/types\/product"}],"wp:featuredmedia":[{"embeddable":true,"href":"https:\/\/pizbube.ch\/en\/wp-json\/wp\/v2\/media\/35227"}],"wp:attachment":[{"href":"https:\/\/pizbube.ch\/en\/wp-json\/wp\/v2\/media?parent=153922"}],"wp:term":[{"taxonomy":"product_brand","embeddable":true,"href":"https:\/\/pizbube.ch\/en\/wp-json\/wp\/v2\/product_brand?post=153922"},{"taxonomy":"product_cat","embeddable":true,"href":"https:\/\/pizbube.ch\/en\/wp-json\/wp\/v2\/product_cat?post=153922"},{"taxonomy":"product_tag","embeddable":true,"href":"https:\/\/pizbube.ch\/en\/wp-json\/wp\/v2\/product_tag?post=153922"}],"curies":[{"name":"wp","href":"https:\/\/api.w.org\/{rel}","templated":true}]}}