{"id":153930,"date":"2021-01-15T12:54:36","date_gmt":"2021-01-15T12:54:36","guid":{"rendered":"https:\/\/codengine3.ch\/?product=import-placeholder-for-204487"},"modified":"2021-01-15T14:33:38","modified_gmt":"2021-01-15T14:33:38","slug":"himalaja","status":"publish","type":"product","link":"https:\/\/pizbube.ch\/en\/shop\/himalaja\/","title":{"rendered":"Himalaja"},"content":{"rendered":"<p>40 Jahre unterwegs auf dem Dach der Welt<\/p>\n<p>Dieses Buch ist Jaroslav Poncars ultimativer Bildband zur Dokumentation seiner<br \/>\numfangreichen Reisen im gewaltigsten Gebirgszug der Erde, den er vom \u00e4u\u00dfersten<br \/>\nOsten bis zum \u00e4u\u00dfersten Westen durchquert hat. Seit Poncar 1974 zum ersten Mal<br \/>\nund als einer der ersten Besucher aus dem Westen Ladakh bereisen durfte, haben<br \/>\nihn die unvergleichliche Atmosph\u00e4re der Landschaft und die dortigen, von<br \/>\nverschiedenen Religionen gepr\u00e4gten Kulturen nachhaltig fasziniert. Neben<br \/>\nFilmprojekten hat er zahlreiche fotografische Reisen in die Hochgebirgsregion<br \/>\nunternommen und im Laufe der Zeit einen umfangreichen Fundus an Fotografien<br \/>\naus Kashmir, Ladakh, Zanskar, Spiti, Tibet, Kham, Mustang und Bhutan<br \/>\nzusammengetragen.<\/p>\n<p>Dabei war es Poncar immer auch wichtig, ein m\u00f6glichst authentisches Bild der<br \/>\nunterschiedlichen Kulturen und des Lebens in der h\u00f6chsten Bergregion der Erde<br \/>\nzu vermitteln. So schloss er sich f\u00fcr mehrere Wochen tibetischen Nomaden an<br \/>\nund scheute keine noch so beschwerliche oder gef\u00e4hrliche Reise, um sein Ziel<br \/>\nzu erreichen. Begleitet werden seine Bilder von kurzweiligen Texten, in denen<br \/>\nder Fotograf seine Erfahrungen schildert und Informationen zu Land, Menschen<br \/>\nund ihrer Kultur vermittelt.<br \/>\nFormat 40 x 30 cm, Hochwertiger Leinenband mit Schutzumschlag , 352 Seiten mit<br \/>\nca. 250 Fotografien in Farbe, Mit Texten in Deutsch und Englisch<\/p>","protected":false},"excerpt":{"rendered":"<p>40 Jahre unterwegs auf dem Dach der Welt Dieses Buch ist Jaroslav Poncars ultimativer Bildband zur Dokumentation seiner umfangreichen Reisen im gewaltigsten Gebirgszug der Erde, den er vom \u00e4u\u00dfersten Osten bis zum \u00e4u\u00dfersten Westen durchquert hat. Seit Poncar 1974 zum ersten Mal und als einer der ersten Besucher aus dem Westen Ladakh bereisen durfte, haben [&#8230;]\n","protected":false},"featured_media":32438,"template":"","meta":[],"product_brand":[],"product_cat":[21580],"product_tag":[],"class_list":{"0":"post-153930","1":"product","2":"type-product","3":"status-publish","4":"has-post-thumbnail","6":"product_cat-kunst-kultur","7":"pa_autor-poncar","8":"pa_erscheinungsjahr-21621","9":"pa_region-asien","10":"pa_sprache-de","11":"pa_sprache-en","13":"first","14":"instock","15":"taxable","16":"shipping-taxable","17":"purchasable","18":"product-type-simple"},"_links":{"self":[{"href":"https:\/\/pizbube.ch\/en\/wp-json\/wp\/v2\/product\/153930","targetHints":{"allow":["GET"]}}],"collection":[{"href":"https:\/\/pizbube.ch\/en\/wp-json\/wp\/v2\/product"}],"about":[{"href":"https:\/\/pizbube.ch\/en\/wp-json\/wp\/v2\/types\/product"}],"wp:featuredmedia":[{"embeddable":true,"href":"https:\/\/pizbube.ch\/en\/wp-json\/wp\/v2\/media\/32438"}],"wp:attachment":[{"href":"https:\/\/pizbube.ch\/en\/wp-json\/wp\/v2\/media?parent=153930"}],"wp:term":[{"taxonomy":"product_brand","embeddable":true,"href":"https:\/\/pizbube.ch\/en\/wp-json\/wp\/v2\/product_brand?post=153930"},{"taxonomy":"product_cat","embeddable":true,"href":"https:\/\/pizbube.ch\/en\/wp-json\/wp\/v2\/product_cat?post=153930"},{"taxonomy":"product_tag","embeddable":true,"href":"https:\/\/pizbube.ch\/en\/wp-json\/wp\/v2\/product_tag?post=153930"}],"curies":[{"name":"wp","href":"https:\/\/api.w.org\/{rel}","templated":true}]}}