{"id":153934,"date":"2021-01-15T12:54:37","date_gmt":"2021-01-15T12:54:37","guid":{"rendered":"https:\/\/codengine3.ch\/?product=import-placeholder-for-204568"},"modified":"2021-01-15T14:34:31","modified_gmt":"2021-01-15T14:34:31","slug":"outdoor-im-winter-ausruestung-sicherheit-und-know-how-fuer-wintertouren","status":"publish","type":"product","link":"https:\/\/pizbube.ch\/en\/shop\/outdoor-im-winter-ausruestung-sicherheit-und-know-how-fuer-wintertouren\/","title":{"rendered":"outdoor im Winter &#8211; Ausr\u00fcstung, Sicherheit und Know-how f\u00fcr Wintertouren"},"content":{"rendered":"<p>Alles was man wissen muss, wenn man in winterlichen Verh\u00e4ltnissen drau\u00dfen<br \/>\nunterwegs sein will, vermittelt der schwedische Outdoor- und Survivalexperte<br \/>\nLars F\u00e4lt. Ausr\u00fcstung, Ern\u00e4hrung unterwegs und medizinische Fragen werden<br \/>\nebenso gr\u00fcndlich behandelt wie die Planung und Durchf\u00fchrung von Wintertouren<br \/>\noder das Biwakieren.<\/p>\n<p>Von diesem Handbuch profitieren Leser, die eine Trekking-Reise in arktische<br \/>\nVerh\u00e4ltnisse planen, ebenso wie Tourengeher in den Alpen oder in<br \/>\nMittelgebirgen sowie outdoor-Interessierte beim Winterzelten.<\/p>","protected":false},"excerpt":{"rendered":"<p>Alles was man wissen muss, wenn man in winterlichen Verh\u00e4ltnissen drau\u00dfen unterwegs sein will, vermittelt der schwedische Outdoor- und Survivalexperte Lars F\u00e4lt. Ausr\u00fcstung, Ern\u00e4hrung unterwegs und medizinische Fragen werden ebenso gr\u00fcndlich behandelt wie die Planung und Durchf\u00fchrung von Wintertouren oder das Biwakieren. Von diesem Handbuch profitieren Leser, die eine Trekking-Reise in arktische Verh\u00e4ltnisse planen, ebenso [&#8230;]\n","protected":false},"featured_media":32674,"template":"","meta":[],"product_brand":[],"product_cat":[21538],"product_tag":[],"class_list":{"0":"post-153934","1":"product","2":"type-product","3":"status-publish","4":"has-post-thumbnail","6":"product_cat-lehrbuecher","7":"pa_autor-faelt","8":"pa_erscheinungsjahr-21568","9":"pa_region-alpin-winter","10":"pa_sprache-de","12":"first","13":"instock","14":"taxable","15":"shipping-taxable","16":"purchasable","17":"product-type-simple"},"_links":{"self":[{"href":"https:\/\/pizbube.ch\/en\/wp-json\/wp\/v2\/product\/153934","targetHints":{"allow":["GET"]}}],"collection":[{"href":"https:\/\/pizbube.ch\/en\/wp-json\/wp\/v2\/product"}],"about":[{"href":"https:\/\/pizbube.ch\/en\/wp-json\/wp\/v2\/types\/product"}],"wp:featuredmedia":[{"embeddable":true,"href":"https:\/\/pizbube.ch\/en\/wp-json\/wp\/v2\/media\/32674"}],"wp:attachment":[{"href":"https:\/\/pizbube.ch\/en\/wp-json\/wp\/v2\/media?parent=153934"}],"wp:term":[{"taxonomy":"product_brand","embeddable":true,"href":"https:\/\/pizbube.ch\/en\/wp-json\/wp\/v2\/product_brand?post=153934"},{"taxonomy":"product_cat","embeddable":true,"href":"https:\/\/pizbube.ch\/en\/wp-json\/wp\/v2\/product_cat?post=153934"},{"taxonomy":"product_tag","embeddable":true,"href":"https:\/\/pizbube.ch\/en\/wp-json\/wp\/v2\/product_tag?post=153934"}],"curies":[{"name":"wp","href":"https:\/\/api.w.org\/{rel}","templated":true}]}}