{"id":153935,"date":"2021-01-15T12:54:38","date_gmt":"2021-01-15T12:54:38","guid":{"rendered":"https:\/\/codengine3.ch\/?product=import-placeholder-for-204764"},"modified":"2021-01-15T14:36:06","modified_gmt":"2021-01-15T14:36:06","slug":"draussen-schlafen","status":"publish","type":"product","link":"https:\/\/pizbube.ch\/en\/shop\/draussen-schlafen\/","title":{"rendered":"Draussen schlafen"},"content":{"rendered":"<p>Damit die Nacht im Freien zu einem unvergessliches Erlebnis wird!<br \/>\nPraktische Anleitungen und viele Tipps vom Outdoor-Spezialisten.<br \/>\nDie passende Ausr\u00fcstung, dierichtige Vorbereitung, gesetzliche Bestimmungen<br \/>\nund die Wahl des perfekten Platzes.<\/p>\n<p>Die Nacht allein, zu zweit oder als Familie am Waldrand, auf einer Lichtung,<br \/>\nam Bach oder See zu verbringen, ist ein bereichernder Ausbruch aus dem Alltag,<br \/>\nder neben dem prickelnden Gef\u00fchl des Abenteuers oft auch tiefe Einsichten<br \/>\nbeschert. Dieses Buch erz\u00e4hlt vom menschlichen Urbed\u00fcrfnis nach den magischen<br \/>\nN\u00e4chten in freier Natur und bietet umfassend alle praktischen Informationen<br \/>\ndazu: Was ist in den verschiedenen L\u00e4ndern Europas erlaubt und was verboten?<br \/>\nWorauf ist bei der Platzwahl zu achten? Welche Ausr\u00fcstung ist zu empfehlen?<\/p>\n<p>Einfache Schritt-f\u00fcr-Schritt- Anleitungen zeigen, wie man sich in wenigen<br \/>\nMinuten einen simplen, aber zweckm\u00e4ssigen Unterschlupf baut, der zuverl\u00e4ssig<br \/>\nvor Wind und Wetter sch\u00fctzt, und wie man ein fast unsichtbares Lagerfeuer<br \/>\nanlegt. Man erf\u00e4hrt, wie man sich bei Wind, Regen oder K\u00e4lte verh\u00e4lt, wie man<br \/>\nB\u00e4ren oder neugierige K\u00fche verscheucht und sich mit einem selbst hergestellten<br \/>\nAnti- M\u00fcckenmittel sch\u00fctzt. Ein Buch f\u00fcr alle, die ihre Matratze hin und<br \/>\nwieder gegen ein wunderbares Naturbett eintauschen und unter freiem Himmel<br \/>\ntr\u00e4umen m\u00f6chten.<br \/>\nPappband; 152 Seiten<\/p>","protected":false},"excerpt":{"rendered":"<p>Damit die Nacht im Freien zu einem unvergessliches Erlebnis wird! Praktische Anleitungen und viele Tipps vom Outdoor-Spezialisten. Die passende Ausr\u00fcstung, dierichtige Vorbereitung, gesetzliche Bestimmungen und die Wahl des perfekten Platzes. Die Nacht allein, zu zweit oder als Familie am Waldrand, auf einer Lichtung, am Bach oder See zu verbringen, ist ein bereichernder Ausbruch aus dem [&#8230;]\n","protected":false},"featured_media":33200,"template":"","meta":[],"product_brand":[],"product_cat":[21538],"product_tag":[],"class_list":{"0":"post-153935","1":"product","2":"type-product","3":"status-publish","4":"has-post-thumbnail","6":"product_cat-lehrbuecher","7":"pa_autor-kellenberger","8":"pa_erscheinungsjahr-21574","9":"pa_region-survival","10":"pa_sprache-de","12":"first","13":"instock","14":"taxable","15":"shipping-taxable","16":"purchasable","17":"product-type-simple"},"_links":{"self":[{"href":"https:\/\/pizbube.ch\/en\/wp-json\/wp\/v2\/product\/153935","targetHints":{"allow":["GET"]}}],"collection":[{"href":"https:\/\/pizbube.ch\/en\/wp-json\/wp\/v2\/product"}],"about":[{"href":"https:\/\/pizbube.ch\/en\/wp-json\/wp\/v2\/types\/product"}],"wp:featuredmedia":[{"embeddable":true,"href":"https:\/\/pizbube.ch\/en\/wp-json\/wp\/v2\/media\/33200"}],"wp:attachment":[{"href":"https:\/\/pizbube.ch\/en\/wp-json\/wp\/v2\/media?parent=153935"}],"wp:term":[{"taxonomy":"product_brand","embeddable":true,"href":"https:\/\/pizbube.ch\/en\/wp-json\/wp\/v2\/product_brand?post=153935"},{"taxonomy":"product_cat","embeddable":true,"href":"https:\/\/pizbube.ch\/en\/wp-json\/wp\/v2\/product_cat?post=153935"},{"taxonomy":"product_tag","embeddable":true,"href":"https:\/\/pizbube.ch\/en\/wp-json\/wp\/v2\/product_tag?post=153935"}],"curies":[{"name":"wp","href":"https:\/\/api.w.org\/{rel}","templated":true}]}}