{"id":153941,"date":"2021-01-15T12:54:46","date_gmt":"2021-01-15T12:54:46","guid":{"rendered":"https:\/\/codengine3.ch\/?product=import-placeholder-for-207716"},"modified":"2021-01-15T16:06:21","modified_gmt":"2021-01-15T16:06:21","slug":"nous-etions-immortels-manolo-le-magicien-du-rocher","status":"publish","type":"product","link":"https:\/\/pizbube.ch\/en\/shop\/nous-etions-immortels-manolo-le-magicien-du-rocher\/","title":{"rendered":"Nous \u00e9tions immortels &#8211; Manolo, le magicien du rocher"},"content":{"rendered":"<p>\n\u00ab Je n\u2019allais pas en montagne pour mourir, au contraire. J\u2019y allais pour vivre<br \/>\ndans la beaut\u00e9 de la nature, loin des contaminations sociales, des certitudes<br \/>\n\u00e9touffantes et des fausses s\u00e9curit\u00e9s. \u00bb Manolo<\/p>\n<p>Au cours des ann\u00e9es soixante-dix et quatre-vingt, un nom r\u00e9sonne fortement<br \/>\ndans le monde de l\u2019escalade : Manolo, le surnom de Maurizio Zanolla. Non<br \/>\nconformiste, charismatique et transgressif, il est devenu une l\u00e9gende vivante<br \/>\nde l\u2019escalade. Dans Nous \u00e9tions immortels, Maurizio Zanolla d\u00e9crit sa vie en<br \/>\nqu\u00eate d\u2019\u00e9quilibre et comment il a choisi de se mesurer aux parois rocheuses,<br \/>\nen s\u2019affranchissant de tout, jusqu\u2019\u00e0 grimper sans corde, anim\u00e9 par la<br \/>\nconviction que la qualit\u00e9 du voyage est plus importante que l\u2019objectif.<\/p>\n<p>Manolo a \u00e9crit un livre comme un \u00e9crivain, c\u2019est-\u00e0-dire quelqu\u2019un qui raconte<br \/>\nen m\u00ealant des histoires pass\u00e9es et pr\u00e9sentes, li\u00e9es entre elles comme la page<br \/>\npaire et la page impaire. \u00abNous \u00e9tions immortels \u00bb est le plus beau titre que<br \/>\nl\u2019on puisse donner au r\u00e9cit d\u2019une vie pass\u00e9e \u00e0 escalader des rochers de toutes<br \/>\nsortes. Erri de Luca<\/p>\n<p>390 pages<br \/>\nBroch\u00e9 14 x 20,5 cm  <\/p>","protected":false},"excerpt":{"rendered":"<p>\u00ab Je n\u2019allais pas en montagne pour mourir, au contraire. J\u2019y allais pour vivre dans la beaut\u00e9 de la nature, loin des contaminations sociales, des certitudes \u00e9touffantes et des fausses s\u00e9curit\u00e9s. \u00bb Manolo Au cours des ann\u00e9es soixante-dix et quatre-vingt, un nom r\u00e9sonne fortement dans le monde de l\u2019escalade : Manolo, le surnom de Maurizio [&#8230;]\n","protected":false},"featured_media":38243,"template":"","meta":[],"product_brand":[],"product_cat":[21542],"product_tag":[],"class_list":{"0":"post-153941","1":"product","2":"type-product","3":"status-publish","4":"has-post-thumbnail","6":"product_cat-sachbuecher-dokumentationen","7":"pa_autor-zanolla","8":"pa_erscheinungsjahr-21558","9":"pa_region-frankreich","10":"pa_sprache-fr","12":"first","13":"instock","14":"taxable","15":"shipping-taxable","16":"purchasable","17":"product-type-simple"},"_links":{"self":[{"href":"https:\/\/pizbube.ch\/en\/wp-json\/wp\/v2\/product\/153941","targetHints":{"allow":["GET"]}}],"collection":[{"href":"https:\/\/pizbube.ch\/en\/wp-json\/wp\/v2\/product"}],"about":[{"href":"https:\/\/pizbube.ch\/en\/wp-json\/wp\/v2\/types\/product"}],"wp:featuredmedia":[{"embeddable":true,"href":"https:\/\/pizbube.ch\/en\/wp-json\/wp\/v2\/media\/38243"}],"wp:attachment":[{"href":"https:\/\/pizbube.ch\/en\/wp-json\/wp\/v2\/media?parent=153941"}],"wp:term":[{"taxonomy":"product_brand","embeddable":true,"href":"https:\/\/pizbube.ch\/en\/wp-json\/wp\/v2\/product_brand?post=153941"},{"taxonomy":"product_cat","embeddable":true,"href":"https:\/\/pizbube.ch\/en\/wp-json\/wp\/v2\/product_cat?post=153941"},{"taxonomy":"product_tag","embeddable":true,"href":"https:\/\/pizbube.ch\/en\/wp-json\/wp\/v2\/product_tag?post=153941"}],"curies":[{"name":"wp","href":"https:\/\/api.w.org\/{rel}","templated":true}]}}