{"id":153945,"date":"2021-01-15T12:54:46","date_gmt":"2021-01-15T12:54:46","guid":{"rendered":"https:\/\/codengine3.ch\/?product=import-placeholder-for-204786"},"modified":"2021-01-15T14:36:15","modified_gmt":"2021-01-15T14:36:15","slug":"berg-2017-alpenvereinsjahrbuch","status":"publish","type":"product","link":"https:\/\/pizbube.ch\/en\/shop\/berg-2017-alpenvereinsjahrbuch\/","title":{"rendered":"Berg 2017 &#8211; Alpenvereinsjahrbuch"},"content":{"rendered":"<p>BergWelten: Sellrain \/ BergFokus: Wege und Steine  <\/p>\n<p>Das Jahrbuch BERG bietet mit erstklassigen Beitr\u00e4gen namhafter Autoren und<br \/>\nFotografen einen einzigartigen \u00dcberblick \u00fcber die wichtigsten Themen und<br \/>\nTrends aus der Welt der Berge und des Bergsports. Der BergWelten-Schwerpunkt<br \/>\ngilt diesmal dem Tiroler Skitourenparadies Sellrain, eine Region, die auch im<br \/>\nSommer \u00fcberraschend viel zu bieten hat.<\/p>\n<p>Die Rubrik BergFokus stellt mit Wegen und Steigen die alpine Infrastruktur in<br \/>\nden Mittelpunkt. Etwa 55.000 Kilometer Wander- und Bergwege wurden vom<br \/>\nAlpenverein in den Ostalpen geschaffen und sie werden bis heute von DAV, \u00d6AV<br \/>\nund AVS erhalten. Eines steht fest: Ohne die zumeist ehrenamtliche Arbeit der<br \/>\nAlpenvereine g\u00e4be es das \u201eWanderparadies Alpen\u201c nicht. Eine Aufgabe mit<br \/>\nenormen Herausforderungen \u2013 und hohem gesellschaftlichem Nutzen. Aber l\u00e4sst<br \/>\nsich dieses Wegenetz angesichts der Probleme, die z. B. der Klimawandel mit<br \/>\nsich bringt, \u00fcberhaupt noch erhalten? Gibt es ein Recht auf Wege? Und was<br \/>\nmacht eigentlich \u201egutes\u201c Gehen aus? \u2013 Das sind nur einige der Fragen, die sich<br \/>\ndie Autoren dieser Beitr\u00e4ge stellen.<\/p>\n<p>Der Weg als Revier: In der Rubrik BergSteigen geht es u. a. das<br \/>\nKonfliktpotenzials zwischen Wanderern und Mountainbikern. BergMenschen stellt<br \/>\nau\u00dfergew\u00f6hnliche Pers\u00f6nlichkeiten wie z. B. den polnischen Ausnahmebergsteiger<br \/>\nVoytek Kurtyka vor. BergWissen ist u. a. dem Medikamentenmissbrauch beim<br \/>\nH\u00f6henbergsteigen auf der Spur und stellt das wild umstrittene Ruhegebiet<br \/>\nKalkk\u00f6gel vor. In BergKultur erfahren Sie, wie vielstimmig Berge in Pop- und<br \/>\nRockmusik klingen und warum \u201eBergfotograf\u201c J\u00fcrgen Winkler weder Schubladen<br \/>\nnoch Scheuklappen mag.<\/p>","protected":false},"excerpt":{"rendered":"<p>BergWelten: Sellrain \/ BergFokus: Wege und Steine Das Jahrbuch BERG bietet mit erstklassigen Beitr\u00e4gen namhafter Autoren und Fotografen einen einzigartigen \u00dcberblick \u00fcber die wichtigsten Themen und Trends aus der Welt der Berge und des Bergsports. Der BergWelten-Schwerpunkt gilt diesmal dem Tiroler Skitourenparadies Sellrain, eine Region, die auch im Sommer \u00fcberraschend viel zu bieten hat. Die [&#8230;]\n","protected":false},"featured_media":33282,"template":"","meta":[],"product_brand":[],"product_cat":[21542],"product_tag":[],"class_list":{"0":"post-153945","1":"product","2":"type-product","3":"status-publish","4":"has-post-thumbnail","6":"product_cat-sachbuecher-dokumentationen","7":"pa_autor-koehler-dav-oeav","8":"pa_erscheinungsjahr-21571","9":"pa_region-deutschland","10":"pa_sprache-de","12":"first","13":"instock","14":"taxable","15":"shipping-taxable","16":"purchasable","17":"product-type-simple"},"_links":{"self":[{"href":"https:\/\/pizbube.ch\/en\/wp-json\/wp\/v2\/product\/153945","targetHints":{"allow":["GET"]}}],"collection":[{"href":"https:\/\/pizbube.ch\/en\/wp-json\/wp\/v2\/product"}],"about":[{"href":"https:\/\/pizbube.ch\/en\/wp-json\/wp\/v2\/types\/product"}],"wp:featuredmedia":[{"embeddable":true,"href":"https:\/\/pizbube.ch\/en\/wp-json\/wp\/v2\/media\/33282"}],"wp:attachment":[{"href":"https:\/\/pizbube.ch\/en\/wp-json\/wp\/v2\/media?parent=153945"}],"wp:term":[{"taxonomy":"product_brand","embeddable":true,"href":"https:\/\/pizbube.ch\/en\/wp-json\/wp\/v2\/product_brand?post=153945"},{"taxonomy":"product_cat","embeddable":true,"href":"https:\/\/pizbube.ch\/en\/wp-json\/wp\/v2\/product_cat?post=153945"},{"taxonomy":"product_tag","embeddable":true,"href":"https:\/\/pizbube.ch\/en\/wp-json\/wp\/v2\/product_tag?post=153945"}],"curies":[{"name":"wp","href":"https:\/\/api.w.org\/{rel}","templated":true}]}}