{"id":153949,"date":"2021-01-15T12:54:53","date_gmt":"2021-01-15T12:54:53","guid":{"rendered":"https:\/\/codengine3.ch\/?product=import-placeholder-for-205172"},"modified":"2021-01-15T14:39:16","modified_gmt":"2021-01-15T14:39:16","slug":"lawinenunfaelle-in-den-schweizer-alpen-winter-2004-05","status":"publish","type":"product","link":"https:\/\/pizbube.ch\/en\/shop\/lawinenunfaelle-in-den-schweizer-alpen-winter-2004-05\/","title":{"rendered":"Lawinenunf\u00e4lle in den Schweizer Alpen Winter 2004 \/ 05"},"content":{"rendered":"<p>Personen- und Sachsch\u00e4den  <\/p>\n<p>Im Winter 2004\/05 verloren 26 Personen ihr Leben bei Lawinenunf\u00e4llen. In<br \/>\ndiesem Bericht sind die Unf\u00e4lle mit Unterst\u00fctzung von Kartenausschnitten,<br \/>\nBildern und tabellarischen Zusammenfassungen \u00fcber das Wettergeschehen und \u00fcber<br \/>\ndie Lawinen dargestellt.<br \/>\n25 Lawinenunf\u00e4lle aus dem Winter 2004\/05 wurden im vorliegenden Bericht<br \/>\ndetailliert beschrieben. In einer Zusammenfassung sind die wichtigsten<br \/>\nEreignisse und Besonderheiten des Winters beschrieben und auch mit fr\u00fcheren<br \/>\nWintern verglichen. Neben den ausgew\u00e4hlten Beispielen sind alle Unf\u00e4lle in<br \/>\nverschiedenen Tabellen erfasst. Auch viele interessante langj\u00e4hrige<br \/>\nStatistiken &#8211; beispielsweise \u00fcber Hangneigungen, Expositionen,<br \/>\nVersch\u00fcttungsfolgen, Auffindemittel und vieles mehr &#8211; sind im Unfallbericht<br \/>\nenthalten.<br \/>\nWir hoffen, dass sich der Bericht sowohl f\u00fcr das Selbststudium als auch zur<br \/>\nUnterst\u00fctzung f\u00fcr Leiter von Lawinenkursen als n\u00fctzlich erweisen wird.  <\/p>\n<p>118 Seiten, 24 farbige Kartenausschnitte (Hangneigung hinterlegt), viele<br \/>\nBilder, Grafiken und Schneeprofile.  <\/p>","protected":false},"excerpt":{"rendered":"<p>Personen- und Sachsch\u00e4den Im Winter 2004\/05 verloren 26 Personen ihr Leben bei Lawinenunf\u00e4llen. In diesem Bericht sind die Unf\u00e4lle mit Unterst\u00fctzung von Kartenausschnitten, Bildern und tabellarischen Zusammenfassungen \u00fcber das Wettergeschehen und \u00fcber die Lawinen dargestellt. 25 Lawinenunf\u00e4lle aus dem Winter 2004\/05 wurden im vorliegenden Bericht detailliert beschrieben. In einer Zusammenfassung sind die wichtigsten Ereignisse und [&#8230;]\n","protected":false},"featured_media":33800,"template":"","meta":[],"product_brand":[],"product_cat":[21542],"product_tag":[],"class_list":{"0":"post-153949","1":"product","2":"type-product","3":"status-publish","4":"has-post-thumbnail","6":"product_cat-sachbuecher-dokumentationen","7":"pa_autor-slf","8":"pa_erscheinungsjahr-21842","9":"pa_region-alpin-winter","10":"pa_sprache-de","12":"first","13":"instock","14":"taxable","15":"shipping-taxable","16":"purchasable","17":"product-type-simple"},"_links":{"self":[{"href":"https:\/\/pizbube.ch\/en\/wp-json\/wp\/v2\/product\/153949","targetHints":{"allow":["GET"]}}],"collection":[{"href":"https:\/\/pizbube.ch\/en\/wp-json\/wp\/v2\/product"}],"about":[{"href":"https:\/\/pizbube.ch\/en\/wp-json\/wp\/v2\/types\/product"}],"wp:featuredmedia":[{"embeddable":true,"href":"https:\/\/pizbube.ch\/en\/wp-json\/wp\/v2\/media\/33800"}],"wp:attachment":[{"href":"https:\/\/pizbube.ch\/en\/wp-json\/wp\/v2\/media?parent=153949"}],"wp:term":[{"taxonomy":"product_brand","embeddable":true,"href":"https:\/\/pizbube.ch\/en\/wp-json\/wp\/v2\/product_brand?post=153949"},{"taxonomy":"product_cat","embeddable":true,"href":"https:\/\/pizbube.ch\/en\/wp-json\/wp\/v2\/product_cat?post=153949"},{"taxonomy":"product_tag","embeddable":true,"href":"https:\/\/pizbube.ch\/en\/wp-json\/wp\/v2\/product_tag?post=153949"}],"curies":[{"name":"wp","href":"https:\/\/api.w.org\/{rel}","templated":true}]}}